{"id":93,"date":"1999-12-31T16:00:00","date_gmt":"2000-01-01T00:00:00","guid":{"rendered":"http:\/\/caringsunshine.com\/supplements\/NaturesSunshine\/products\/alj-capsules.aspx"},"modified":"2026-04-17T06:50:49","modified_gmt":"2026-04-17T13:50:49","slug":"alj-capsules","status":"publish","type":"product","link":"https:\/\/caringsunshine.com\/es\/supplements\/NaturesSunshine\/products\/alj-capsules.aspx\/","title":{"rendered":"Alergia estacional (antes ALJ)"},"content":{"rendered":"<p>ALJ (Seasonal Allergy) de Nature's Sunshine es un suplemento de hierbas que ayuda a equilibrar las funciones naturales de eliminaci\u00f3n del sistema respiratorio. Las part\u00edculas en el aire est\u00e1n en todas partes. Cuando las part\u00edculas entran en el sistema respiratorio a trav\u00e9s de la nariz o la boca, el cuerpo activa sus mecanismos de limpieza. Como resultado, el sistema inmunitario se pone en funcionamiento. Como resultado, los suplementos de hierbas apoyan un sistema respiratorio saludable que puede resistir el desaf\u00edo de los irritantes inhalados.<\/p>\n<p>Nature's Sunshine ALJ Vegicaps ayuda al cuerpo a limpiar las part\u00edculas potencialmente da\u00f1inas del aire del sistema respiratorio y proporciona apoyo al sistema inmunol\u00f3gico. La mezcla de hierbas en ALJ Vegicaps trabajan juntos para apoyar el cuerpo a medida que cambian las estaciones. La f\u00f3rmula incluye fenogreco y gordolobo, ambas hierbas que contienen muc\u00edlago, que alivia los tejidos. Las otras hierbas que se encuentran en ALJ Vegicaps ayudan a nutrir los pulmones y a limpiar el sistema respiratorio.<\/p>\n<p>Este producto tambi\u00e9n est\u00e1 disponible como <a href=\"https:\/\/caringsunshine.com\/es\/supplements\/NaturesSunshine\/products\/aljvegitabs180.aspx\/\">VegiTabs<\/a> y en <a href=\"https:\/\/caringsunshine.com\/es\/supplements\/NaturesSunshine\/products\/alj-liquid.aspx\/\">forma l\u00edquida<\/a>.<\/p>","protected":false},"excerpt":{"rendered":"<p>100 c\u00e1psulas vegetales<\/p>","protected":false},"featured_media":2830769,"comment_status":"open","ping_status":"closed","template":"","meta":{"_acf_changed":false,"footnotes":""},"product_brand":[],"product_cat":[1,24,29,15,13559,14335,14336,14715,15250,74,91],"product_tag":[],"class_list":{"0":"post-93","1":"product","2":"type-product","3":"status-publish","4":"has-post-thumbnail","6":"product_cat-allergy-immune","7":"product_cat-allergies","8":"product_cat-colon-cleansing","9":"product_cat-herbs","10":"product_cat-ingredient-boneset","11":"product_cat-ingredient-fennel","12":"product_cat-ingredient-fenugreek","13":"product_cat-ingredient-horseradish","14":"product_cat-ingredient-mullein","15":"product_cat-respiratory-support","16":"product_cat-respiratory","18":"first","19":"instock","20":"sale","21":"featured","22":"taxable","23":"shipping-taxable","24":"purchasable","25":"product-type-simple"},"group_of_quantity":0,"min_quantity":0,"max_quantity":12,"exclude_order_quantity_value_rules":"no","exclude_category_quantity_rules":"no","combine_variations":"no","acf":[],"_links":{"self":[{"href":"https:\/\/caringsunshine.com\/es\/wp-json\/wp\/v2\/product\/93","targetHints":{"allow":["GET"]}}],"collection":[{"href":"https:\/\/caringsunshine.com\/es\/wp-json\/wp\/v2\/product"}],"about":[{"href":"https:\/\/caringsunshine.com\/es\/wp-json\/wp\/v2\/types\/product"}],"replies":[{"embeddable":true,"href":"https:\/\/caringsunshine.com\/es\/wp-json\/wp\/v2\/comments?post=93"}],"version-history":[{"count":2,"href":"https:\/\/caringsunshine.com\/es\/wp-json\/wp\/v2\/product\/93\/revisions"}],"predecessor-version":[{"id":3122712,"href":"https:\/\/caringsunshine.com\/es\/wp-json\/wp\/v2\/product\/93\/revisions\/3122712"}],"wp:featuredmedia":[{"embeddable":true,"href":"https:\/\/caringsunshine.com\/es\/wp-json\/wp\/v2\/media\/2830769"}],"wp:attachment":[{"href":"https:\/\/caringsunshine.com\/es\/wp-json\/wp\/v2\/media?parent=93"}],"wp:term":[{"taxonomy":"product_brand","embeddable":true,"href":"https:\/\/caringsunshine.com\/es\/wp-json\/wp\/v2\/product_brand?post=93"},{"taxonomy":"product_cat","embeddable":true,"href":"https:\/\/caringsunshine.com\/es\/wp-json\/wp\/v2\/product_cat?post=93"},{"taxonomy":"product_tag","embeddable":true,"href":"https:\/\/caringsunshine.com\/es\/wp-json\/wp\/v2\/product_tag?post=93"}],"curies":[{"name":"wp","href":"https:\/\/api.w.org\/{rel}","templated":true}]}}