{"id":92,"date":"1999-12-31T16:00:00","date_gmt":"2000-01-01T00:00:00","guid":{"rendered":"http:\/\/caringsunshine.com\/supplements\/NaturesSunshine\/products\/5-w.aspx"},"modified":"2026-04-30T07:06:07","modified_gmt":"2026-04-30T14:06:07","slug":"5-w","status":"publish","type":"product","link":"https:\/\/caringsunshine.com\/es\/supplements\/NaturesSunshine\/products\/5-w.aspx\/","title":{"rendered":"5-W"},"content":{"rendered":"<p>La mezcla de hierbas Nature's Sunshine 5-W proporciona un apoyo nutricional clave para la salud reproductiva femenina. Especialmente dise\u00f1ada con minerales esenciales que se encuentran de forma natural en las plantas, mejora la vitalidad y apoya la salud de los tejidos. Tambi\u00e9n proporciona nutrientes esenciales para el sistema reproductor femenino. M\u00e1s espec\u00edfico, las hierbas de Nature's Sunshine 5-W ayudan a tonificar el \u00fatero y a apoyar la circulaci\u00f3n.<\/p>","protected":false},"excerpt":{"rendered":"<p>100 c\u00e1psulas<\/p>","protected":false},"featured_media":2833315,"comment_status":"open","ping_status":"closed","template":"","meta":{"_acf_changed":false,"footnotes":""},"product_brand":[],"product_cat":[15,48,13512,13630,14179,15688,15954,23,86,82],"product_tag":[],"class_list":{"0":"post-92","1":"product","2":"type-product","3":"status-publish","4":"has-post-thumbnail","6":"product_cat-herbs","7":"product_cat-pregnancy","8":"product_cat-ingredient-black-cohosh","9":"product_cat-ingredient-butchers-broom","10":"product_cat-ingredient-dong-quai-root","11":"product_cat-ingredient-raspberry","12":"product_cat-ingredient-squawvine","13":"product_cat-womens-health","14":"product_cat-glandular","15":"product_cat-ayurvedic-herbs","17":"first","18":"instock","19":"sale","20":"taxable","21":"shipping-taxable","22":"purchasable","23":"product-type-simple"},"group_of_quantity":0,"min_quantity":0,"max_quantity":12,"exclude_order_quantity_value_rules":"no","exclude_category_quantity_rules":"no","combine_variations":"no","acf":[],"_links":{"self":[{"href":"https:\/\/caringsunshine.com\/es\/wp-json\/wp\/v2\/product\/92","targetHints":{"allow":["GET"]}}],"collection":[{"href":"https:\/\/caringsunshine.com\/es\/wp-json\/wp\/v2\/product"}],"about":[{"href":"https:\/\/caringsunshine.com\/es\/wp-json\/wp\/v2\/types\/product"}],"replies":[{"embeddable":true,"href":"https:\/\/caringsunshine.com\/es\/wp-json\/wp\/v2\/comments?post=92"}],"version-history":[{"count":1,"href":"https:\/\/caringsunshine.com\/es\/wp-json\/wp\/v2\/product\/92\/revisions"}],"predecessor-version":[{"id":3640769,"href":"https:\/\/caringsunshine.com\/es\/wp-json\/wp\/v2\/product\/92\/revisions\/3640769"}],"wp:featuredmedia":[{"embeddable":true,"href":"https:\/\/caringsunshine.com\/es\/wp-json\/wp\/v2\/media\/2833315"}],"wp:attachment":[{"href":"https:\/\/caringsunshine.com\/es\/wp-json\/wp\/v2\/media?parent=92"}],"wp:term":[{"taxonomy":"product_brand","embeddable":true,"href":"https:\/\/caringsunshine.com\/es\/wp-json\/wp\/v2\/product_brand?post=92"},{"taxonomy":"product_cat","embeddable":true,"href":"https:\/\/caringsunshine.com\/es\/wp-json\/wp\/v2\/product_cat?post=92"},{"taxonomy":"product_tag","embeddable":true,"href":"https:\/\/caringsunshine.com\/es\/wp-json\/wp\/v2\/product_tag?post=92"}],"curies":[{"name":"wp","href":"https:\/\/api.w.org\/{rel}","templated":true}]}}