{"id":91,"date":"1999-12-31T16:00:00","date_gmt":"2000-01-01T00:00:00","guid":{"rendered":"http:\/\/caringsunshine.com\/supplements\/NaturesSunshine\/products\/psyllium-hulls-combination.aspx"},"modified":"2026-04-18T01:05:33","modified_gmt":"2026-04-18T08:05:33","slug":"psyllium-hulls-combination","status":"publish","type":"product","link":"https:\/\/caringsunshine.com\/es\/supplements\/NaturesSunshine\/products\/psyllium-hulls-combination.aspx\/","title":{"rendered":"Combo de cascos de psilio"},"content":{"rendered":"<p>Psyllium Hulls Combination de Nature's Sunshine est\u00e1 especialmente formulada para apoyar la funci\u00f3n intestinal y el sistema digestivo. Las c\u00e1scaras de psilio, que son capaces de absorber grandes cantidades de l\u00edquido, tienen un alto contenido de fibra mucilaginosa que ayuda a calmar y limpiar el intestino. El psilio tiene beneficios adicionales para el colesterol y el sistema cardiovascular.<\/p>\n<p>La flor de hibisco, otro ingrediente clave de este producto, es rica en antioxidantes que favorecen el sistema digestivo y ayudan a mantener niveles saludables de colesterol.<\/p>\n<p>Psyllium Hulls Combination tambi\u00e9n contiene ra\u00edz de regaliz, utilizada para aliviar el estre\u00f1imiento y la inflamaci\u00f3n.<\/p>\n<p>Estos tres ingredientes de Psyllium Hulls Combination alivian y limpian el sistema digestivo, eliminan las toxinas del cuerpo, y ayudan a mantener un colesterol saludable.<\/p>\n<p>Las personas sensibles al psilio pueden experimentar una reacci\u00f3n al\u00e9rgica y deben evitar este producto.<\/p>","protected":false},"excerpt":{"rendered":"<p>11 oz de polvo<\/p>","protected":false},"featured_media":2930914,"comment_status":"open","ping_status":"closed","template":"","meta":{"_acf_changed":false,"footnotes":""},"product_brand":[],"product_cat":[9,8,29,42,14686,15021,15633,85,81],"product_tag":[],"class_list":{"0":"post-91","1":"product","2":"type-product","3":"status-publish","4":"has-post-thumbnail","6":"product_cat-digestive-health","7":"product_cat-cholesterol","8":"product_cat-colon-cleansing","9":"product_cat-daily-fiber","10":"product_cat-ingredient-hibiscus","11":"product_cat-ingredient-licorice-root","12":"product_cat-ingredient-psyllium","13":"product_cat-digestive","14":"product_cat-bulk-herbs","16":"first","17":"instock","18":"sale","19":"taxable","20":"shipping-taxable","21":"purchasable","22":"product-type-simple"},"group_of_quantity":0,"min_quantity":0,"max_quantity":12,"exclude_order_quantity_value_rules":"no","exclude_category_quantity_rules":"no","combine_variations":"no","acf":[],"_links":{"self":[{"href":"https:\/\/caringsunshine.com\/es\/wp-json\/wp\/v2\/product\/91","targetHints":{"allow":["GET"]}}],"collection":[{"href":"https:\/\/caringsunshine.com\/es\/wp-json\/wp\/v2\/product"}],"about":[{"href":"https:\/\/caringsunshine.com\/es\/wp-json\/wp\/v2\/types\/product"}],"replies":[{"embeddable":true,"href":"https:\/\/caringsunshine.com\/es\/wp-json\/wp\/v2\/comments?post=91"}],"version-history":[{"count":1,"href":"https:\/\/caringsunshine.com\/es\/wp-json\/wp\/v2\/product\/91\/revisions"}],"predecessor-version":[{"id":3650639,"href":"https:\/\/caringsunshine.com\/es\/wp-json\/wp\/v2\/product\/91\/revisions\/3650639"}],"wp:featuredmedia":[{"embeddable":true,"href":"https:\/\/caringsunshine.com\/es\/wp-json\/wp\/v2\/media\/2930914"}],"wp:attachment":[{"href":"https:\/\/caringsunshine.com\/es\/wp-json\/wp\/v2\/media?parent=91"}],"wp:term":[{"taxonomy":"product_brand","embeddable":true,"href":"https:\/\/caringsunshine.com\/es\/wp-json\/wp\/v2\/product_brand?post=91"},{"taxonomy":"product_cat","embeddable":true,"href":"https:\/\/caringsunshine.com\/es\/wp-json\/wp\/v2\/product_cat?post=91"},{"taxonomy":"product_tag","embeddable":true,"href":"https:\/\/caringsunshine.com\/es\/wp-json\/wp\/v2\/product_tag?post=91"}],"curies":[{"name":"wp","href":"https:\/\/api.w.org\/{rel}","templated":true}]}}