{"id":8838,"date":"2016-07-08T05:40:37","date_gmt":"2016-07-08T10:40:37","guid":{"rendered":"http:\/\/www.caringsunshine.com\/supplements\/NaturesSunshine\/products\/vsc-100.aspx"},"modified":"2026-04-17T01:02:26","modified_gmt":"2026-04-17T08:02:26","slug":"vsc-100","status":"publish","type":"product","link":"https:\/\/caringsunshine.com\/es\/supplements\/NaturesSunshine\/products\/vsc-100.aspx\/","title":{"rendered":"VS-C"},"content":{"rendered":"<p>Seg\u00fan la filosof\u00eda oriental, la vida nos permite trabajar con lo que tenemos aqu\u00ed y ahora en la tierra\u2013el cuerpo y la mente\u2013para recuperar y mantener la energ\u00eda y el esp\u00edritu innatos que residen dentro de nosotros. La energ\u00eda y el esp\u00edritu deben ser despertados, nutridos, y equilibrados para que la vida florezca. La filosof\u00eda de la Medicina Tradicional China nombra cinco Energ\u00edas distintas que permean el cuerpo: Fuego, Tierra, Metal, Agua, y Madera. Para sentirse en la mejor forma, estas energ\u00edas deben estar equilibrado.<\/p>\n<p>\u00c9sta es una combinaci\u00f3n exclusiva de Nature\u2019s Sunshine de apoyo inmunol\u00f3gico, descrita por los herbolarios chinos como una f\u00f3rmula que \u201caumenta la condici\u00f3n metal\u201d de la persona. Pulmones saludables y un flujo de aire sin impedimentos forman una \u00f3ptima constituci\u00f3n \u201cmetal\u201d.<\/p>\n<p>VS-C tambi\u00e9n est\u00e1 disponible de forma l\u00edquida <a href=\"https:\/\/caringsunshine.com\/es\/supplements\/NaturesSunshine\/products\/vsc-liquid.aspx\/\">(VS-C - 2 fl. oz.)<\/a> y una mezcla altamente concentrada: <a href=\"https:\/\/caringsunshine.com\/es\/supplements\/NaturesSunshine\/products\/vsc-tcm.aspx\/\">VS-C TCM (30 c\u00e1psulas)<\/a>. Para obtener m\u00e1s informaci\u00f3n sobre el concentrado de TCM, veer a <a href=\"https:\/\/caringsunshine.com\/es\/tcm-mean-natures-sunshine-product-line\/\">\u00bfPor qu\u00e9 TCM?<\/a><\/p>","protected":false},"excerpt":{"rendered":"<p>100 c\u00e1psulas vegetales<\/p>","protected":false},"featured_media":2887486,"comment_status":"open","ping_status":"closed","template":"","meta":{"_acf_changed":false,"footnotes":""},"product_brand":[],"product_cat":[1,29,26,13345,13625,13753,14060,14514,14780,15021,15444,15658,26258,16153],"product_tag":[],"class_list":{"0":"post-8838","1":"product","2":"type-product","3":"status-publish","4":"has-post-thumbnail","6":"product_cat-allergy-immune","7":"product_cat-colon-cleansing","8":"product_cat-cold-flu","9":"product_cat-ingredient-assam-indigo","10":"product_cat-ingredient-bupleurum-falcatum","11":"product_cat-ingredient-cassia-bark","12":"product_cat-ingredient-dandelion","13":"product_cat-ingredient-ginseng","14":"product_cat-ingredient-indigo-leaves","15":"product_cat-ingredient-licorice-root","16":"product_cat-ingredient-pennycress","17":"product_cat-ingredient-purslane","18":"product_cat-ingredient-scute-root","19":"product_cat-ingredient-typhonium","21":"first","22":"instock","23":"sale","24":"featured","25":"taxable","26":"shipping-taxable","27":"purchasable","28":"product-type-simple"},"group_of_quantity":0,"min_quantity":0,"max_quantity":12,"exclude_order_quantity_value_rules":"no","exclude_category_quantity_rules":"no","combine_variations":"no","acf":[],"_links":{"self":[{"href":"https:\/\/caringsunshine.com\/es\/wp-json\/wp\/v2\/product\/8838","targetHints":{"allow":["GET"]}}],"collection":[{"href":"https:\/\/caringsunshine.com\/es\/wp-json\/wp\/v2\/product"}],"about":[{"href":"https:\/\/caringsunshine.com\/es\/wp-json\/wp\/v2\/types\/product"}],"replies":[{"embeddable":true,"href":"https:\/\/caringsunshine.com\/es\/wp-json\/wp\/v2\/comments?post=8838"}],"version-history":[{"count":2,"href":"https:\/\/caringsunshine.com\/es\/wp-json\/wp\/v2\/product\/8838\/revisions"}],"predecessor-version":[{"id":3378252,"href":"https:\/\/caringsunshine.com\/es\/wp-json\/wp\/v2\/product\/8838\/revisions\/3378252"}],"wp:featuredmedia":[{"embeddable":true,"href":"https:\/\/caringsunshine.com\/es\/wp-json\/wp\/v2\/media\/2887486"}],"wp:attachment":[{"href":"https:\/\/caringsunshine.com\/es\/wp-json\/wp\/v2\/media?parent=8838"}],"wp:term":[{"taxonomy":"product_brand","embeddable":true,"href":"https:\/\/caringsunshine.com\/es\/wp-json\/wp\/v2\/product_brand?post=8838"},{"taxonomy":"product_cat","embeddable":true,"href":"https:\/\/caringsunshine.com\/es\/wp-json\/wp\/v2\/product_cat?post=8838"},{"taxonomy":"product_tag","embeddable":true,"href":"https:\/\/caringsunshine.com\/es\/wp-json\/wp\/v2\/product_tag?post=8838"}],"curies":[{"name":"wp","href":"https:\/\/api.w.org\/{rel}","templated":true}]}}