{"id":865928,"date":"2019-10-26T19:06:26","date_gmt":"2019-10-27T02:06:26","guid":{"rendered":"https:\/\/caringsunshine.com\/?post_type=product&#038;p=865928"},"modified":"2026-04-18T00:34:42","modified_gmt":"2026-04-18T07:34:42","slug":"natures-noni-2","status":"publish","type":"product","link":"https:\/\/caringsunshine.com\/es\/supplements\/NaturesSunshine\/products\/natures-noni-2.aspx\/","title":{"rendered":"Nature's Noni (DISCONTINUADO)"},"content":{"rendered":"<p>El jugo de Noni\u00ae de Nature's Sunshine combina los fitonutrientes y los antioxidantes. Est\u00e1 hecho del jugo de fruta de <em>Morinda citrifolia<\/em> . La f\u00f3rmula protege el cuerpo de los da\u00f1os causados por los radicales libres y apoya la piel y el sistema estructural. Nature's Noni tambi\u00e9n fomenta una sensaci\u00f3n general de bienestar.<\/p>\n<p>Nature's Noni incluye el jugo de fruta de <em>Morinda citrifolia<\/em> mezclado con sabores naturales para ofrecer un sabor tropical. La formula no contiene ning\u00fan preservativo.<\/p>\n<p>N\u00daMERO DE INVENTARIO: 4066-7<\/p>","protected":false},"excerpt":{"rendered":"<p>16 fl oz<\/p>","protected":false},"featured_media":3276007,"comment_status":"open","ping_status":"closed","template":"","meta":{"_acf_changed":false,"footnotes":""},"product_brand":[],"product_cat":[1,2,17,13889,14610,15111,15228,15431,15434,15525,26130],"product_tag":[3100,146],"class_list":{"0":"post-865928","1":"product","2":"type-product","3":"status-publish","4":"has-post-thumbnail","6":"product_cat-allergy-immune","7":"product_cat-antioxidants","8":"product_cat-liquid-products","9":"product_cat-ingredient-citric-acid","10":"product_cat-ingredient-grape","11":"product_cat-ingredient-malic-acid","12":"product_cat-ingredient-morinda","13":"product_cat-ingredient-peach","14":"product_cat-ingredient-pear","15":"product_cat-ingredient-pineapple","16":"product_cat-ingredient-red-grape","17":"product_tag-non-gmo","18":"product_tag-organic","20":"first","21":"outofstock","22":"sale","23":"taxable","24":"shipping-taxable","25":"purchasable","26":"product-type-simple"},"group_of_quantity":0,"min_quantity":0,"max_quantity":12,"exclude_order_quantity_value_rules":"no","exclude_category_quantity_rules":"no","combine_variations":"no","acf":[],"_links":{"self":[{"href":"https:\/\/caringsunshine.com\/es\/wp-json\/wp\/v2\/product\/865928","targetHints":{"allow":["GET"]}}],"collection":[{"href":"https:\/\/caringsunshine.com\/es\/wp-json\/wp\/v2\/product"}],"about":[{"href":"https:\/\/caringsunshine.com\/es\/wp-json\/wp\/v2\/types\/product"}],"replies":[{"embeddable":true,"href":"https:\/\/caringsunshine.com\/es\/wp-json\/wp\/v2\/comments?post=865928"}],"version-history":[{"count":2,"href":"https:\/\/caringsunshine.com\/es\/wp-json\/wp\/v2\/product\/865928\/revisions"}],"predecessor-version":[{"id":3339237,"href":"https:\/\/caringsunshine.com\/es\/wp-json\/wp\/v2\/product\/865928\/revisions\/3339237"}],"wp:featuredmedia":[{"embeddable":true,"href":"https:\/\/caringsunshine.com\/es\/wp-json\/wp\/v2\/media\/3276007"}],"wp:attachment":[{"href":"https:\/\/caringsunshine.com\/es\/wp-json\/wp\/v2\/media?parent=865928"}],"wp:term":[{"taxonomy":"product_brand","embeddable":true,"href":"https:\/\/caringsunshine.com\/es\/wp-json\/wp\/v2\/product_brand?post=865928"},{"taxonomy":"product_cat","embeddable":true,"href":"https:\/\/caringsunshine.com\/es\/wp-json\/wp\/v2\/product_cat?post=865928"},{"taxonomy":"product_tag","embeddable":true,"href":"https:\/\/caringsunshine.com\/es\/wp-json\/wp\/v2\/product_tag?post=865928"}],"curies":[{"name":"wp","href":"https:\/\/api.w.org\/{rel}","templated":true}]}}