{"id":865893,"date":"2019-10-26T18:00:54","date_gmt":"2019-10-27T01:00:54","guid":{"rendered":"https:\/\/caringsunshine.com\/?post_type=product&#038;p=865893"},"modified":"2026-04-30T21:04:55","modified_gmt":"2026-05-01T04:04:55","slug":"lbs-ii","status":"publish","type":"product","link":"https:\/\/caringsunshine.com\/es\/supplements\/NaturesSunshine\/products\/lbs-ii.aspx\/","title":{"rendered":"Estimulador de la parte inferior del intestino (antes LBS II)"},"content":{"rendered":"<p>LBS II de Nature's Sunshine fomenta la salud intestinal y digestiva \u00f3ptima mientras ayuda a limpiar los intestinos y el colon. Esta f\u00f3rmula natural contiene ra\u00edz de regaliz, c\u00e1scara sagrada, y espino cerval para ayudar el cuerpo a regular el suave paso de los productos de desecho y estimular los intestinos para mejorar la regularidad. La fibra en la f\u00f3rmula de Nature's Sunshine LBS II ayuda a limpiar el sistema digestivo, mientras que el pimiento (capsicum) promueve la eliminaci\u00f3n y la circulaci\u00f3n. La ra\u00edz de jengibre ayuda a apoyar la digesti\u00f3n y calmar las n\u00e1useas. Adem\u00e1s, tiene un efecto calmante en todo el tracto digestivo. Las hierbas adicionales nutren a\u00fan m\u00e1s el sistema digestivo durante el proceso de limpieza. La f\u00f3rmula \u00fanica funciona con suavidad y eficiencia para mejorar la digesti\u00f3n y la eliminaci\u00f3n correcta de desechos. Se ha convertido en uno de los productos de Nature's Sunshine m\u00e1s populares.<\/p>\n<p>Este producto tambi\u00e9n est\u00e1 disponible en <a href=\"https:\/\/caringsunshine.com\/es\/supplements\/NaturesSunshine\/products\/lbs-ii-vegitabs.aspx\/\">VegiTabs<\/a>.<\/p>","protected":false},"excerpt":{"rendered":"<p>100 VeggieCaps<\/p>","protected":false},"featured_media":3368014,"comment_status":"open","ping_status":"closed","template":"","meta":{"_acf_changed":false,"footnotes":""},"product_brand":[],"product_cat":[9,29,15,30,13614,13708,13746,14506,15021,15359,15694,15721,85,89],"product_tag":[],"class_list":{"0":"post-865893","1":"product","2":"type-product","3":"status-publish","4":"has-post-thumbnail","6":"product_cat-digestive-health","7":"product_cat-colon-cleansing","8":"product_cat-herbs","9":"product_cat-natural-laxatives","10":"product_cat-ingredient-buckthorn","11":"product_cat-ingredient-capsicum","12":"product_cat-ingredient-cascara-sagrada","13":"product_cat-ingredient-ginger","14":"product_cat-ingredient-licorice-root","15":"product_cat-ingredient-oregon-grape","16":"product_cat-ingredient-red-clover","17":"product_cat-ingredient-rhubarb-root","18":"product_cat-digestive","19":"product_cat-intestinal","21":"first","22":"instock","23":"sale","24":"featured","25":"taxable","26":"shipping-taxable","27":"purchasable","28":"product-type-simple"},"group_of_quantity":0,"min_quantity":0,"max_quantity":12,"exclude_order_quantity_value_rules":"no","exclude_category_quantity_rules":"no","combine_variations":"no","acf":[],"_links":{"self":[{"href":"https:\/\/caringsunshine.com\/es\/wp-json\/wp\/v2\/product\/865893","targetHints":{"allow":["GET"]}}],"collection":[{"href":"https:\/\/caringsunshine.com\/es\/wp-json\/wp\/v2\/product"}],"about":[{"href":"https:\/\/caringsunshine.com\/es\/wp-json\/wp\/v2\/types\/product"}],"replies":[{"embeddable":true,"href":"https:\/\/caringsunshine.com\/es\/wp-json\/wp\/v2\/comments?post=865893"}],"version-history":[{"count":4,"href":"https:\/\/caringsunshine.com\/es\/wp-json\/wp\/v2\/product\/865893\/revisions"}],"predecessor-version":[{"id":3613287,"href":"https:\/\/caringsunshine.com\/es\/wp-json\/wp\/v2\/product\/865893\/revisions\/3613287"}],"wp:featuredmedia":[{"embeddable":true,"href":"https:\/\/caringsunshine.com\/es\/wp-json\/wp\/v2\/media\/3368014"}],"wp:attachment":[{"href":"https:\/\/caringsunshine.com\/es\/wp-json\/wp\/v2\/media?parent=865893"}],"wp:term":[{"taxonomy":"product_brand","embeddable":true,"href":"https:\/\/caringsunshine.com\/es\/wp-json\/wp\/v2\/product_brand?post=865893"},{"taxonomy":"product_cat","embeddable":true,"href":"https:\/\/caringsunshine.com\/es\/wp-json\/wp\/v2\/product_cat?post=865893"},{"taxonomy":"product_tag","embeddable":true,"href":"https:\/\/caringsunshine.com\/es\/wp-json\/wp\/v2\/product_tag?post=865893"}],"curies":[{"name":"wp","href":"https:\/\/api.w.org\/{rel}","templated":true}]}}