{"id":8302,"date":"2016-05-18T06:46:42","date_gmt":"2016-05-18T13:46:42","guid":{"rendered":"http:\/\/www.caringsunshine.com\/supplements\/NaturesSunshine\/products\/PURITY-Refreshing-Blend.aspx"},"modified":"2026-04-30T00:34:18","modified_gmt":"2026-04-30T07:34:18","slug":"purity-refreshing-blend","status":"publish","type":"product","link":"https:\/\/caringsunshine.com\/es\/supplements\/NaturesSunshine\/products\/purity-refreshing-blend.aspx\/","title":{"rendered":"PURITY Mezcla Refrescante (DISCONTINUADA)"},"content":{"rendered":"<p>Como una dulce brisa primaveral, la Mezcla Refrescante PURITY a\u00f1ade una r\u00e1faga de frescura a cualquier habitaci\u00f3n. Con un toque de cidro, madera, y flores, PURITY es un gran complemento para la limpieza del hogar. O simplemente difundarlo en una habitaci\u00f3n congestionada para revivir y vigorizarlo.<\/p>\n<h4>Ingredientes:<\/h4>\n<p>100% aceites esenciales puros de hoja de Tsuga canadensis (Picea), de fruto entero de Citrus x limon (Lim\u00f3n), de c\u00e1scara de Citrus x aurantifolia (Lima), de sumidad florida de Lavandula x intermedia (Lavand\u00edn), de hoja de Melaleuca alternifolia (\u00c1rbol del t\u00e9), de hoja de Cymbopogon citratus (Hierba de lim\u00f3n), de hoja de Cymbopogon nardus (Citronela), de hoja y flor de Mentha piperita (Menta piperita).<\/p>\n<h4>Uso recomendado:<\/h4>\n<p>Los aceites esenciales se pueden utilizar de forma arom\u00e1tica o t\u00f3pica en una variedad de formas, incluyendo difusores, masajes, compresas, ba\u00f1os, exfoliantes, lociones, y sprays. Los aceites esenciales deben diluirse con el aceite de masaje (Massage Oil) o el aceite portador (Carrier Oil) de Nature's Sunshine antes de ser aplicados t\u00f3picamente.<\/p>","protected":false},"excerpt":{"rendered":"<p>15 ml<\/p>","protected":false},"featured_media":3262076,"comment_status":"open","ping_status":"closed","template":"","meta":{"_acf_changed":false,"footnotes":""},"product_brand":[],"product_cat":[118],"product_tag":[],"class_list":{"0":"post-8302","1":"product","2":"type-product","3":"status-publish","4":"has-post-thumbnail","6":"product_cat-uncategorized","8":"first","9":"outofstock","10":"sale","11":"taxable","12":"shipping-taxable","13":"purchasable","14":"product-type-simple"},"group_of_quantity":0,"min_quantity":0,"max_quantity":12,"exclude_order_quantity_value_rules":"no","exclude_category_quantity_rules":"no","combine_variations":"no","acf":[],"_links":{"self":[{"href":"https:\/\/caringsunshine.com\/es\/wp-json\/wp\/v2\/product\/8302","targetHints":{"allow":["GET"]}}],"collection":[{"href":"https:\/\/caringsunshine.com\/es\/wp-json\/wp\/v2\/product"}],"about":[{"href":"https:\/\/caringsunshine.com\/es\/wp-json\/wp\/v2\/types\/product"}],"replies":[{"embeddable":true,"href":"https:\/\/caringsunshine.com\/es\/wp-json\/wp\/v2\/comments?post=8302"}],"version-history":[{"count":2,"href":"https:\/\/caringsunshine.com\/es\/wp-json\/wp\/v2\/product\/8302\/revisions"}],"predecessor-version":[{"id":3339398,"href":"https:\/\/caringsunshine.com\/es\/wp-json\/wp\/v2\/product\/8302\/revisions\/3339398"}],"wp:featuredmedia":[{"embeddable":true,"href":"https:\/\/caringsunshine.com\/es\/wp-json\/wp\/v2\/media\/3262076"}],"wp:attachment":[{"href":"https:\/\/caringsunshine.com\/es\/wp-json\/wp\/v2\/media?parent=8302"}],"wp:term":[{"taxonomy":"product_brand","embeddable":true,"href":"https:\/\/caringsunshine.com\/es\/wp-json\/wp\/v2\/product_brand?post=8302"},{"taxonomy":"product_cat","embeddable":true,"href":"https:\/\/caringsunshine.com\/es\/wp-json\/wp\/v2\/product_cat?post=8302"},{"taxonomy":"product_tag","embeddable":true,"href":"https:\/\/caringsunshine.com\/es\/wp-json\/wp\/v2\/product_tag?post=8302"}],"curies":[{"name":"wp","href":"https:\/\/api.w.org\/{rel}","templated":true}]}}