{"id":8296,"date":"2016-05-18T01:41:03","date_gmt":"2016-05-18T08:41:03","guid":{"rendered":"http:\/\/www.caringsunshine.com\/supplements\/NaturesSunshine\/products\/inform-protein-shake-pea.aspx"},"modified":"2026-05-02T01:07:21","modified_gmt":"2026-05-02T08:07:21","slug":"inform-protein-shake-pea","status":"publish","type":"product","link":"https:\/\/caringsunshine.com\/es\/supplements\/NaturesSunshine\/products\/inform-protein-shake-pea.aspx\/","title":{"rendered":"Batido de prote\u00ednas IN.FORM (guisante) (DESCONTINUADO)"},"content":{"rendered":"<p>El Batido de Prote\u00edna de Guisante de Apoyo a la Edad Metab\u00f3lica de IN.FORM combina fitosteroles\u1d7b, saludables para el coraz\u00f3n, con aislado de prote\u00edna de guisante vegano de alta calidad en una f\u00f3rmula \u00fanica que no contiene al\u00e9rgenos comunes.*<\/p>\n<p>Cada porci\u00f3n aporta 20 gramos de prote\u00ednas, 2 gramos de fitoesteroles, adem\u00e1s de fibra diet\u00e9tica y vitaminas y minerales esenciales.<\/p>\n<p>El Batido de Apoyo a la Edad Metab\u00f3lica IN.FORM es la piedra angular conveniente, sabrosa y satisfactoria del sistema IN.FORM, pendiente de patente y cl\u00ednicamente estudiado, que utiliza el poder del microbioma intestinal para apoyar la salud cardiometab\u00f3lica y una edad metab\u00f3lica saludable.*<\/p>\n<h4>Ingredientes:<\/h4>\n<p>Aislado de prote\u00edna de guisante, fructosa, inulina, aceite de girasol, goma ar\u00e1biga, fitoesteroles, aromas naturales, fosfato tric\u00e1lcico, triglic\u00e9ridos de cadena media, fibra de guisante, semilla de lino, prote\u00edna de arroz, fibra de bamb\u00fa, salvado de arroz, mezcla de gomas (goma guar, goma xantana, carragenina), citrato de potasio, citrato de sodio, \u00f3xido de magnesio, sal marina, zanahoria, extracto de stevia, mezcla de enzimas proteol\u00edticas, br\u00f3coli, ar\u00e1ndanos, extracto de semilla de uva, jud\u00eda negra, ar\u00e1ndanos, aceite de borraja, \u00e1cido asc\u00f3rbico, d-alfa tocoferol, citrato de zinc, niacinamida, selenato de sodio, luo han guo, biotina, fumarato ferroso, jud\u00eda adzuki, palmitato de vitamina A, citrato de manganeso, pantotenato d-calcio, nicotinato de cromo, yoduro de potasio, granada, citrato de cobre, \u00e1cido f\u00f3lico, clorhidrato de piridoxina, clorhidrato de tiamina, riboflavina, ergocalciferol, betaglucanos, garbanzos, extracto de piel de uva, cianocobalamina.<\/p>\n<h4>Uso recomendado:<\/h4>\n<p>Mezcle dos cucharadas rasas (51g) con aproximadamente 9 onzas de agua fr\u00eda, o mezcle al gusto. Para experimentar todos los beneficios y el \u00e9xito dram\u00e1tico que el programa IN.FORM tiene para ofrecer, \u00fasalo como parte de la l\u00ednea completa de productos IN.FORM Metabolic Age Support, incluyendo el Cardio Kit, la Berberina y los productos Probi\u00f3ticos.<\/p>","protected":false},"excerpt":{"rendered":"<p>M\u00faltiples opciones<\/p>","protected":false},"featured_media":8327,"comment_status":"open","ping_status":"closed","template":"","meta":{"_acf_changed":false,"footnotes":""},"product_brand":[],"product_cat":[118],"product_tag":[],"class_list":{"0":"post-8296","1":"product","2":"type-product","3":"status-publish","4":"has-post-thumbnail","6":"product_cat-uncategorized","8":"first","9":"outofstock","10":"sale","11":"taxable","12":"shipping-taxable","13":"purchasable","14":"product-type-variable"},"group_of_quantity":0,"min_quantity":0,"max_quantity":12,"exclude_order_quantity_value_rules":"no","exclude_category_quantity_rules":"no","combine_variations":"no","acf":[],"_links":{"self":[{"href":"https:\/\/caringsunshine.com\/es\/wp-json\/wp\/v2\/product\/8296","targetHints":{"allow":["GET"]}}],"collection":[{"href":"https:\/\/caringsunshine.com\/es\/wp-json\/wp\/v2\/product"}],"about":[{"href":"https:\/\/caringsunshine.com\/es\/wp-json\/wp\/v2\/types\/product"}],"replies":[{"embeddable":true,"href":"https:\/\/caringsunshine.com\/es\/wp-json\/wp\/v2\/comments?post=8296"}],"version-history":[{"count":1,"href":"https:\/\/caringsunshine.com\/es\/wp-json\/wp\/v2\/product\/8296\/revisions"}],"predecessor-version":[{"id":2953932,"href":"https:\/\/caringsunshine.com\/es\/wp-json\/wp\/v2\/product\/8296\/revisions\/2953932"}],"wp:featuredmedia":[{"embeddable":true,"href":"https:\/\/caringsunshine.com\/es\/wp-json\/wp\/v2\/media\/8327"}],"wp:attachment":[{"href":"https:\/\/caringsunshine.com\/es\/wp-json\/wp\/v2\/media?parent=8296"}],"wp:term":[{"taxonomy":"product_brand","embeddable":true,"href":"https:\/\/caringsunshine.com\/es\/wp-json\/wp\/v2\/product_brand?post=8296"},{"taxonomy":"product_cat","embeddable":true,"href":"https:\/\/caringsunshine.com\/es\/wp-json\/wp\/v2\/product_cat?post=8296"},{"taxonomy":"product_tag","embeddable":true,"href":"https:\/\/caringsunshine.com\/es\/wp-json\/wp\/v2\/product_tag?post=8296"}],"curies":[{"name":"wp","href":"https:\/\/api.w.org\/{rel}","templated":true}]}}