{"id":8292,"date":"2016-05-18T06:33:29","date_gmt":"2016-05-18T13:33:29","guid":{"rendered":"http:\/\/www.caringsunshine.com\/supplements\/NaturesSunshine\/products\/Orange-Organic-Essential-Oil.aspx"},"modified":"2026-05-03T01:05:10","modified_gmt":"2026-05-03T08:05:10","slug":"orange-organic-essential-oil","status":"publish","type":"product","link":"https:\/\/caringsunshine.com\/es\/supplements\/NaturesSunshine\/products\/orange-organic-essential-oil.aspx\/","title":{"rendered":"Naranja (ecol\u00f3gica)"},"content":{"rendered":"<p>Como pasear por un fragante huerto ba\u00f1ado por el sol, el aceite esencial de naranja org\u00e1nica certificada Nature's Sunshine ofrece una explosi\u00f3n de frescura c\u00edtrica que hace agua la boca para cualquier aplicaci\u00f3n arom\u00e1tica. Este aceite de naranja de primera calidad puede elevar y aligerar el estado de \u00e1nimo y es una excelente base para mezclas personalizadas. Usado t\u00f3picamente, el aceite de naranja puede ayudar a tonificar e iluminar la piel.<\/p>","protected":false},"excerpt":{"rendered":"<p>15 ml<\/p>","protected":false},"featured_media":3261822,"comment_status":"open","ping_status":"closed","template":"","meta":{"_acf_changed":false,"footnotes":""},"product_brand":[],"product_cat":[3,12,13896,53,118,84,73],"product_tag":[],"class_list":{"0":"post-8292","1":"product","2":"type-product","3":"status-publish","4":"has-post-thumbnail","6":"product_cat-beauty-skin-care","7":"product_cat-essential-oils","8":"product_cat-ingredient-citrus-sinensis-proprietary","9":"product_cat-stress-relaxation","10":"product_cat-uncategorized","11":"product_cat-circulatory","12":"product_cat-mood","14":"first","15":"instock","16":"sale","17":"taxable","18":"shipping-taxable","19":"purchasable","20":"product-type-simple"},"group_of_quantity":0,"min_quantity":0,"max_quantity":12,"exclude_order_quantity_value_rules":"no","exclude_category_quantity_rules":"no","combine_variations":"no","acf":[],"_links":{"self":[{"href":"https:\/\/caringsunshine.com\/es\/wp-json\/wp\/v2\/product\/8292","targetHints":{"allow":["GET"]}}],"collection":[{"href":"https:\/\/caringsunshine.com\/es\/wp-json\/wp\/v2\/product"}],"about":[{"href":"https:\/\/caringsunshine.com\/es\/wp-json\/wp\/v2\/types\/product"}],"replies":[{"embeddable":true,"href":"https:\/\/caringsunshine.com\/es\/wp-json\/wp\/v2\/comments?post=8292"}],"version-history":[{"count":0,"href":"https:\/\/caringsunshine.com\/es\/wp-json\/wp\/v2\/product\/8292\/revisions"}],"wp:featuredmedia":[{"embeddable":true,"href":"https:\/\/caringsunshine.com\/es\/wp-json\/wp\/v2\/media\/3261822"}],"wp:attachment":[{"href":"https:\/\/caringsunshine.com\/es\/wp-json\/wp\/v2\/media?parent=8292"}],"wp:term":[{"taxonomy":"product_brand","embeddable":true,"href":"https:\/\/caringsunshine.com\/es\/wp-json\/wp\/v2\/product_brand?post=8292"},{"taxonomy":"product_cat","embeddable":true,"href":"https:\/\/caringsunshine.com\/es\/wp-json\/wp\/v2\/product_cat?post=8292"},{"taxonomy":"product_tag","embeddable":true,"href":"https:\/\/caringsunshine.com\/es\/wp-json\/wp\/v2\/product_tag?post=8292"}],"curies":[{"name":"wp","href":"https:\/\/api.w.org\/{rel}","templated":true}]}}