{"id":825018,"date":"2019-09-07T06:00:16","date_gmt":"2019-09-07T13:00:16","guid":{"rendered":"https:\/\/caringsunshine.com\/?post_type=product&#038;p=825018"},"modified":"2026-04-16T15:31:33","modified_gmt":"2026-04-16T22:31:33","slug":"ashwagandha","status":"publish","type":"product","link":"https:\/\/caringsunshine.com\/es\/supplements\/NaturesSunshine\/products\/ashwagandha.aspx\/","title":{"rendered":"Ashwagandha"},"content":{"rendered":"<p><span style=\"font-size: 20.16px;\">MEZCLA ADAPT\u00d3GENA \u00daNICA<\/span><\/p>\n<div class=\"box\">\n<p>Contiene extractos estandarizados de ra\u00edz de ashwagandha, hoja de bacopa, y fruto de rhodiola, en adici\u00f3n al fruto de schisandra. Los adapt\u00f3genos mejoran la capacidad natural de su cuerpo para <strong>adaptar<\/strong> a los factores ambientales.<\/p>\n<div class=\"box_section\">\n<div class=\"box\">\n<div class=\"specificatiob\">\n<h4>APOYA TU MENTE<\/h4>\n<ul>\n<li>Apoya su respuesta al estr\u00e9s<\/li>\n<li>Apoya la salud mental y el bienestar<\/li>\n<li>Disfruta de una conexi\u00f3n de la mente y el cuerpo fortalecida<\/li>\n<li>Ayuda a apoyar el rendimiento cognitivo en el envejecimiento<\/li>\n<\/ul>\n<\/div>\n<\/div>\n<div class=\"box\">\n<div class=\"specificatiob\">\n<h4>CONSTRUYE TU CUERPO<\/h4>\n<ul>\n<li>Apoya el rendimiento f\u00edsico,<br \/>\nresistencia, y bienestar<\/li>\n<li>Disminuye la fatiga f\u00edsica<\/li>\n<li>Apoya la fuerza muscular<\/li>\n<\/ul>\n<\/div>\n<\/div>\n<div class=\"box\">\n<div class=\"specificatiob\">\n<h4>M\u00c1S<\/h4>\n<ul>\n<li>Apoya al sistema inmunol\u00f3gico<\/li>\n<li>Apoya al sistema nervioso<\/li>\n<\/ul>\n<\/div>\n<\/div>\n<\/div>\n<\/div>","protected":false},"excerpt":{"rendered":"<p>60 c\u00e1psulas vegetales<\/p>","protected":false},"featured_media":2831133,"comment_status":"open","ping_status":"closed","template":"","meta":{"_acf_changed":false,"footnotes":""},"product_brand":[],"product_cat":[5,10,15,1,19,53,90],"product_tag":[],"class_list":{"0":"post-825018","1":"product","2":"type-product","3":"status-publish","4":"has-post-thumbnail","6":"product_cat-brain-support","7":"product_cat-energy","8":"product_cat-herbs","9":"product_cat-allergy-immune","10":"product_cat-sports-nutrition","11":"product_cat-stress-relaxation","12":"product_cat-nervous","14":"first","15":"instock","16":"sale","17":"taxable","18":"shipping-taxable","19":"purchasable","20":"product-type-simple"},"group_of_quantity":0,"min_quantity":0,"max_quantity":12,"exclude_order_quantity_value_rules":"no","exclude_category_quantity_rules":"no","combine_variations":"no","acf":[],"_links":{"self":[{"href":"https:\/\/caringsunshine.com\/es\/wp-json\/wp\/v2\/product\/825018","targetHints":{"allow":["GET"]}}],"collection":[{"href":"https:\/\/caringsunshine.com\/es\/wp-json\/wp\/v2\/product"}],"about":[{"href":"https:\/\/caringsunshine.com\/es\/wp-json\/wp\/v2\/types\/product"}],"replies":[{"embeddable":true,"href":"https:\/\/caringsunshine.com\/es\/wp-json\/wp\/v2\/comments?post=825018"}],"version-history":[{"count":2,"href":"https:\/\/caringsunshine.com\/es\/wp-json\/wp\/v2\/product\/825018\/revisions"}],"predecessor-version":[{"id":3640872,"href":"https:\/\/caringsunshine.com\/es\/wp-json\/wp\/v2\/product\/825018\/revisions\/3640872"}],"wp:featuredmedia":[{"embeddable":true,"href":"https:\/\/caringsunshine.com\/es\/wp-json\/wp\/v2\/media\/2831133"}],"wp:attachment":[{"href":"https:\/\/caringsunshine.com\/es\/wp-json\/wp\/v2\/media?parent=825018"}],"wp:term":[{"taxonomy":"product_brand","embeddable":true,"href":"https:\/\/caringsunshine.com\/es\/wp-json\/wp\/v2\/product_brand?post=825018"},{"taxonomy":"product_cat","embeddable":true,"href":"https:\/\/caringsunshine.com\/es\/wp-json\/wp\/v2\/product_cat?post=825018"},{"taxonomy":"product_tag","embeddable":true,"href":"https:\/\/caringsunshine.com\/es\/wp-json\/wp\/v2\/product_tag?post=825018"}],"curies":[{"name":"wp","href":"https:\/\/api.w.org\/{rel}","templated":true}]}}