{"id":766,"date":"1999-12-31T16:00:00","date_gmt":"2000-01-01T00:00:00","guid":{"rendered":"http:\/\/caringsunshine.com\/supplements\/NaturesSunshine\/products\/blood-build-tcm.aspx"},"modified":"2026-04-18T00:53:37","modified_gmt":"2026-04-18T07:53:37","slug":"blood-build-tcm","status":"publish","type":"product","link":"https:\/\/caringsunshine.com\/es\/supplements\/NaturesSunshine\/products\/blood-build-tcm.aspx\/","title":{"rendered":"Estimulador de la sangre MTC"},"content":{"rendered":"<p>Blood Stimulator TCM Concentrate de Nature's Sunshine combina 18 hierbas chinas para promover la circulaci\u00f3n y sangre saludables. La misma f\u00f3rmula que Blood Stimulator Chinese pero en una forma altamente concentrada, esta combinaci\u00f3n fortalece una constituci\u00f3n de madera debilitada. Conocido en chino como <em>bu xue,<\/em> o \"nutrir la sangre,\" nutre la sangre, el h\u00edgado, y las gl\u00e1ndulas mientras que favorece la salud circulatoria general. El estimulador de la sangre TCM tambi\u00e9n puede reforzar el sistema inmunitario.<\/p>\n<p>N\u00daMERO DE INVENTARIO: 1005-9<\/p>","protected":false},"excerpt":{"rendered":"<p>30 c\u00e1psulas<\/p>","protected":false},"featured_media":2911321,"comment_status":"open","ping_status":"closed","template":"","meta":{"_acf_changed":false,"footnotes":""},"product_brand":[],"product_cat":[7,1,13351,13352,13581,13625,13802,13833,14179,14514,25076,15321,15450,15601,15703,15704,15734,26337,16012,16146,84,87,3089],"product_tag":[],"class_list":{"0":"post-766","1":"product","2":"type-product","3":"status-publish","4":"has-post-thumbnail","6":"product_cat-chinese-herbs","7":"product_cat-allergy-immune","8":"product_cat-ingredient-astragalus","9":"product_cat-ingredient-atractylodes","10":"product_cat-ingredient-boxthorne","11":"product_cat-ingredient-bupleurum-falcatum","12":"product_cat-ingredient-chaff-flower","13":"product_cat-ingredient-chinese-salvia-root","14":"product_cat-ingredient-dong-quai-root","15":"product_cat-ingredient-ginseng","16":"product_cat-ingredient-hoelen","17":"product_cat-ingredient-nut-grass","18":"product_cat-ingredient-peony","19":"product_cat-ingredient-privet","20":"product_cat-ingredient-rehmannia-glutinosa","21":"product_cat-ingredient-reishi-mushroom","22":"product_cat-ingredient-root-tuber","23":"product_cat-ingredient-silicon-dioxide","24":"product_cat-ingredient-szechuan-lovage","25":"product_cat-ingredient-turmeric","26":"product_cat-circulatory","27":"product_cat-hepatic","28":"product_cat-liver-detoxification","30":"first","31":"instock","32":"sale","33":"taxable","34":"shipping-taxable","35":"purchasable","36":"product-type-simple"},"group_of_quantity":0,"min_quantity":0,"max_quantity":12,"exclude_order_quantity_value_rules":"no","exclude_category_quantity_rules":"no","combine_variations":"no","acf":[],"_links":{"self":[{"href":"https:\/\/caringsunshine.com\/es\/wp-json\/wp\/v2\/product\/766","targetHints":{"allow":["GET"]}}],"collection":[{"href":"https:\/\/caringsunshine.com\/es\/wp-json\/wp\/v2\/product"}],"about":[{"href":"https:\/\/caringsunshine.com\/es\/wp-json\/wp\/v2\/types\/product"}],"replies":[{"embeddable":true,"href":"https:\/\/caringsunshine.com\/es\/wp-json\/wp\/v2\/comments?post=766"}],"version-history":[{"count":1,"href":"https:\/\/caringsunshine.com\/es\/wp-json\/wp\/v2\/product\/766\/revisions"}],"predecessor-version":[{"id":3640930,"href":"https:\/\/caringsunshine.com\/es\/wp-json\/wp\/v2\/product\/766\/revisions\/3640930"}],"wp:featuredmedia":[{"embeddable":true,"href":"https:\/\/caringsunshine.com\/es\/wp-json\/wp\/v2\/media\/2911321"}],"wp:attachment":[{"href":"https:\/\/caringsunshine.com\/es\/wp-json\/wp\/v2\/media?parent=766"}],"wp:term":[{"taxonomy":"product_brand","embeddable":true,"href":"https:\/\/caringsunshine.com\/es\/wp-json\/wp\/v2\/product_brand?post=766"},{"taxonomy":"product_cat","embeddable":true,"href":"https:\/\/caringsunshine.com\/es\/wp-json\/wp\/v2\/product_cat?post=766"},{"taxonomy":"product_tag","embeddable":true,"href":"https:\/\/caringsunshine.com\/es\/wp-json\/wp\/v2\/product_tag?post=766"}],"curies":[{"name":"wp","href":"https:\/\/api.w.org\/{rel}","templated":true}]}}