{"id":76,"date":"1999-12-31T16:00:00","date_gmt":"2000-01-01T00:00:00","guid":{"rendered":"http:\/\/caringsunshine.com\/supplements\/NaturesSunshine\/products\/st-johns-wort-Conc-tr.aspx"},"modified":"2026-04-16T00:58:00","modified_gmt":"2026-04-16T07:58:00","slug":"st-johns-wort-conc-tr","status":"publish","type":"product","link":"https:\/\/caringsunshine.com\/es\/supplements\/NaturesSunshine\/products\/st-johns-wort-conc-tr.aspx\/","title":{"rendered":"Hierba de San Juan (concentrado de liberaci\u00f3n prolongada)"},"content":{"rendered":"<p>La hipericina y la hiperforina, dos componentes claves de la hierba de San Juan promueven el equilibrio emocional y la sensaci\u00f3n de bienestar, adem\u00e1s de fomentar la positividad y la motivaci\u00f3n saludable. La f\u00f3rmula de liberaci\u00f3n prolongada de Nature's Sunshine permite que el cuerpo experimente un suministro constante de St. John's Wort, ayudando a mantener el equilibrio emocional durante todo el d\u00eda. Cada c\u00e1psula contiene 450 mg de extracto de hierba de San Juan en polvo.<\/p>\n<p>PRECAUCI\u00d3N: Evitar la exposici\u00f3n a la luz solar fuerte, a los rayos de bronceado, o a los salones de bronceado cuando tome la Hierba de San Juan. Se recomienda el uso de gafas de sol cuando sea necesario exponerse a la luz solar. Las personas que toman medicamentos antidepresivos con receta, incluidos los inhibidores selectivos de la captaci\u00f3n de serotonina y los inhibidores de la MAO, deben consultar a su m\u00e9dico antes de tomar la Hierba de San Juan.<\/p>","protected":false},"excerpt":{"rendered":"<p>60 comprimidos<\/p>","protected":false},"featured_media":2887689,"comment_status":"open","ping_status":"closed","template":"","meta":{"_acf_changed":false,"footnotes":""},"product_brand":[],"product_cat":[5,15,15955,53,73,90],"product_tag":[],"class_list":{"0":"post-76","1":"product","2":"type-product","3":"status-publish","4":"has-post-thumbnail","6":"product_cat-brain-support","7":"product_cat-herbs","8":"product_cat-ingredient-st-johns-wort","9":"product_cat-stress-relaxation","10":"product_cat-mood","11":"product_cat-nervous","13":"first","14":"instock","15":"sale","16":"taxable","17":"shipping-taxable","18":"purchasable","19":"product-type-simple"},"group_of_quantity":0,"min_quantity":0,"max_quantity":12,"exclude_order_quantity_value_rules":"no","exclude_category_quantity_rules":"no","combine_variations":"no","acf":[],"_links":{"self":[{"href":"https:\/\/caringsunshine.com\/es\/wp-json\/wp\/v2\/product\/76","targetHints":{"allow":["GET"]}}],"collection":[{"href":"https:\/\/caringsunshine.com\/es\/wp-json\/wp\/v2\/product"}],"about":[{"href":"https:\/\/caringsunshine.com\/es\/wp-json\/wp\/v2\/types\/product"}],"replies":[{"embeddable":true,"href":"https:\/\/caringsunshine.com\/es\/wp-json\/wp\/v2\/comments?post=76"}],"version-history":[{"count":1,"href":"https:\/\/caringsunshine.com\/es\/wp-json\/wp\/v2\/product\/76\/revisions"}],"predecessor-version":[{"id":3650790,"href":"https:\/\/caringsunshine.com\/es\/wp-json\/wp\/v2\/product\/76\/revisions\/3650790"}],"wp:featuredmedia":[{"embeddable":true,"href":"https:\/\/caringsunshine.com\/es\/wp-json\/wp\/v2\/media\/2887689"}],"wp:attachment":[{"href":"https:\/\/caringsunshine.com\/es\/wp-json\/wp\/v2\/media?parent=76"}],"wp:term":[{"taxonomy":"product_brand","embeddable":true,"href":"https:\/\/caringsunshine.com\/es\/wp-json\/wp\/v2\/product_brand?post=76"},{"taxonomy":"product_cat","embeddable":true,"href":"https:\/\/caringsunshine.com\/es\/wp-json\/wp\/v2\/product_cat?post=76"},{"taxonomy":"product_tag","embeddable":true,"href":"https:\/\/caringsunshine.com\/es\/wp-json\/wp\/v2\/product_tag?post=76"}],"curies":[{"name":"wp","href":"https:\/\/api.w.org\/{rel}","templated":true}]}}