{"id":740,"date":"1999-12-31T16:00:00","date_gmt":"2000-01-01T00:00:00","guid":{"rendered":"http:\/\/caringsunshine.com\/supplements\/NaturesSunshine\/products\/red-yeast-rice.aspx"},"modified":"2026-04-20T01:14:09","modified_gmt":"2026-04-20T08:14:09","slug":"red-yeast-rice","status":"publish","type":"product","link":"https:\/\/caringsunshine.com\/es\/supplements\/NaturesSunshine\/products\/red-yeast-rice.aspx\/","title":{"rendered":"Arroz con levadura roja"},"content":{"rendered":"<p>Red Yeast Rice de Nature's Sunshine ayuda a regular los niveles de colesterol ya normales y nutre el sistema circulatorio. El arroz de levadura roja, Monoascus purpureus, ayuda a la producci\u00f3n del colesterol bueno en el h\u00edgado. Una c\u00e1psula de Red Yeast Rice contiene 600 mg.<\/p>\n<p>Porque el arroz de levadura roja puede interferir con la producci\u00f3n hep\u00e1tica de la coenzima Q10, Red Yeast Rice debe ser tomado con un <a href=\"https:\/\/caringsunshine.com\/es\/supplements\/NaturesSunshine\/products\/coq10-100.aspx\/\">suplemento de coenzima Q10.<\/a><br \/>\nN\u00daMERO DE INVENTARIO: 558-3<\/p>","protected":false},"excerpt":{"rendered":"<p>120 c\u00e1psulas<\/p>","protected":false},"featured_media":2887450,"comment_status":"open","ping_status":"closed","template":"","meta":{"_acf_changed":false,"footnotes":""},"product_brand":[],"product_cat":[8,15,15700,26337,84],"product_tag":[3100],"class_list":{"0":"post-740","1":"product","2":"type-product","3":"status-publish","4":"has-post-thumbnail","6":"product_cat-cholesterol","7":"product_cat-herbs","8":"product_cat-ingredient-red-yeast-rice","9":"product_cat-ingredient-silicon-dioxide","10":"product_cat-circulatory","11":"product_tag-non-gmo","13":"first","14":"instock","15":"sale","16":"taxable","17":"shipping-taxable","18":"purchasable","19":"product-type-simple"},"group_of_quantity":0,"min_quantity":0,"max_quantity":12,"exclude_order_quantity_value_rules":"no","exclude_category_quantity_rules":"no","combine_variations":"no","acf":[],"_links":{"self":[{"href":"https:\/\/caringsunshine.com\/es\/wp-json\/wp\/v2\/product\/740","targetHints":{"allow":["GET"]}}],"collection":[{"href":"https:\/\/caringsunshine.com\/es\/wp-json\/wp\/v2\/product"}],"about":[{"href":"https:\/\/caringsunshine.com\/es\/wp-json\/wp\/v2\/types\/product"}],"replies":[{"embeddable":true,"href":"https:\/\/caringsunshine.com\/es\/wp-json\/wp\/v2\/comments?post=740"}],"version-history":[{"count":2,"href":"https:\/\/caringsunshine.com\/es\/wp-json\/wp\/v2\/product\/740\/revisions"}],"predecessor-version":[{"id":3650652,"href":"https:\/\/caringsunshine.com\/es\/wp-json\/wp\/v2\/product\/740\/revisions\/3650652"}],"wp:featuredmedia":[{"embeddable":true,"href":"https:\/\/caringsunshine.com\/es\/wp-json\/wp\/v2\/media\/2887450"}],"wp:attachment":[{"href":"https:\/\/caringsunshine.com\/es\/wp-json\/wp\/v2\/media?parent=740"}],"wp:term":[{"taxonomy":"product_brand","embeddable":true,"href":"https:\/\/caringsunshine.com\/es\/wp-json\/wp\/v2\/product_brand?post=740"},{"taxonomy":"product_cat","embeddable":true,"href":"https:\/\/caringsunshine.com\/es\/wp-json\/wp\/v2\/product_cat?post=740"},{"taxonomy":"product_tag","embeddable":true,"href":"https:\/\/caringsunshine.com\/es\/wp-json\/wp\/v2\/product_tag?post=740"}],"curies":[{"name":"wp","href":"https:\/\/api.w.org\/{rel}","templated":true}]}}