{"id":73,"date":"1999-12-31T16:00:00","date_gmt":"2000-01-01T00:00:00","guid":{"rendered":"http:\/\/caringsunshine.com\/supplements\/NaturesSunshine\/products\/slippery-elm.aspx"},"modified":"2026-04-18T01:06:11","modified_gmt":"2026-04-18T08:06:11","slug":"slippery-elm","status":"publish","type":"product","link":"https:\/\/caringsunshine.com\/es\/supplements\/NaturesSunshine\/products\/slippery-elm.aspx\/","title":{"rendered":"Olmo resbaladizo"},"content":{"rendered":"<p>Tambi\u00e9n conocido como olmo rojo, olmo de alce, u olmo indio, el olmo resbaladizo era un alimento de supervivencia utilizado por los primeros colonos americanos y por George Washington y sus tropas durante el invierno en Valley Forge. Tambi\u00e9n utilizado como cataplasma para la piel, el olmo resbaladizo es m\u00e1s conocido por sus beneficios para el sistema digestivo. El muc\u00edlago que contiene el olmo resbaladizo se convierte en sustancia resbaladiza cuando se le a\u00f1ade agua y puede proporcionar alivio a la garganta y al tracto digestivo. El olmo resbaladizo de Nature's Sunshine se presenta en c\u00e1psulas de 360 mg.<\/p>","protected":false},"excerpt":{"rendered":"<p>100 c\u00e1psulas<\/p>","protected":false},"featured_media":2887510,"comment_status":"open","ping_status":"closed","template":"","meta":{"_acf_changed":false,"footnotes":""},"product_brand":[],"product_cat":[29,15,26337,15910,85],"product_tag":[3100],"class_list":{"0":"post-73","1":"product","2":"type-product","3":"status-publish","4":"has-post-thumbnail","6":"product_cat-colon-cleansing","7":"product_cat-herbs","8":"product_cat-ingredient-silicon-dioxide","9":"product_cat-ingredient-slippery-elm-bark","10":"product_cat-digestive","11":"product_tag-non-gmo","13":"first","14":"instock","15":"sale","16":"taxable","17":"shipping-taxable","18":"purchasable","19":"product-type-simple"},"group_of_quantity":0,"min_quantity":0,"max_quantity":12,"exclude_order_quantity_value_rules":"no","exclude_category_quantity_rules":"no","combine_variations":"no","acf":[],"_links":{"self":[{"href":"https:\/\/caringsunshine.com\/es\/wp-json\/wp\/v2\/product\/73","targetHints":{"allow":["GET"]}}],"collection":[{"href":"https:\/\/caringsunshine.com\/es\/wp-json\/wp\/v2\/product"}],"about":[{"href":"https:\/\/caringsunshine.com\/es\/wp-json\/wp\/v2\/types\/product"}],"replies":[{"embeddable":true,"href":"https:\/\/caringsunshine.com\/es\/wp-json\/wp\/v2\/comments?post=73"}],"version-history":[{"count":1,"href":"https:\/\/caringsunshine.com\/es\/wp-json\/wp\/v2\/product\/73\/revisions"}],"predecessor-version":[{"id":3650737,"href":"https:\/\/caringsunshine.com\/es\/wp-json\/wp\/v2\/product\/73\/revisions\/3650737"}],"wp:featuredmedia":[{"embeddable":true,"href":"https:\/\/caringsunshine.com\/es\/wp-json\/wp\/v2\/media\/2887510"}],"wp:attachment":[{"href":"https:\/\/caringsunshine.com\/es\/wp-json\/wp\/v2\/media?parent=73"}],"wp:term":[{"taxonomy":"product_brand","embeddable":true,"href":"https:\/\/caringsunshine.com\/es\/wp-json\/wp\/v2\/product_brand?post=73"},{"taxonomy":"product_cat","embeddable":true,"href":"https:\/\/caringsunshine.com\/es\/wp-json\/wp\/v2\/product_cat?post=73"},{"taxonomy":"product_tag","embeddable":true,"href":"https:\/\/caringsunshine.com\/es\/wp-json\/wp\/v2\/product_tag?post=73"}],"curies":[{"name":"wp","href":"https:\/\/api.w.org\/{rel}","templated":true}]}}