{"id":722,"date":"1999-12-31T16:00:00","date_gmt":"2000-01-01T00:00:00","guid":{"rendered":"http:\/\/caringsunshine.com\/supplements\/NaturesSunshine\/products\/lymphomax.aspx"},"modified":"2026-04-18T00:47:43","modified_gmt":"2026-04-18T07:47:43","slug":"lymphomax","status":"publish","type":"product","link":"https:\/\/caringsunshine.com\/es\/supplements\/NaturesSunshine\/products\/lymphomax.aspx\/","title":{"rendered":"Lymphomax"},"content":{"rendered":"<p>Nature's Sunshine Lymphomax\u00ae apoya el sistema linf\u00e1tico. Una mezcla \u00fanica de gordolobo, lobelia, llant\u00e9n, escaramujos, ra\u00edz roja y otras hierbas, esta f\u00f3rmula nutre el sistema respiratorio, protege el h\u00edgado, promueve los procesos naturales de limpieza del cuerpo y ayuda a mantener el equilibrio microorg\u00e1nico. Lymphomax purifica la sangre y ayuda al sistema linf\u00e1tico a mantenerse sano.<\/p>\n<p>N\u00daMERO DE STOCK: 4077-6<\/p>","protected":false},"excerpt":{"rendered":"<p>100 c\u00e1psulas<\/p>","protected":false},"featured_media":2885554,"comment_status":"open","ping_status":"closed","template":"","meta":{"_acf_changed":false,"footnotes":""},"product_brand":[],"product_cat":[29,15,1,13166,13414,13805,13849,13899,14205,14477,15054,15250,15543,15696,16275,3089,91],"product_tag":[],"class_list":{"0":"post-722","1":"product","2":"type-product","3":"status-publish","4":"has-post-thumbnail","6":"product_cat-colon-cleansing","7":"product_cat-herbs","8":"product_cat-allergy-immune","9":"product_cat-ingredient-alfalfa","10":"product_cat-ingredient-bayberry","11":"product_cat-ingredient-chamomile","12":"product_cat-ingredient-chlorophyll","13":"product_cat-ingredient-cleavers","14":"product_cat-ingredient-echinacea-purpurea","15":"product_cat-ingredient-garlic-bulb","16":"product_cat-ingredient-lobelia","17":"product_cat-ingredient-mullein","18":"product_cat-ingredient-plantain","19":"product_cat-ingredient-red-root","20":"product_cat-ingredient-yarrow","21":"product_cat-liver-detoxification","22":"product_cat-respiratory","24":"first","25":"onbackorder","26":"sale","27":"taxable","28":"shipping-taxable","29":"purchasable","30":"product-type-simple"},"group_of_quantity":0,"min_quantity":0,"max_quantity":12,"exclude_order_quantity_value_rules":"no","exclude_category_quantity_rules":"no","combine_variations":"no","acf":[],"_links":{"self":[{"href":"https:\/\/caringsunshine.com\/es\/wp-json\/wp\/v2\/product\/722","targetHints":{"allow":["GET"]}}],"collection":[{"href":"https:\/\/caringsunshine.com\/es\/wp-json\/wp\/v2\/product"}],"about":[{"href":"https:\/\/caringsunshine.com\/es\/wp-json\/wp\/v2\/types\/product"}],"replies":[{"embeddable":true,"href":"https:\/\/caringsunshine.com\/es\/wp-json\/wp\/v2\/comments?post=722"}],"version-history":[{"count":1,"href":"https:\/\/caringsunshine.com\/es\/wp-json\/wp\/v2\/product\/722\/revisions"}],"predecessor-version":[{"id":3643620,"href":"https:\/\/caringsunshine.com\/es\/wp-json\/wp\/v2\/product\/722\/revisions\/3643620"}],"wp:featuredmedia":[{"embeddable":true,"href":"https:\/\/caringsunshine.com\/es\/wp-json\/wp\/v2\/media\/2885554"}],"wp:attachment":[{"href":"https:\/\/caringsunshine.com\/es\/wp-json\/wp\/v2\/media?parent=722"}],"wp:term":[{"taxonomy":"product_brand","embeddable":true,"href":"https:\/\/caringsunshine.com\/es\/wp-json\/wp\/v2\/product_brand?post=722"},{"taxonomy":"product_cat","embeddable":true,"href":"https:\/\/caringsunshine.com\/es\/wp-json\/wp\/v2\/product_cat?post=722"},{"taxonomy":"product_tag","embeddable":true,"href":"https:\/\/caringsunshine.com\/es\/wp-json\/wp\/v2\/product_tag?post=722"}],"curies":[{"name":"wp","href":"https:\/\/api.w.org\/{rel}","templated":true}]}}