{"id":718,"date":"1999-12-31T16:00:00","date_gmt":"2000-01-01T00:00:00","guid":{"rendered":"http:\/\/caringsunshine.com\/supplements\/NaturesSunshine\/products\/vitamin-e-complete-200.aspx"},"modified":"2026-04-18T01:05:44","modified_gmt":"2026-04-18T08:05:44","slug":"vitamin-e-complete-200","status":"publish","type":"product","link":"https:\/\/caringsunshine.com\/es\/supplements\/NaturesSunshine\/products\/vitamin-e-complete-200.aspx\/","title":{"rendered":"Vitamina E completa (con selenio)"},"content":{"rendered":"<p>Vitamin E Complete with Selenium de Nature's Sunshine protege el sistema cardiovascular de las toxinas y apoya el sistema glandular as\u00ed como las c\u00e9lulas del cuerpo. Repleta de antioxidantes, la Vitamina E Completa con Selenio combate los radicales libres antes de que causen da\u00f1os a nivel celular. La Vitamina E de Nature's Sunshine contiene los ocho compuestos que conforman la vitamina E de las familias de los tocoferoles y los tocotrienoles. Juntas, estas dos familias de compuestos regulan los niveles de colesterol ya normales, ayudan a las arterias, y refuerzan el sistema inmunitario.<\/p>\n<p>Las c\u00e1psulas de Vitamina E Completa con Selenio vienen con 400 UI de vitamina E natural extra\u00edda de la soja, incluyendo 30 mg de tocoferoles (alfa, beta, delta, y gamma) m\u00e1s 5 mg de tocotrienoles mixtos (alfa, beta, delta, y gamma). Cada c\u00e1psula tambi\u00e9n incluye 25 mcg de selenio mezclado con una base de aceite de anato\/soja.<\/p>","protected":false},"excerpt":{"rendered":"<p>60 c\u00e1psulas<\/p>","protected":false},"featured_media":3261771,"comment_status":"open","ping_status":"closed","template":"","meta":{"_acf_changed":false,"footnotes":""},"product_brand":[],"product_cat":[2,3,4,15,1,15836,16214,34,21,71,86],"product_tag":[3100,146],"class_list":{"0":"post-718","1":"product","2":"type-product","3":"status-publish","4":"has-post-thumbnail","6":"product_cat-antioxidants","7":"product_cat-beauty-skin-care","8":"product_cat-blood-sugar","9":"product_cat-herbs","10":"product_cat-allergy-immune","11":"product_cat-ingredient-selenium","12":"product_cat-ingredient-vitamin-e","13":"product_cat-vitamins","14":"product_cat-vitamins-minerals","15":"product_cat-cellular","16":"product_cat-glandular","17":"product_tag-non-gmo","18":"product_tag-organic","20":"first","21":"instock","22":"sale","23":"taxable","24":"shipping-taxable","25":"purchasable","26":"product-type-simple"},"group_of_quantity":0,"min_quantity":0,"max_quantity":12,"exclude_order_quantity_value_rules":"no","exclude_category_quantity_rules":"no","combine_variations":"no","acf":[],"_links":{"self":[{"href":"https:\/\/caringsunshine.com\/es\/wp-json\/wp\/v2\/product\/718","targetHints":{"allow":["GET"]}}],"collection":[{"href":"https:\/\/caringsunshine.com\/es\/wp-json\/wp\/v2\/product"}],"about":[{"href":"https:\/\/caringsunshine.com\/es\/wp-json\/wp\/v2\/types\/product"}],"replies":[{"embeddable":true,"href":"https:\/\/caringsunshine.com\/es\/wp-json\/wp\/v2\/comments?post=718"}],"version-history":[{"count":2,"href":"https:\/\/caringsunshine.com\/es\/wp-json\/wp\/v2\/product\/718\/revisions"}],"predecessor-version":[{"id":3360826,"href":"https:\/\/caringsunshine.com\/es\/wp-json\/wp\/v2\/product\/718\/revisions\/3360826"}],"wp:featuredmedia":[{"embeddable":true,"href":"https:\/\/caringsunshine.com\/es\/wp-json\/wp\/v2\/media\/3261771"}],"wp:attachment":[{"href":"https:\/\/caringsunshine.com\/es\/wp-json\/wp\/v2\/media?parent=718"}],"wp:term":[{"taxonomy":"product_brand","embeddable":true,"href":"https:\/\/caringsunshine.com\/es\/wp-json\/wp\/v2\/product_brand?post=718"},{"taxonomy":"product_cat","embeddable":true,"href":"https:\/\/caringsunshine.com\/es\/wp-json\/wp\/v2\/product_cat?post=718"},{"taxonomy":"product_tag","embeddable":true,"href":"https:\/\/caringsunshine.com\/es\/wp-json\/wp\/v2\/product_tag?post=718"}],"curies":[{"name":"wp","href":"https:\/\/api.w.org\/{rel}","templated":true}]}}