{"id":713,"date":"1999-12-31T16:00:00","date_gmt":"2000-01-01T00:00:00","guid":{"rendered":"http:\/\/caringsunshine.com\/supplements\/NaturesSunshine\/products\/seasonal-defense.aspx"},"modified":"2026-05-01T01:06:05","modified_gmt":"2026-05-01T08:06:05","slug":"seasonal-defense","status":"publish","type":"product","link":"https:\/\/caringsunshine.com\/es\/supplements\/NaturesSunshine\/products\/seasonal-defense.aspx\/","title":{"rendered":"Defensa estacional"},"content":{"rendered":"<p>Seasonal Defense de Nature's Sunshine combina hierbas que protegen el sistema inmunitario durante los cambios de estaci\u00f3n. Andrographis, Fructus aurantia (seis por ciento de extracto de sinefrina), tomillo, or\u00e9gano, y ra\u00edz de eleuthero trabajan juntos para proporcionar apoyo inmunol\u00f3gico. Com\u00fanmente utilizado en la medicina ayurv\u00e9dica, el andrographis, un ingrediente clave de Seasonal Defense, promueve las funciones de respuesta inmune adecuadas, elimina las toxinas, y apoya la salud muscular respiratoria. La sinefrina que se encuentra en el Fructus aurantia mantiene el buen funcionamiento de la mucosa de las v\u00edas respiratorias.<\/p>\n<p>N\u00daMERO DE STOCK: 806-6<\/p>","protected":false},"excerpt":{"rendered":"<p>90 c\u00e1psulas<\/p>","protected":false},"featured_media":2833295,"comment_status":"open","ping_status":"closed","template":"","meta":{"_acf_changed":false,"footnotes":""},"product_brand":[],"product_cat":[1,24,14230,14617,15355,15358,16081,74,91],"product_tag":[],"class_list":{"0":"post-713","1":"product","2":"type-product","3":"status-publish","4":"has-post-thumbnail","6":"product_cat-allergy-immune","7":"product_cat-allergies","8":"product_cat-ingredient-eleuthero","9":"product_cat-ingredient-green-chiretta","10":"product_cat-ingredient-orange","11":"product_cat-ingredient-oregano","12":"product_cat-ingredient-thyme","13":"product_cat-respiratory-support","14":"product_cat-respiratory","16":"first","17":"instock","18":"sale","19":"taxable","20":"shipping-taxable","21":"purchasable","22":"product-type-simple"},"group_of_quantity":0,"min_quantity":0,"max_quantity":12,"exclude_order_quantity_value_rules":"no","exclude_category_quantity_rules":"no","combine_variations":"no","acf":[],"_links":{"self":[{"href":"https:\/\/caringsunshine.com\/es\/wp-json\/wp\/v2\/product\/713","targetHints":{"allow":["GET"]}}],"collection":[{"href":"https:\/\/caringsunshine.com\/es\/wp-json\/wp\/v2\/product"}],"about":[{"href":"https:\/\/caringsunshine.com\/es\/wp-json\/wp\/v2\/types\/product"}],"replies":[{"embeddable":true,"href":"https:\/\/caringsunshine.com\/es\/wp-json\/wp\/v2\/comments?post=713"}],"version-history":[{"count":1,"href":"https:\/\/caringsunshine.com\/es\/wp-json\/wp\/v2\/product\/713\/revisions"}],"predecessor-version":[{"id":3650688,"href":"https:\/\/caringsunshine.com\/es\/wp-json\/wp\/v2\/product\/713\/revisions\/3650688"}],"wp:featuredmedia":[{"embeddable":true,"href":"https:\/\/caringsunshine.com\/es\/wp-json\/wp\/v2\/media\/2833295"}],"wp:attachment":[{"href":"https:\/\/caringsunshine.com\/es\/wp-json\/wp\/v2\/media?parent=713"}],"wp:term":[{"taxonomy":"product_brand","embeddable":true,"href":"https:\/\/caringsunshine.com\/es\/wp-json\/wp\/v2\/product_brand?post=713"},{"taxonomy":"product_cat","embeddable":true,"href":"https:\/\/caringsunshine.com\/es\/wp-json\/wp\/v2\/product_cat?post=713"},{"taxonomy":"product_tag","embeddable":true,"href":"https:\/\/caringsunshine.com\/es\/wp-json\/wp\/v2\/product_tag?post=713"}],"curies":[{"name":"wp","href":"https:\/\/api.w.org\/{rel}","templated":true}]}}