{"id":709,"date":"1999-12-31T16:00:00","date_gmt":"2000-01-01T00:00:00","guid":{"rendered":"http:\/\/caringsunshine.com\/supplements\/NaturesSunshine\/products\/sugarreg.aspx"},"modified":"2026-04-17T22:51:32","modified_gmt":"2026-04-18T05:51:32","slug":"sugarreg","status":"publish","type":"product","link":"https:\/\/caringsunshine.com\/es\/supplements\/NaturesSunshine\/products\/sugarreg.aspx\/","title":{"rendered":"SugarReg"},"content":{"rendered":"<p>SugarReg\u00ae de Nature's Sunshine combina ocho nutrientes que ayudan a mantener un sistema glandular saludable. La f\u00f3rmula est\u00e1 dise\u00f1ada espec\u00edficamente para equilibrar los niveles de az\u00facar e insulina en la sangre, a la vez que apoyar una digesti\u00f3n saludable y una funci\u00f3n hep\u00e1tica sana. Cada porci\u00f3n de SugarReg contiene 200 mcg de cromo, un oligoelemento vital para el mantenimiento de un nivel saludable de az\u00facar en la sangre. De hecho, m\u00faltiples estudios cient\u00edficos destacan los beneficios del cromo para mejorar la actividad de la insulina. Junto con el cromo, la hoja de banaba, la gimnema, el nopal, y el mel\u00f3n amargo se unen en SugarReg para proporcionar un apoyo esencial a la funci\u00f3n glandular.<\/p>\n<p>N\u00daMERO DE INVENTARIO: 927-1<\/p>","protected":false},"excerpt":{"rendered":"<p>60 c\u00e1psulas<\/p>","protected":false},"featured_media":2887523,"comment_status":"open","ping_status":"closed","template":"","meta":{"_acf_changed":false,"footnotes":""},"product_brand":[],"product_cat":[4,13398,24031,13863,13879,14336,14643,15315,16175,21,85,86,3089],"product_tag":[3101,3100],"class_list":{"0":"post-709","1":"product","2":"type-product","3":"status-publish","4":"has-post-thumbnail","6":"product_cat-blood-sugar","7":"product_cat-ingredient-banaba","8":"product_cat-ingredient-bitter-melon","9":"product_cat-ingredient-chromium","10":"product_cat-ingredient-cinnamon","11":"product_cat-ingredient-fenugreek","12":"product_cat-ingredient-gymnema-sylvestre","13":"product_cat-ingredient-nopal","14":"product_cat-ingredient-vanadium","15":"product_cat-vitamins-minerals","16":"product_cat-digestive","17":"product_cat-glandular","18":"product_cat-liver-detoxification","19":"product_tag-kosher","20":"product_tag-non-gmo","22":"first","23":"instock","24":"sale","25":"taxable","26":"shipping-taxable","27":"purchasable","28":"product-type-simple"},"group_of_quantity":0,"min_quantity":0,"max_quantity":12,"exclude_order_quantity_value_rules":"no","exclude_category_quantity_rules":"no","combine_variations":"no","acf":[],"_links":{"self":[{"href":"https:\/\/caringsunshine.com\/es\/wp-json\/wp\/v2\/product\/709","targetHints":{"allow":["GET"]}}],"collection":[{"href":"https:\/\/caringsunshine.com\/es\/wp-json\/wp\/v2\/product"}],"about":[{"href":"https:\/\/caringsunshine.com\/es\/wp-json\/wp\/v2\/types\/product"}],"replies":[{"embeddable":true,"href":"https:\/\/caringsunshine.com\/es\/wp-json\/wp\/v2\/comments?post=709"}],"version-history":[{"count":2,"href":"https:\/\/caringsunshine.com\/es\/wp-json\/wp\/v2\/product\/709\/revisions"}],"predecessor-version":[{"id":3650825,"href":"https:\/\/caringsunshine.com\/es\/wp-json\/wp\/v2\/product\/709\/revisions\/3650825"}],"wp:featuredmedia":[{"embeddable":true,"href":"https:\/\/caringsunshine.com\/es\/wp-json\/wp\/v2\/media\/2887523"}],"wp:attachment":[{"href":"https:\/\/caringsunshine.com\/es\/wp-json\/wp\/v2\/media?parent=709"}],"wp:term":[{"taxonomy":"product_brand","embeddable":true,"href":"https:\/\/caringsunshine.com\/es\/wp-json\/wp\/v2\/product_brand?post=709"},{"taxonomy":"product_cat","embeddable":true,"href":"https:\/\/caringsunshine.com\/es\/wp-json\/wp\/v2\/product_cat?post=709"},{"taxonomy":"product_tag","embeddable":true,"href":"https:\/\/caringsunshine.com\/es\/wp-json\/wp\/v2\/product_tag?post=709"}],"curies":[{"name":"wp","href":"https:\/\/api.w.org\/{rel}","templated":true}]}}