{"id":708,"date":"1999-12-31T16:00:00","date_gmt":"2000-01-01T00:00:00","guid":{"rendered":"http:\/\/caringsunshine.com\/supplements\/NaturesSunshine\/products\/joint-support.aspx"},"modified":"2026-04-07T21:51:58","modified_gmt":"2026-04-08T04:51:58","slug":"joint-support","status":"publish","type":"product","link":"https:\/\/caringsunshine.com\/es\/supplements\/NaturesSunshine\/products\/joint-support.aspx\/","title":{"rendered":"Joint Support"},"content":{"rendered":"<p>Nature's Sunshine Joint Support nutre el sistema estructural. La mezcla de hierbas en esta f\u00f3rmula trabaja para ayudar al cuerpo a manejar el estr\u00e9s de las articulaciones, apoyar la salud de los tejidos de las articulaciones y regular la salud muscular normal. Joint Support tambi\u00e9n ayuda a la digesti\u00f3n de las prote\u00ednas y apoya el sistema nervioso.<\/p>\n<p>N\u00daMERO DE STOCK: 810-8<\/p>","protected":false},"excerpt":{"rendered":"<p>100 c\u00e1psulas<\/p>","protected":false},"featured_media":2835703,"comment_status":"open","ping_status":"closed","template":"","meta":{"_acf_changed":false,"footnotes":""},"product_brand":[],"product_cat":[15,16,31,13166,13512,13602,13627,13708,13767,13778,14716,14727,15805,15910,16169,16243,16275,16290,92],"product_tag":[],"class_list":{"0":"post-708","1":"product","2":"type-product","3":"status-publish","4":"has-post-thumbnail","6":"product_cat-herbs","7":"product_cat-joints-bones","8":"product_cat-joint-pain","9":"product_cat-ingredient-alfalfa","10":"product_cat-ingredient-black-cohosh","11":"product_cat-ingredient-bromelain","12":"product_cat-ingredient-burdock","13":"product_cat-ingredient-capsicum","14":"product_cat-ingredient-catnip","15":"product_cat-ingredient-celery","16":"product_cat-ingredient-horsetail","17":"product_cat-ingredient-hydrangea","18":"product_cat-ingredient-sarsaparilla","19":"product_cat-ingredient-slippery-elm-bark","20":"product_cat-ingredient-valerian-root","21":"product_cat-ingredient-white-willow","22":"product_cat-ingredient-yarrow","23":"product_cat-ingredient-yucca","24":"product_cat-structural","26":"first","27":"instock","28":"sale","29":"taxable","30":"shipping-taxable","31":"purchasable","32":"product-type-simple"},"group_of_quantity":0,"min_quantity":0,"max_quantity":12,"exclude_order_quantity_value_rules":"no","exclude_category_quantity_rules":"no","combine_variations":"no","acf":[],"_links":{"self":[{"href":"https:\/\/caringsunshine.com\/es\/wp-json\/wp\/v2\/product\/708","targetHints":{"allow":["GET"]}}],"collection":[{"href":"https:\/\/caringsunshine.com\/es\/wp-json\/wp\/v2\/product"}],"about":[{"href":"https:\/\/caringsunshine.com\/es\/wp-json\/wp\/v2\/types\/product"}],"replies":[{"embeddable":true,"href":"https:\/\/caringsunshine.com\/es\/wp-json\/wp\/v2\/comments?post=708"}],"version-history":[{"count":1,"href":"https:\/\/caringsunshine.com\/es\/wp-json\/wp\/v2\/product\/708\/revisions"}],"predecessor-version":[{"id":3641920,"href":"https:\/\/caringsunshine.com\/es\/wp-json\/wp\/v2\/product\/708\/revisions\/3641920"}],"wp:featuredmedia":[{"embeddable":true,"href":"https:\/\/caringsunshine.com\/es\/wp-json\/wp\/v2\/media\/2835703"}],"wp:attachment":[{"href":"https:\/\/caringsunshine.com\/es\/wp-json\/wp\/v2\/media?parent=708"}],"wp:term":[{"taxonomy":"product_brand","embeddable":true,"href":"https:\/\/caringsunshine.com\/es\/wp-json\/wp\/v2\/product_brand?post=708"},{"taxonomy":"product_cat","embeddable":true,"href":"https:\/\/caringsunshine.com\/es\/wp-json\/wp\/v2\/product_cat?post=708"},{"taxonomy":"product_tag","embeddable":true,"href":"https:\/\/caringsunshine.com\/es\/wp-json\/wp\/v2\/product_tag?post=708"}],"curies":[{"name":"wp","href":"https:\/\/api.w.org\/{rel}","templated":true}]}}