{"id":703,"date":"1999-12-31T16:00:00","date_gmt":"2000-01-01T00:00:00","guid":{"rendered":"http:\/\/caringsunshine.com\/supplements\/NaturesSunshine\/products\/slippery-elm-bulk.aspx"},"modified":"2026-04-18T00:55:40","modified_gmt":"2026-04-18T07:55:40","slug":"slippery-elm-bulk","status":"publish","type":"product","link":"https:\/\/caringsunshine.com\/es\/supplements\/NaturesSunshine\/products\/slippery-elm-bulk.aspx\/","title":{"rendered":"Olmo resbaladizo"},"content":{"rendered":"<p>El olmo resbaladizo de Nature's Sunshine ayuda al sistema digestivo. Tambi\u00e9n conocido como olmo rojo, olmo de alce, u olmo indio, el olmo resbaladizo es una buena fuente de muc\u00edlago, un polisac\u00e1rido que lubrica el sistema digestivo y alivia las molestias digestivas ocasionales. Utilizado como alimento de supervivencia por los primeros colonos americanos y por George Washington y sus tropas, tambi\u00e9n puede ser aplicado externamente como cataplasma para la piel.<\/p>\n<p>N\u00daMERO DE INVENTARIO: 1391-2<\/p>","protected":false},"excerpt":{"rendered":"<p>7 oz de polvo<\/p>","protected":false},"featured_media":3262057,"comment_status":"open","ping_status":"closed","template":"","meta":{"_acf_changed":false,"footnotes":""},"product_brand":[],"product_cat":[15,3,29,15910,85,81],"product_tag":[],"class_list":{"0":"post-703","1":"product","2":"type-product","3":"status-publish","4":"has-post-thumbnail","6":"product_cat-herbs","7":"product_cat-beauty-skin-care","8":"product_cat-colon-cleansing","9":"product_cat-ingredient-slippery-elm-bark","10":"product_cat-digestive","11":"product_cat-bulk-herbs","13":"first","14":"instock","15":"sale","16":"taxable","17":"shipping-taxable","18":"purchasable","19":"product-type-simple"},"group_of_quantity":0,"min_quantity":0,"max_quantity":12,"exclude_order_quantity_value_rules":"no","exclude_category_quantity_rules":"no","combine_variations":"no","acf":[],"_links":{"self":[{"href":"https:\/\/caringsunshine.com\/es\/wp-json\/wp\/v2\/product\/703","targetHints":{"allow":["GET"]}}],"collection":[{"href":"https:\/\/caringsunshine.com\/es\/wp-json\/wp\/v2\/product"}],"about":[{"href":"https:\/\/caringsunshine.com\/es\/wp-json\/wp\/v2\/types\/product"}],"replies":[{"embeddable":true,"href":"https:\/\/caringsunshine.com\/es\/wp-json\/wp\/v2\/comments?post=703"}],"version-history":[{"count":1,"href":"https:\/\/caringsunshine.com\/es\/wp-json\/wp\/v2\/product\/703\/revisions"}],"predecessor-version":[{"id":3650739,"href":"https:\/\/caringsunshine.com\/es\/wp-json\/wp\/v2\/product\/703\/revisions\/3650739"}],"wp:featuredmedia":[{"embeddable":true,"href":"https:\/\/caringsunshine.com\/es\/wp-json\/wp\/v2\/media\/3262057"}],"wp:attachment":[{"href":"https:\/\/caringsunshine.com\/es\/wp-json\/wp\/v2\/media?parent=703"}],"wp:term":[{"taxonomy":"product_brand","embeddable":true,"href":"https:\/\/caringsunshine.com\/es\/wp-json\/wp\/v2\/product_brand?post=703"},{"taxonomy":"product_cat","embeddable":true,"href":"https:\/\/caringsunshine.com\/es\/wp-json\/wp\/v2\/product_cat?post=703"},{"taxonomy":"product_tag","embeddable":true,"href":"https:\/\/caringsunshine.com\/es\/wp-json\/wp\/v2\/product_tag?post=703"}],"curies":[{"name":"wp","href":"https:\/\/api.w.org\/{rel}","templated":true}]}}