{"id":7,"date":"1999-12-31T16:00:00","date_gmt":"2000-01-01T00:00:00","guid":{"rendered":"http:\/\/caringsunshine.com\/supplements\/NaturesSunshine\/products\/bilberry-fruit-concentrate.aspx"},"modified":"2026-04-16T00:49:25","modified_gmt":"2026-04-16T07:49:25","slug":"bilberry-fruit-concentrate","status":"publish","type":"product","link":"https:\/\/caringsunshine.com\/es\/supplements\/NaturesSunshine\/products\/bilberry-fruit-concentrate.aspx\/","title":{"rendered":"Ar\u00e1ndanos (concentrado)"},"content":{"rendered":"<p>El ar\u00e1ndano (bilberry) se utiliz\u00f3 en la Segunda Guerra Mundial para mejorar la visi\u00f3n de los pilotos brit\u00e1nicos que volaban de noche. El ar\u00e1ndano contiene antioxidantes fuertes que, adem\u00e1s de apoyar la visi\u00f3n, tambi\u00e9n mantienen el sistema circulatorio. Cada comprimido de 40 mg del concentrado de Bilberry Fruit de Nature's Sunshine contiene un 25 por ciento de antocianinas, un antioxidante clave. El uso regular del Concentrado de Frutas de Ar\u00e1ndano permite que el cuerpo aproveche plenamente los beneficios nutricionales del ar\u00e1ndano.<\/p>","protected":false},"excerpt":{"rendered":"<p>60 comprimidos<\/p>","protected":false},"featured_media":2840777,"comment_status":"open","ping_status":"closed","template":"","meta":{"_acf_changed":false,"footnotes":""},"product_brand":[],"product_cat":[2,13,15,13488,13655,15501,26337,84],"product_tag":[],"class_list":{"0":"post-7","1":"product","2":"type-product","3":"status-publish","4":"has-post-thumbnail","6":"product_cat-antioxidants","7":"product_cat-eye-support","8":"product_cat-herbs","9":"product_cat-ingredient-bilberry","10":"product_cat-ingredient-calcium","11":"product_cat-ingredient-phosphorus","12":"product_cat-ingredient-silicon-dioxide","13":"product_cat-circulatory","15":"first","16":"instock","17":"sale","18":"taxable","19":"shipping-taxable","20":"purchasable","21":"product-type-simple"},"group_of_quantity":0,"min_quantity":0,"max_quantity":12,"exclude_order_quantity_value_rules":"no","exclude_category_quantity_rules":"no","combine_variations":"no","acf":[],"_links":{"self":[{"href":"https:\/\/caringsunshine.com\/es\/wp-json\/wp\/v2\/product\/7","targetHints":{"allow":["GET"]}}],"collection":[{"href":"https:\/\/caringsunshine.com\/es\/wp-json\/wp\/v2\/product"}],"about":[{"href":"https:\/\/caringsunshine.com\/es\/wp-json\/wp\/v2\/types\/product"}],"replies":[{"embeddable":true,"href":"https:\/\/caringsunshine.com\/es\/wp-json\/wp\/v2\/comments?post=7"}],"version-history":[{"count":1,"href":"https:\/\/caringsunshine.com\/es\/wp-json\/wp\/v2\/product\/7\/revisions"}],"predecessor-version":[{"id":3640901,"href":"https:\/\/caringsunshine.com\/es\/wp-json\/wp\/v2\/product\/7\/revisions\/3640901"}],"wp:featuredmedia":[{"embeddable":true,"href":"https:\/\/caringsunshine.com\/es\/wp-json\/wp\/v2\/media\/2840777"}],"wp:attachment":[{"href":"https:\/\/caringsunshine.com\/es\/wp-json\/wp\/v2\/media?parent=7"}],"wp:term":[{"taxonomy":"product_brand","embeddable":true,"href":"https:\/\/caringsunshine.com\/es\/wp-json\/wp\/v2\/product_brand?post=7"},{"taxonomy":"product_cat","embeddable":true,"href":"https:\/\/caringsunshine.com\/es\/wp-json\/wp\/v2\/product_cat?post=7"},{"taxonomy":"product_tag","embeddable":true,"href":"https:\/\/caringsunshine.com\/es\/wp-json\/wp\/v2\/product_tag?post=7"}],"curies":[{"name":"wp","href":"https:\/\/api.w.org\/{rel}","templated":true}]}}