{"id":699,"date":"1999-12-31T16:00:00","date_gmt":"2000-01-01T00:00:00","guid":{"rendered":"http:\/\/caringsunshine.com\/supplements\/NaturesSunshine\/products\/aloe-vera-freeze-dried.aspx"},"modified":"2026-04-16T01:07:49","modified_gmt":"2026-04-16T08:07:49","slug":"aloe-vera-freeze-dried","status":"publish","type":"product","link":"https:\/\/caringsunshine.com\/es\/supplements\/NaturesSunshine\/products\/aloe-vera-freeze-dried.aspx\/","title":{"rendered":"Aloe Vera (liofilizado)"},"content":{"rendered":"<p>El Aloe Vera de Nature's Sunshine aporta vitaminas y nutrientes esenciales para el cuerpo, especialmente para el sistema intestinal. El aloe vera contiene vitaminas B1, B2, B6, C, niacinamida, colina, y 18 amino\u00e1cidos. El procesamiento excesivo del aloe vera disminuye los beneficios nutricionales de la hierba. Aunque algunos fabricantes afirman que su aloe vera tiene un sabor agradable, sus f\u00f3rmulas de aloe vera s\u00f3lo contienen entre un 10 y un 15 por ciento de aloe vera. Nature's Sunshine mantiene los nutrientes esenciales a trav\u00e9s de un procesamiento especial, y cada c\u00e1psula est\u00e1 hecha de 100% de l\u00edquido de aloe vera puro. Se a\u00f1ade benzoato de sodio como un conservante seguro.<\/p>","protected":false},"excerpt":{"rendered":"<p>64 c\u00e1psulas<\/p>","protected":false},"featured_media":2911223,"comment_status":"open","ping_status":"closed","template":"","meta":{"_acf_changed":false,"footnotes":""},"product_brand":[],"product_cat":[3,15,13188,21,85,89],"product_tag":[],"class_list":{"0":"post-699","1":"product","2":"type-product","3":"status-publish","4":"has-post-thumbnail","6":"product_cat-beauty-skin-care","7":"product_cat-herbs","8":"product_cat-ingredient-aloe-vera","9":"product_cat-vitamins-minerals","10":"product_cat-digestive","11":"product_cat-intestinal","13":"first","14":"instock","15":"sale","16":"taxable","17":"shipping-taxable","18":"purchasable","19":"product-type-simple"},"group_of_quantity":0,"min_quantity":0,"max_quantity":12,"exclude_order_quantity_value_rules":"no","exclude_category_quantity_rules":"no","combine_variations":"no","acf":[],"_links":{"self":[{"href":"https:\/\/caringsunshine.com\/es\/wp-json\/wp\/v2\/product\/699","targetHints":{"allow":["GET"]}}],"collection":[{"href":"https:\/\/caringsunshine.com\/es\/wp-json\/wp\/v2\/product"}],"about":[{"href":"https:\/\/caringsunshine.com\/es\/wp-json\/wp\/v2\/types\/product"}],"replies":[{"embeddable":true,"href":"https:\/\/caringsunshine.com\/es\/wp-json\/wp\/v2\/comments?post=699"}],"version-history":[{"count":2,"href":"https:\/\/caringsunshine.com\/es\/wp-json\/wp\/v2\/product\/699\/revisions"}],"predecessor-version":[{"id":3378188,"href":"https:\/\/caringsunshine.com\/es\/wp-json\/wp\/v2\/product\/699\/revisions\/3378188"}],"wp:featuredmedia":[{"embeddable":true,"href":"https:\/\/caringsunshine.com\/es\/wp-json\/wp\/v2\/media\/2911223"}],"wp:attachment":[{"href":"https:\/\/caringsunshine.com\/es\/wp-json\/wp\/v2\/media?parent=699"}],"wp:term":[{"taxonomy":"product_brand","embeddable":true,"href":"https:\/\/caringsunshine.com\/es\/wp-json\/wp\/v2\/product_brand?post=699"},{"taxonomy":"product_cat","embeddable":true,"href":"https:\/\/caringsunshine.com\/es\/wp-json\/wp\/v2\/product_cat?post=699"},{"taxonomy":"product_tag","embeddable":true,"href":"https:\/\/caringsunshine.com\/es\/wp-json\/wp\/v2\/product_tag?post=699"}],"curies":[{"name":"wp","href":"https:\/\/api.w.org\/{rel}","templated":true}]}}