{"id":693,"date":"1999-12-31T16:00:00","date_gmt":"2000-01-01T00:00:00","guid":{"rendered":"http:\/\/caringsunshine.com\/supplements\/NaturesSunshine\/products\/bifidophilus-flora-force.aspx"},"modified":"2026-04-17T20:31:38","modified_gmt":"2026-04-18T03:31:38","slug":"bifidophilus-flora-force","status":"publish","type":"product","link":"https:\/\/caringsunshine.com\/es\/supplements\/NaturesSunshine\/products\/bifidophilus-flora-force.aspx\/","title":{"rendered":"Bifidophilus Flora Force"},"content":{"rendered":"<p>Bifidophilus Flora Force\u00ae de Nature's Sunshine mantiene el entorno del tracto intestinal para favorecer un equilibrio saludable de la flora. Esta flora amigable puede disminuirse por causa de factores diversos como el estr\u00e9s, las condiciones ambientales, o ciertas sustancias que pasan por el sistema digestivo.<\/p>\n<p>Microorganismos contenidos en Bifidophilus Flora Force - Lactobacillus acidophilus, bifidobacterium longem, L. casei, y L. rhamnosus - nutren el sistema inmunitario y ofrecen propiedades probi\u00f3ticas. Un nutriente adicional, los fructooligasac\u00e1ridos de cadena corta y larga, fomenta el crecimiento de otros organismos beneficiosos para ayudar a la funci\u00f3n digestiva.<\/p>\n<p>Bifidophilus Flora Force debe ser tomado a diario para equilibrar la flora amistosa. Se conserva mejor refrigerado o congelado. Las c\u00e1psulas de Bifidophilus Flora Force incluyen una f\u00f3rmula de liberaci\u00f3n modificada para retrasar la liberaci\u00f3n de los nutrientes contenidos hasta que lleguen al tracto intestinal.<\/p>\n<p>N\u00daMERO DE STOCK: 4080-4<\/p>","protected":false},"excerpt":{"rendered":"<p>90 c\u00e1psulas<\/p>","protected":false},"featured_media":2830815,"comment_status":"open","ping_status":"closed","template":"","meta":{"_acf_changed":false,"footnotes":""},"product_brand":[],"product_cat":[9,6,1,27,13485,14933,14936,14953,85,93],"product_tag":[],"class_list":{"0":"post-693","1":"product","2":"type-product","3":"status-publish","4":"has-post-thumbnail","6":"product_cat-digestive-health","7":"product_cat-children","8":"product_cat-allergy-immune","9":"product_cat-probiotics","10":"product_cat-ingredient-bifidobacterium-longum","11":"product_cat-ingredient-lactobacillus-acidophilus","12":"product_cat-ingredient-lactobacillus-casei","13":"product_cat-ingredient-lactobacillus-rhamnosus","14":"product_cat-digestive","15":"product_cat-urinary","17":"first","18":"instock","19":"sale","20":"taxable","21":"shipping-taxable","22":"purchasable","23":"product-type-simple"},"group_of_quantity":0,"min_quantity":0,"max_quantity":12,"exclude_order_quantity_value_rules":"no","exclude_category_quantity_rules":"no","combine_variations":"no","acf":[],"_links":{"self":[{"href":"https:\/\/caringsunshine.com\/es\/wp-json\/wp\/v2\/product\/693","targetHints":{"allow":["GET"]}}],"collection":[{"href":"https:\/\/caringsunshine.com\/es\/wp-json\/wp\/v2\/product"}],"about":[{"href":"https:\/\/caringsunshine.com\/es\/wp-json\/wp\/v2\/types\/product"}],"replies":[{"embeddable":true,"href":"https:\/\/caringsunshine.com\/es\/wp-json\/wp\/v2\/comments?post=693"}],"version-history":[{"count":1,"href":"https:\/\/caringsunshine.com\/es\/wp-json\/wp\/v2\/product\/693\/revisions"}],"predecessor-version":[{"id":3360638,"href":"https:\/\/caringsunshine.com\/es\/wp-json\/wp\/v2\/product\/693\/revisions\/3360638"}],"wp:featuredmedia":[{"embeddable":true,"href":"https:\/\/caringsunshine.com\/es\/wp-json\/wp\/v2\/media\/2830815"}],"wp:attachment":[{"href":"https:\/\/caringsunshine.com\/es\/wp-json\/wp\/v2\/media?parent=693"}],"wp:term":[{"taxonomy":"product_brand","embeddable":true,"href":"https:\/\/caringsunshine.com\/es\/wp-json\/wp\/v2\/product_brand?post=693"},{"taxonomy":"product_cat","embeddable":true,"href":"https:\/\/caringsunshine.com\/es\/wp-json\/wp\/v2\/product_cat?post=693"},{"taxonomy":"product_tag","embeddable":true,"href":"https:\/\/caringsunshine.com\/es\/wp-json\/wp\/v2\/product_tag?post=693"}],"curies":[{"name":"wp","href":"https:\/\/api.w.org\/{rel}","templated":true}]}}