{"id":690,"date":"1999-12-31T16:00:00","date_gmt":"2000-01-01T00:00:00","guid":{"rendered":"http:\/\/caringsunshine.com\/supplements\/NaturesSunshine\/products\/high-potency-protease.aspx"},"modified":"2026-04-18T01:12:39","modified_gmt":"2026-04-18T08:12:39","slug":"high-potency-protease","status":"publish","type":"product","link":"https:\/\/caringsunshine.com\/es\/supplements\/NaturesSunshine\/products\/high-potency-protease.aspx\/","title":{"rendered":"Proteasa de alta potencia"},"content":{"rendered":"<p>High-Potency Protease de Nature's Sunshine promueve la digesti\u00f3n de las prote\u00ednas y la absorci\u00f3n de los nutrientes. La proteasa, una enzima clave en el proceso digestivo, ayuda al cuerpo a descomponer las prote\u00ednas. High-Potency Protease ayuda a digerir los alimentos ricos en prote\u00ednas, as\u00ed como a descomponer las prote\u00ednas extra\u00f1as de la mucosidad o la salud arterial. La proteasa tambi\u00e9n proporciona apoyo esencial al sistema inmunol\u00f3gico y circulatorio. Cada c\u00e1psula equivale a 3 c\u00e1psulas de Protease Plus y contiene 180.000 HUT's de proteasa.<\/p>\n<p>N\u00daMERO DE INVENTARIO: 1876-1<\/p>","protected":false},"excerpt":{"rendered":"<p>60 c\u00e1psulas<\/p>","protected":false},"featured_media":2838012,"comment_status":"open","ping_status":"closed","template":"","meta":{"_acf_changed":false,"footnotes":""},"product_brand":[],"product_cat":[28,1,9,13429,15618,16098,84,85],"product_tag":[],"class_list":{"0":"post-690","1":"product","2":"type-product","3":"status-publish","4":"has-post-thumbnail","6":"product_cat-food-enzymes","7":"product_cat-allergy-immune","8":"product_cat-digestive-health","9":"product_cat-ingredient-beet","10":"product_cat-ingredient-protease","11":"product_cat-ingredient-trace-minerals","12":"product_cat-circulatory","13":"product_cat-digestive","15":"first","16":"instock","17":"sale","18":"taxable","19":"shipping-taxable","20":"purchasable","21":"product-type-simple"},"group_of_quantity":0,"min_quantity":0,"max_quantity":12,"exclude_order_quantity_value_rules":"no","exclude_category_quantity_rules":"no","combine_variations":"no","acf":[],"_links":{"self":[{"href":"https:\/\/caringsunshine.com\/es\/wp-json\/wp\/v2\/product\/690","targetHints":{"allow":["GET"]}}],"collection":[{"href":"https:\/\/caringsunshine.com\/es\/wp-json\/wp\/v2\/product"}],"about":[{"href":"https:\/\/caringsunshine.com\/es\/wp-json\/wp\/v2\/types\/product"}],"replies":[{"embeddable":true,"href":"https:\/\/caringsunshine.com\/es\/wp-json\/wp\/v2\/comments?post=690"}],"version-history":[{"count":1,"href":"https:\/\/caringsunshine.com\/es\/wp-json\/wp\/v2\/product\/690\/revisions"}],"predecessor-version":[{"id":3650624,"href":"https:\/\/caringsunshine.com\/es\/wp-json\/wp\/v2\/product\/690\/revisions\/3650624"}],"wp:featuredmedia":[{"embeddable":true,"href":"https:\/\/caringsunshine.com\/es\/wp-json\/wp\/v2\/media\/2838012"}],"wp:attachment":[{"href":"https:\/\/caringsunshine.com\/es\/wp-json\/wp\/v2\/media?parent=690"}],"wp:term":[{"taxonomy":"product_brand","embeddable":true,"href":"https:\/\/caringsunshine.com\/es\/wp-json\/wp\/v2\/product_brand?post=690"},{"taxonomy":"product_cat","embeddable":true,"href":"https:\/\/caringsunshine.com\/es\/wp-json\/wp\/v2\/product_cat?post=690"},{"taxonomy":"product_tag","embeddable":true,"href":"https:\/\/caringsunshine.com\/es\/wp-json\/wp\/v2\/product_tag?post=690"}],"curies":[{"name":"wp","href":"https:\/\/api.w.org\/{rel}","templated":true}]}}