{"id":686,"date":"1999-12-31T16:00:00","date_gmt":"2000-01-01T00:00:00","guid":{"rendered":"http:\/\/caringsunshine.com\/supplements\/NaturesSunshine\/products\/lymphatic-drainage.aspx"},"modified":"2026-04-08T01:29:15","modified_gmt":"2026-04-08T08:29:15","slug":"lymphatic-drainage","status":"publish","type":"product","link":"https:\/\/caringsunshine.com\/es\/supplements\/NaturesSunshine\/products\/lymphatic-drainage.aspx\/","title":{"rendered":"Lymphatic Drainage"},"content":{"rendered":"<p>Nature's Sunshine Lymphatic Drainage contiene nutrientes que ayudan a la correcta dispersi\u00f3n del l\u00edquido linf\u00e1tico. El sistema linf\u00e1tico ayuda a mantener el cuerpo sano eliminando los residuos del metabolismo celular. Nature's Sunshine Lymphatic Drainage ayuda a este proceso para un mayor bienestar. Lymphatic Drainage contiene cleavers, tr\u00e9bol rojo, ra\u00edz de stillingia y corteza de fresno espinoso.<\/p>\n<p>N\u00daMERO DE INVENTARIO: 3171-7<\/p>","protected":false},"excerpt":{"rendered":"<p>2 fl oz<\/p>","protected":false},"featured_media":2911384,"comment_status":"open","ping_status":"closed","template":"","meta":{"_acf_changed":false,"footnotes":""},"product_brand":[],"product_cat":[15,29,1,13899,15598,15694,15971,84],"product_tag":[],"class_list":{"0":"post-686","1":"product","2":"type-product","3":"status-publish","4":"has-post-thumbnail","6":"product_cat-herbs","7":"product_cat-colon-cleansing","8":"product_cat-allergy-immune","9":"product_cat-ingredient-cleavers","10":"product_cat-ingredient-prickly-ash","11":"product_cat-ingredient-red-clover","12":"product_cat-ingredient-stillingia","13":"product_cat-circulatory","15":"first","16":"instock","17":"sale","18":"taxable","19":"shipping-taxable","20":"purchasable","21":"product-type-simple"},"group_of_quantity":0,"min_quantity":0,"max_quantity":12,"exclude_order_quantity_value_rules":"no","exclude_category_quantity_rules":"no","combine_variations":"no","acf":[],"_links":{"self":[{"href":"https:\/\/caringsunshine.com\/es\/wp-json\/wp\/v2\/product\/686","targetHints":{"allow":["GET"]}}],"collection":[{"href":"https:\/\/caringsunshine.com\/es\/wp-json\/wp\/v2\/product"}],"about":[{"href":"https:\/\/caringsunshine.com\/es\/wp-json\/wp\/v2\/types\/product"}],"replies":[{"embeddable":true,"href":"https:\/\/caringsunshine.com\/es\/wp-json\/wp\/v2\/comments?post=686"}],"version-history":[{"count":2,"href":"https:\/\/caringsunshine.com\/es\/wp-json\/wp\/v2\/product\/686\/revisions"}],"predecessor-version":[{"id":3598049,"href":"https:\/\/caringsunshine.com\/es\/wp-json\/wp\/v2\/product\/686\/revisions\/3598049"}],"wp:featuredmedia":[{"embeddable":true,"href":"https:\/\/caringsunshine.com\/es\/wp-json\/wp\/v2\/media\/2911384"}],"wp:attachment":[{"href":"https:\/\/caringsunshine.com\/es\/wp-json\/wp\/v2\/media?parent=686"}],"wp:term":[{"taxonomy":"product_brand","embeddable":true,"href":"https:\/\/caringsunshine.com\/es\/wp-json\/wp\/v2\/product_brand?post=686"},{"taxonomy":"product_cat","embeddable":true,"href":"https:\/\/caringsunshine.com\/es\/wp-json\/wp\/v2\/product_cat?post=686"},{"taxonomy":"product_tag","embeddable":true,"href":"https:\/\/caringsunshine.com\/es\/wp-json\/wp\/v2\/product_tag?post=686"}],"curies":[{"name":"wp","href":"https:\/\/api.w.org\/{rel}","templated":true}]}}