{"id":685,"date":"1999-12-31T16:00:00","date_gmt":"2000-01-01T00:00:00","guid":{"rendered":"http:\/\/caringsunshine.com\/supplements\/NaturesSunshine\/products\/n-acetyl-crysteine.aspx"},"modified":"2026-04-18T00:43:44","modified_gmt":"2026-04-18T07:43:44","slug":"n-acetyl-cysteine","status":"publish","type":"product","link":"https:\/\/caringsunshine.com\/es\/supplements\/NaturesSunshine\/products\/n-acetyl-cysteine.aspx\/","title":{"rendered":"N-acetil ciste\u00edna (300 mg)"},"content":{"rendered":"<p>La N-Acetyl Cysteine de Nature's Sunshine proporciona una l\u00ednea de defensa contra los radicales libres y las toxinas perjudiciales para el cuerpo. Precursor de uno de los antioxidantes m\u00e1s potentes, la N-Acetil Ciste\u00edna beneficia al h\u00edgado, al sistema cardiovascular, a la piel, y a los ojos. Nature's Sunshine N-Acetyl Cysteine tambi\u00e9n contiene c\u00farcuma, que ayuda al h\u00edgado. Provee 250 mg de N-Acetil Ciste\u00edna por tableta.<\/p>\n<p>N\u00daMERO DE STOCK: 509-7<\/p>","protected":false},"excerpt":{"rendered":"<p>60 comprimidos<\/p>","protected":false},"featured_media":2885869,"comment_status":"open","ping_status":"closed","template":"","meta":{"_acf_changed":false,"footnotes":""},"product_brand":[],"product_cat":[2,24629,15271,26337,3089],"product_tag":[],"class_list":{"0":"post-685","1":"product","2":"type-product","3":"status-publish","4":"has-post-thumbnail","6":"product_cat-antioxidants","7":"product_cat-ingredient-dicalcium-phosphate","8":"product_cat-ingredient-n-acetyl-cysteine-nac","9":"product_cat-ingredient-silicon-dioxide","10":"product_cat-liver-detoxification","12":"first","13":"instock","14":"sale","15":"taxable","16":"shipping-taxable","17":"purchasable","18":"product-type-simple"},"group_of_quantity":0,"min_quantity":0,"max_quantity":12,"exclude_order_quantity_value_rules":"no","exclude_category_quantity_rules":"no","combine_variations":"no","acf":[],"_links":{"self":[{"href":"https:\/\/caringsunshine.com\/es\/wp-json\/wp\/v2\/product\/685","targetHints":{"allow":["GET"]}}],"collection":[{"href":"https:\/\/caringsunshine.com\/es\/wp-json\/wp\/v2\/product"}],"about":[{"href":"https:\/\/caringsunshine.com\/es\/wp-json\/wp\/v2\/types\/product"}],"replies":[{"embeddable":true,"href":"https:\/\/caringsunshine.com\/es\/wp-json\/wp\/v2\/comments?post=685"}],"version-history":[{"count":2,"href":"https:\/\/caringsunshine.com\/es\/wp-json\/wp\/v2\/product\/685\/revisions"}],"predecessor-version":[{"id":3650476,"href":"https:\/\/caringsunshine.com\/es\/wp-json\/wp\/v2\/product\/685\/revisions\/3650476"}],"wp:featuredmedia":[{"embeddable":true,"href":"https:\/\/caringsunshine.com\/es\/wp-json\/wp\/v2\/media\/2885869"}],"wp:attachment":[{"href":"https:\/\/caringsunshine.com\/es\/wp-json\/wp\/v2\/media?parent=685"}],"wp:term":[{"taxonomy":"product_brand","embeddable":true,"href":"https:\/\/caringsunshine.com\/es\/wp-json\/wp\/v2\/product_brand?post=685"},{"taxonomy":"product_cat","embeddable":true,"href":"https:\/\/caringsunshine.com\/es\/wp-json\/wp\/v2\/product_cat?post=685"},{"taxonomy":"product_tag","embeddable":true,"href":"https:\/\/caringsunshine.com\/es\/wp-json\/wp\/v2\/product_tag?post=685"}],"curies":[{"name":"wp","href":"https:\/\/api.w.org\/{rel}","templated":true}]}}