{"id":682,"date":"1999-12-31T16:00:00","date_gmt":"2000-01-01T00:00:00","guid":{"rendered":"http:\/\/caringsunshine.com\/supplements\/NaturesSunshine\/products\/CellularEnergy.aspx"},"modified":"2026-04-18T00:27:56","modified_gmt":"2026-04-18T07:27:56","slug":"cellularenergy","status":"publish","type":"product","link":"https:\/\/caringsunshine.com\/es\/supplements\/NaturesSunshine\/products\/cellularenergy.aspx\/","title":{"rendered":"Energ\u00eda celular"},"content":{"rendered":"<p>Cellular Energy de Nature's Sunshine contiene vitaminas, minerales, amino\u00e1cidos y otros cofactores que ayudan al metabolismo saludable y a la producci\u00f3n de energ\u00eda del cuerpo. Cellular Energy es justo lo que se necesita para un impulso de energ\u00eda durante un d\u00eda de trabajo agotador, o para disminuir la fatiga despu\u00e9s de una actividad extenuante.<\/p>\n<p>Nature's Sunshine Cellular energy contiene vitaminas del grupo B, vitamina E, niacina, \u00e1cido pantot\u00e9nico, zinc y manganeso, adem\u00e1s de \u00e1cido fer\u00falico, \u00e1cido alfa lipoico, \u00e1cido alfa cetoglut\u00e1rico, L-carnitina, coenzima-Q10 y dimetil glicina.<\/p>\n<p>N\u00daMERO DE INVENTARIO: 1879-6<\/p>","protected":false},"excerpt":{"rendered":"<p>60 c\u00e1psulas<\/p>","protected":false},"featured_media":2879339,"comment_status":"open","ping_status":"closed","template":"","meta":{"_acf_changed":false,"footnotes":""},"product_brand":[],"product_cat":[10,15,23782,13205,13924,24629,14346,14897,15101,15122,15303,15407,15725,26337,16072,16214,16300,118,71],"product_tag":[3100,146],"class_list":{"0":"post-682","1":"product","2":"type-product","3":"status-publish","4":"has-post-thumbnail","6":"product_cat-energy","7":"product_cat-herbs","8":"product_cat-ingredient-alpha-lipoic-acid-2","9":"product_cat-ingredient-alpha-ketoglutarate-akg","10":"product_cat-ingredient-coenzyme-q10-coq10","11":"product_cat-ingredient-dicalcium-phosphate","12":"product_cat-ingredient-ferulic-acid","13":"product_cat-ingredient-l-carnitine","14":"product_cat-ingredient-magnesium","15":"product_cat-ingredient-manganese","16":"product_cat-ingredient-niacin-vitamin-b3","17":"product_cat-ingredient-pantothenic-acid-vitamin-b5","18":"product_cat-ingredient-riboflavin-vitamin-b2","19":"product_cat-ingredient-silicon-dioxide","20":"product_cat-ingredient-thiamin-vitamin-b1","21":"product_cat-ingredient-vitamin-e","22":"product_cat-ingredient-zinc","23":"product_cat-uncategorized","24":"product_cat-cellular","25":"product_tag-non-gmo","26":"product_tag-organic","28":"first","29":"onbackorder","30":"taxable","31":"shipping-taxable","32":"purchasable","33":"product-type-simple"},"group_of_quantity":0,"min_quantity":0,"max_quantity":12,"exclude_order_quantity_value_rules":"no","exclude_category_quantity_rules":"no","combine_variations":"no","acf":[],"_links":{"self":[{"href":"https:\/\/caringsunshine.com\/es\/wp-json\/wp\/v2\/product\/682","targetHints":{"allow":["GET"]}}],"collection":[{"href":"https:\/\/caringsunshine.com\/es\/wp-json\/wp\/v2\/product"}],"about":[{"href":"https:\/\/caringsunshine.com\/es\/wp-json\/wp\/v2\/types\/product"}],"replies":[{"embeddable":true,"href":"https:\/\/caringsunshine.com\/es\/wp-json\/wp\/v2\/comments?post=682"}],"version-history":[{"count":0,"href":"https:\/\/caringsunshine.com\/es\/wp-json\/wp\/v2\/product\/682\/revisions"}],"wp:featuredmedia":[{"embeddable":true,"href":"https:\/\/caringsunshine.com\/es\/wp-json\/wp\/v2\/media\/2879339"}],"wp:attachment":[{"href":"https:\/\/caringsunshine.com\/es\/wp-json\/wp\/v2\/media?parent=682"}],"wp:term":[{"taxonomy":"product_brand","embeddable":true,"href":"https:\/\/caringsunshine.com\/es\/wp-json\/wp\/v2\/product_brand?post=682"},{"taxonomy":"product_cat","embeddable":true,"href":"https:\/\/caringsunshine.com\/es\/wp-json\/wp\/v2\/product_cat?post=682"},{"taxonomy":"product_tag","embeddable":true,"href":"https:\/\/caringsunshine.com\/es\/wp-json\/wp\/v2\/product_tag?post=682"}],"curies":[{"name":"wp","href":"https:\/\/api.w.org\/{rel}","templated":true}]}}