{"id":677,"date":"1999-12-31T16:00:00","date_gmt":"2000-01-01T00:00:00","guid":{"rendered":"http:\/\/caringsunshine.com\/supplements\/NaturesSunshine\/products\/heavy-metal-detox.aspx"},"modified":"2026-04-19T01:05:44","modified_gmt":"2026-04-19T08:05:44","slug":"heavy-metal-detox","status":"publish","type":"product","link":"https:\/\/caringsunshine.com\/es\/supplements\/NaturesSunshine\/products\/heavy-metal-detox.aspx\/","title":{"rendered":"Desintoxicaci\u00f3n de metales pesados"},"content":{"rendered":"<p>Nature's Sunshine Heavy Metal Detox trabaja para unirse a los metales pesados en el sistema digestivo y eliminarlos del cuerpo. La mitad o m\u00e1s de los residentes de los Estados Unidos se enfrentan a la exposici\u00f3n a metales pesados, incluyendo el plomo, el mercurio, el aluminio, el cadmio y el ars\u00e9nico, todos ellos encontrados en los subproductos de la fabricaci\u00f3n, los pesticidas, e incluso el agua potable, los empastes dentales o los utensilios de cocina. Heavy Metal Detox apoya los procesos naturales de limpieza del cuerpo para eliminar los metales pesados y proporcionar nutrientes importantes. Heavy Metal Detox incluye N-acetil-ciste\u00edna, pectina de manzana, alginato de sodio, algas kelp, l-metionina, \u00e1cido alfa lipoico, magnesio y piridoxal-5-fosfato.<\/p>\n<p>N\u00daMERO DE INVENTARIO: 507-1<\/p>","protected":false},"excerpt":{"rendered":"<p>90 c\u00e1psulas<\/p>","protected":false},"featured_media":2840510,"comment_status":"open","ping_status":"closed","template":"","meta":{"_acf_changed":false,"footnotes":""},"product_brand":[],"product_cat":[29,15,1,23782,13275,13843,14865,14909,15101,15199,15271,16210,3089],"product_tag":[],"class_list":{"0":"post-677","1":"product","2":"type-product","3":"status-publish","4":"has-post-thumbnail","6":"product_cat-colon-cleansing","7":"product_cat-herbs","8":"product_cat-allergy-immune","9":"product_cat-ingredient-alpha-lipoic-acid-2","10":"product_cat-ingredient-apple","11":"product_cat-ingredient-chlorella","12":"product_cat-ingredient-kelp","13":"product_cat-ingredient-l-methionine","14":"product_cat-ingredient-magnesium","15":"product_cat-ingredient-milk-thistle","16":"product_cat-ingredient-n-acetyl-cysteine-nac","17":"product_cat-ingredient-vitamin-b6","18":"product_cat-liver-detoxification","20":"first","21":"instock","22":"sale","23":"taxable","24":"shipping-taxable","25":"purchasable","26":"product-type-simple"},"group_of_quantity":0,"min_quantity":0,"max_quantity":12,"exclude_order_quantity_value_rules":"no","exclude_category_quantity_rules":"no","combine_variations":"no","acf":[],"_links":{"self":[{"href":"https:\/\/caringsunshine.com\/es\/wp-json\/wp\/v2\/product\/677","targetHints":{"allow":["GET"]}}],"collection":[{"href":"https:\/\/caringsunshine.com\/es\/wp-json\/wp\/v2\/product"}],"about":[{"href":"https:\/\/caringsunshine.com\/es\/wp-json\/wp\/v2\/types\/product"}],"replies":[{"embeddable":true,"href":"https:\/\/caringsunshine.com\/es\/wp-json\/wp\/v2\/comments?post=677"}],"version-history":[{"count":2,"href":"https:\/\/caringsunshine.com\/es\/wp-json\/wp\/v2\/product\/677\/revisions"}],"predecessor-version":[{"id":3641814,"href":"https:\/\/caringsunshine.com\/es\/wp-json\/wp\/v2\/product\/677\/revisions\/3641814"}],"wp:featuredmedia":[{"embeddable":true,"href":"https:\/\/caringsunshine.com\/es\/wp-json\/wp\/v2\/media\/2840510"}],"wp:attachment":[{"href":"https:\/\/caringsunshine.com\/es\/wp-json\/wp\/v2\/media?parent=677"}],"wp:term":[{"taxonomy":"product_brand","embeddable":true,"href":"https:\/\/caringsunshine.com\/es\/wp-json\/wp\/v2\/product_brand?post=677"},{"taxonomy":"product_cat","embeddable":true,"href":"https:\/\/caringsunshine.com\/es\/wp-json\/wp\/v2\/product_cat?post=677"},{"taxonomy":"product_tag","embeddable":true,"href":"https:\/\/caringsunshine.com\/es\/wp-json\/wp\/v2\/product_tag?post=677"}],"curies":[{"name":"wp","href":"https:\/\/api.w.org\/{rel}","templated":true}]}}