{"id":676,"date":"1999-12-31T16:00:00","date_gmt":"2000-01-01T00:00:00","guid":{"rendered":"http:\/\/caringsunshine.com\/supplements\/NaturesSunshine\/products\/yeast-fungal-detox.aspx"},"modified":"2026-04-17T06:07:47","modified_gmt":"2026-04-17T13:07:47","slug":"yeast-fungal-detox","status":"publish","type":"product","link":"https:\/\/caringsunshine.com\/es\/supplements\/NaturesSunshine\/products\/yeast-fungal-detox.aspx\/","title":{"rendered":"Desintoxicaci\u00f3n de levaduras y hongos"},"content":{"rendered":"<p>Yeast Fungal Detox de Nature's Sunshine equilibra la levadura y la microflora amigable para mantener los sistemas inmunol\u00f3gico, digestivo, y urinario funcionando correctamente. El equilibrio de la levadura y la microflora puede ser afectado por la falta de nutrientes en la dieta moderna u otros factores, pero esta f\u00f3rmula promueve la desintoxicaci\u00f3n adecuada y fomenta un entorno saludable para que la microflora florezca. Yeast Fungal Detox est\u00e1 repleto de nutrientes procedentes de los siguientes ingredientes: \u00e1cido capr\u00edlico, \u00e1cido propi\u00f3nico, \u00e1cido s\u00f3rbico, ra\u00edz de Echinacea angustifolia, or\u00e9gano, ajo, pau d'arco, selenio, y zinc.<\/p>\n<p>N\u00daMERO DE STOCK: 508-9<\/p>","protected":false},"excerpt":{"rendered":"<p>90 c\u00e1psulas<\/p>","protected":false},"featured_media":3261823,"comment_status":"open","ping_status":"closed","template":"","meta":{"_acf_changed":false,"footnotes":""},"product_brand":[],"product_cat":[29,15,1,13703,14205,14477,15358,15427,15836,16300,85],"product_tag":[],"class_list":{"0":"post-676","1":"product","2":"type-product","3":"status-publish","4":"has-post-thumbnail","6":"product_cat-colon-cleansing","7":"product_cat-herbs","8":"product_cat-allergy-immune","9":"product_cat-ingredient-caprylic-acid","10":"product_cat-ingredient-echinacea-purpurea","11":"product_cat-ingredient-garlic-bulb","12":"product_cat-ingredient-oregano","13":"product_cat-ingredient-pau-darco","14":"product_cat-ingredient-selenium","15":"product_cat-ingredient-zinc","16":"product_cat-digestive","18":"first","19":"instock","20":"sale","21":"taxable","22":"shipping-taxable","23":"purchasable","24":"product-type-simple"},"group_of_quantity":0,"min_quantity":0,"max_quantity":12,"exclude_order_quantity_value_rules":"no","exclude_category_quantity_rules":"no","combine_variations":"no","acf":[],"_links":{"self":[{"href":"https:\/\/caringsunshine.com\/es\/wp-json\/wp\/v2\/product\/676","targetHints":{"allow":["GET"]}}],"collection":[{"href":"https:\/\/caringsunshine.com\/es\/wp-json\/wp\/v2\/product"}],"about":[{"href":"https:\/\/caringsunshine.com\/es\/wp-json\/wp\/v2\/types\/product"}],"replies":[{"embeddable":true,"href":"https:\/\/caringsunshine.com\/es\/wp-json\/wp\/v2\/comments?post=676"}],"version-history":[{"count":1,"href":"https:\/\/caringsunshine.com\/es\/wp-json\/wp\/v2\/product\/676\/revisions"}],"predecessor-version":[{"id":3651197,"href":"https:\/\/caringsunshine.com\/es\/wp-json\/wp\/v2\/product\/676\/revisions\/3651197"}],"wp:featuredmedia":[{"embeddable":true,"href":"https:\/\/caringsunshine.com\/es\/wp-json\/wp\/v2\/media\/3261823"}],"wp:attachment":[{"href":"https:\/\/caringsunshine.com\/es\/wp-json\/wp\/v2\/media?parent=676"}],"wp:term":[{"taxonomy":"product_brand","embeddable":true,"href":"https:\/\/caringsunshine.com\/es\/wp-json\/wp\/v2\/product_brand?post=676"},{"taxonomy":"product_cat","embeddable":true,"href":"https:\/\/caringsunshine.com\/es\/wp-json\/wp\/v2\/product_cat?post=676"},{"taxonomy":"product_tag","embeddable":true,"href":"https:\/\/caringsunshine.com\/es\/wp-json\/wp\/v2\/product_tag?post=676"}],"curies":[{"name":"wp","href":"https:\/\/api.w.org\/{rel}","templated":true}]}}