{"id":649,"date":"1999-12-31T16:00:00","date_gmt":"2000-01-01T00:00:00","guid":{"rendered":"http:\/\/caringsunshine.com\/supplements\/NaturesSunshine\/products\/menstrual-reg.aspx"},"modified":"2026-05-01T14:05:53","modified_gmt":"2026-05-01T21:05:53","slug":"menstrual-reg","status":"publish","type":"product","link":"https:\/\/caringsunshine.com\/es\/supplements\/NaturesSunshine\/products\/menstrual-reg.aspx\/","title":{"rendered":"Regulaci\u00f3n menstrual"},"content":{"rendered":"<p>Nature's Sunshine Menstrual Reg equilibra los niveles hormonales durante la menstruaci\u00f3n para ayudar a aliviar los calambres, la hinchaz\u00f3n, y los cambios de humor moderados. Las partes a\u00e9reas del manto de la dama, las partes a\u00e9reas del monedero del pastor, la hoja de milenrama (la flor y las partes a\u00e9reas), la ra\u00edz de carrasca negra, las hojas de ortiga, la ra\u00edz de zarzaparrilla, el concentrado de fruta del \u00e1rbol casto, y la ra\u00edz del unicornio falso trabajan juntos para apoyar a los sistemas glandulares y reproductivos femeninos.<\/p>\n<p>N\u00daMERO DE INVENTARIO: 1125-3<\/p>","protected":false},"excerpt":{"rendered":"<p>100 c\u00e1psulas<\/p>","protected":false},"featured_media":2911513,"comment_status":"open","ping_status":"closed","template":"","meta":{"_acf_changed":false,"footnotes":""},"product_brand":[],"product_cat":[15,50,13812,15301,15688,15805,15868,16275,23],"product_tag":[],"class_list":{"0":"post-649","1":"product","2":"type-product","3":"status-publish","4":"has-post-thumbnail","6":"product_cat-herbs","7":"product_cat-pms","8":"product_cat-ingredient-chaste-tree","9":"product_cat-ingredient-nettle","10":"product_cat-ingredient-raspberry","11":"product_cat-ingredient-sarsaparilla","12":"product_cat-ingredient-shepherds-purse","13":"product_cat-ingredient-yarrow","14":"product_cat-womens-health","16":"first","17":"instock","18":"sale","19":"taxable","20":"shipping-taxable","21":"purchasable","22":"product-type-simple"},"group_of_quantity":0,"min_quantity":0,"max_quantity":12,"exclude_order_quantity_value_rules":"no","exclude_category_quantity_rules":"no","combine_variations":"no","acf":[],"_links":{"self":[{"href":"https:\/\/caringsunshine.com\/es\/wp-json\/wp\/v2\/product\/649","targetHints":{"allow":["GET"]}}],"collection":[{"href":"https:\/\/caringsunshine.com\/es\/wp-json\/wp\/v2\/product"}],"about":[{"href":"https:\/\/caringsunshine.com\/es\/wp-json\/wp\/v2\/types\/product"}],"replies":[{"embeddable":true,"href":"https:\/\/caringsunshine.com\/es\/wp-json\/wp\/v2\/comments?post=649"}],"version-history":[{"count":2,"href":"https:\/\/caringsunshine.com\/es\/wp-json\/wp\/v2\/product\/649\/revisions"}],"predecessor-version":[{"id":3556472,"href":"https:\/\/caringsunshine.com\/es\/wp-json\/wp\/v2\/product\/649\/revisions\/3556472"}],"wp:featuredmedia":[{"embeddable":true,"href":"https:\/\/caringsunshine.com\/es\/wp-json\/wp\/v2\/media\/2911513"}],"wp:attachment":[{"href":"https:\/\/caringsunshine.com\/es\/wp-json\/wp\/v2\/media?parent=649"}],"wp:term":[{"taxonomy":"product_brand","embeddable":true,"href":"https:\/\/caringsunshine.com\/es\/wp-json\/wp\/v2\/product_brand?post=649"},{"taxonomy":"product_cat","embeddable":true,"href":"https:\/\/caringsunshine.com\/es\/wp-json\/wp\/v2\/product_cat?post=649"},{"taxonomy":"product_tag","embeddable":true,"href":"https:\/\/caringsunshine.com\/es\/wp-json\/wp\/v2\/product_tag?post=649"}],"curies":[{"name":"wp","href":"https:\/\/api.w.org\/{rel}","templated":true}]}}