{"id":648,"date":"1999-12-31T16:00:00","date_gmt":"2000-01-01T00:00:00","guid":{"rendered":"http:\/\/caringsunshine.com\/supplements\/NaturesSunshine\/products\/cramp-relief.aspx"},"modified":"2026-05-16T01:51:30","modified_gmt":"2026-05-16T08:51:30","slug":"cramp-relief","status":"publish","type":"product","link":"https:\/\/caringsunshine.com\/es\/supplements\/NaturesSunshine\/products\/cramp-relief.aspx\/","title":{"rendered":"Alivio de calambres"},"content":{"rendered":"<p>Cramp Relief de Nature's Sunshine combina hierbas que alivian la contracci\u00f3n muscular y los calambres durante el ciclo menstrual. Con su mezcla \u00fanica de \u00f1ame silvestre, cohosh negro, corteza de calambre, partes a\u00e9reas de lobelia, y hojas de llant\u00e9n, Cramp Relief tambi\u00e9n ayuda a controlar otros s\u00edntomas menstruales, incluyendo los cambios de humor. Proporciona un apoyo general al sistema reproductor femenino.<\/p>\n<p>N\u00daMERO DE INVENTARIO: 1124-9<\/p>","protected":false},"excerpt":{"rendered":"<p>100 c\u00e1psulas<\/p>","protected":false},"featured_media":2879632,"comment_status":"open","ping_status":"closed","template":"","meta":{"_acf_changed":false,"footnotes":""},"product_brand":[],"product_cat":[50,13512,14347,15054,15543,16247,23],"product_tag":[],"class_list":{"0":"post-648","1":"product","2":"type-product","3":"status-publish","4":"has-post-thumbnail","6":"product_cat-pms","7":"product_cat-ingredient-black-cohosh","8":"product_cat-ingredient-feverfew","9":"product_cat-ingredient-lobelia","10":"product_cat-ingredient-plantain","11":"product_cat-ingredient-wild-yam","12":"product_cat-womens-health","14":"first","15":"instock","16":"sale","17":"taxable","18":"shipping-taxable","19":"purchasable","20":"product-type-simple"},"group_of_quantity":0,"min_quantity":0,"max_quantity":12,"exclude_order_quantity_value_rules":"no","exclude_category_quantity_rules":"no","combine_variations":"no","acf":[],"_links":{"self":[{"href":"https:\/\/caringsunshine.com\/es\/wp-json\/wp\/v2\/product\/648","targetHints":{"allow":["GET"]}}],"collection":[{"href":"https:\/\/caringsunshine.com\/es\/wp-json\/wp\/v2\/product"}],"about":[{"href":"https:\/\/caringsunshine.com\/es\/wp-json\/wp\/v2\/types\/product"}],"replies":[{"embeddable":true,"href":"https:\/\/caringsunshine.com\/es\/wp-json\/wp\/v2\/comments?post=648"}],"version-history":[{"count":1,"href":"https:\/\/caringsunshine.com\/es\/wp-json\/wp\/v2\/product\/648\/revisions"}],"predecessor-version":[{"id":3641138,"href":"https:\/\/caringsunshine.com\/es\/wp-json\/wp\/v2\/product\/648\/revisions\/3641138"}],"wp:featuredmedia":[{"embeddable":true,"href":"https:\/\/caringsunshine.com\/es\/wp-json\/wp\/v2\/media\/2879632"}],"wp:attachment":[{"href":"https:\/\/caringsunshine.com\/es\/wp-json\/wp\/v2\/media?parent=648"}],"wp:term":[{"taxonomy":"product_brand","embeddable":true,"href":"https:\/\/caringsunshine.com\/es\/wp-json\/wp\/v2\/product_brand?post=648"},{"taxonomy":"product_cat","embeddable":true,"href":"https:\/\/caringsunshine.com\/es\/wp-json\/wp\/v2\/product_cat?post=648"},{"taxonomy":"product_tag","embeddable":true,"href":"https:\/\/caringsunshine.com\/es\/wp-json\/wp\/v2\/product_tag?post=648"}],"curies":[{"name":"wp","href":"https:\/\/api.w.org\/{rel}","templated":true}]}}