{"id":647,"date":"1999-12-31T16:00:00","date_gmt":"2000-01-01T00:00:00","guid":{"rendered":"http:\/\/caringsunshine.com\/supplements\/NaturesSunshine\/products\/histablock.aspx"},"modified":"2026-04-18T05:16:46","modified_gmt":"2026-04-18T12:16:46","slug":"histablock","status":"publish","type":"product","link":"https:\/\/caringsunshine.com\/es\/supplements\/NaturesSunshine\/products\/histablock.aspx\/","title":{"rendered":"HistaBlock"},"content":{"rendered":"<p>Nature's Sunshine HistaBlock\u00ae nutre el sistema respiratorio y combate los irritantes y contaminantes para mantener la salud respiratoria. La f\u00f3rmula combina ortiga, quercetina, bromelina y c\u00e1scara de naranja inmadura (que contiene sinefrina). HistaBlock tambi\u00e9n tiene propiedades antioxidantes, ayuda a reducir la inflamaci\u00f3n de la membrana mucosa y abre las v\u00edas respiratorias para facilitar la respiraci\u00f3n.<\/p>\n<p>N\u00daMERO DE INVENTARIO: 776-1<\/p>","protected":false},"excerpt":{"rendered":"<p>90 c\u00e1psulas<\/p>","protected":false},"featured_media":2830770,"comment_status":"open","ping_status":"closed","template":"","meta":{"_acf_changed":false,"footnotes":""},"product_brand":[],"product_cat":[1,24,2,13602,15301,15355,15677,26337,74,91],"product_tag":[],"class_list":{"0":"post-647","1":"product","2":"type-product","3":"status-publish","4":"has-post-thumbnail","6":"product_cat-allergy-immune","7":"product_cat-allergies","8":"product_cat-antioxidants","9":"product_cat-ingredient-bromelain","10":"product_cat-ingredient-nettle","11":"product_cat-ingredient-orange","12":"product_cat-ingredient-quercetin","13":"product_cat-ingredient-silicon-dioxide","14":"product_cat-respiratory-support","15":"product_cat-respiratory","17":"first","18":"instock","19":"sale","20":"taxable","21":"shipping-taxable","22":"purchasable","23":"product-type-simple"},"group_of_quantity":0,"min_quantity":0,"max_quantity":12,"exclude_order_quantity_value_rules":"no","exclude_category_quantity_rules":"no","combine_variations":"no","acf":[],"_links":{"self":[{"href":"https:\/\/caringsunshine.com\/es\/wp-json\/wp\/v2\/product\/647","targetHints":{"allow":["GET"]}}],"collection":[{"href":"https:\/\/caringsunshine.com\/es\/wp-json\/wp\/v2\/product"}],"about":[{"href":"https:\/\/caringsunshine.com\/es\/wp-json\/wp\/v2\/types\/product"}],"replies":[{"embeddable":true,"href":"https:\/\/caringsunshine.com\/es\/wp-json\/wp\/v2\/comments?post=647"}],"version-history":[{"count":1,"href":"https:\/\/caringsunshine.com\/es\/wp-json\/wp\/v2\/product\/647\/revisions"}],"predecessor-version":[{"id":3370287,"href":"https:\/\/caringsunshine.com\/es\/wp-json\/wp\/v2\/product\/647\/revisions\/3370287"}],"wp:featuredmedia":[{"embeddable":true,"href":"https:\/\/caringsunshine.com\/es\/wp-json\/wp\/v2\/media\/2830770"}],"wp:attachment":[{"href":"https:\/\/caringsunshine.com\/es\/wp-json\/wp\/v2\/media?parent=647"}],"wp:term":[{"taxonomy":"product_brand","embeddable":true,"href":"https:\/\/caringsunshine.com\/es\/wp-json\/wp\/v2\/product_brand?post=647"},{"taxonomy":"product_cat","embeddable":true,"href":"https:\/\/caringsunshine.com\/es\/wp-json\/wp\/v2\/product_cat?post=647"},{"taxonomy":"product_tag","embeddable":true,"href":"https:\/\/caringsunshine.com\/es\/wp-json\/wp\/v2\/product_tag?post=647"}],"curies":[{"name":"wp","href":"https:\/\/api.w.org\/{rel}","templated":true}]}}