{"id":64,"date":"1999-12-31T16:00:00","date_gmt":"2000-01-01T00:00:00","guid":{"rendered":"http:\/\/caringsunshine.com\/supplements\/NaturesSunshine\/products\/psyllium-hulls.aspx"},"modified":"2026-04-16T12:47:03","modified_gmt":"2026-04-16T19:47:03","slug":"psyllium-hulls","status":"publish","type":"product","link":"https:\/\/caringsunshine.com\/es\/supplements\/NaturesSunshine\/products\/psyllium-hulls.aspx\/","title":{"rendered":"Cascos de psilio"},"content":{"rendered":"<p>Con un mayor nivel de fibra soluble que el salvado de avena, el psilio, tambi\u00e9n conocido como plantago, proporciona fibras esenciales para la dieta diaria. Las c\u00e1scaras de psilio ayudan a mantener los niveles ya normales de colesterol y a nutrir el coraz\u00f3n. Cada c\u00e1psula de Psyllium de Nature's Sunshine contiene 465 mg.<\/p>\n<p>Las personas con alergias o sensibilidades al psilio inhalado o ingerido deben tener cuidado al tomar esta hierba.<\/p>","protected":false},"excerpt":{"rendered":"<p>100 c\u00e1psulas<\/p>","protected":false},"featured_media":2887177,"comment_status":"open","ping_status":"closed","template":"","meta":{"_acf_changed":false,"footnotes":""},"product_brand":[],"product_cat":[15,8,42,14,9,15633,85],"product_tag":[3100],"class_list":{"0":"post-64","1":"product","2":"type-product","3":"status-publish","4":"has-post-thumbnail","6":"product_cat-herbs","7":"product_cat-cholesterol","8":"product_cat-daily-fiber","9":"product_cat-heart-health","10":"product_cat-digestive-health","11":"product_cat-ingredient-psyllium","12":"product_cat-digestive","13":"product_tag-non-gmo","15":"first","16":"instock","17":"sale","18":"taxable","19":"shipping-taxable","20":"purchasable","21":"product-type-simple"},"group_of_quantity":0,"min_quantity":0,"max_quantity":12,"exclude_order_quantity_value_rules":"no","exclude_category_quantity_rules":"no","combine_variations":"no","acf":[],"_links":{"self":[{"href":"https:\/\/caringsunshine.com\/es\/wp-json\/wp\/v2\/product\/64","targetHints":{"allow":["GET"]}}],"collection":[{"href":"https:\/\/caringsunshine.com\/es\/wp-json\/wp\/v2\/product"}],"about":[{"href":"https:\/\/caringsunshine.com\/es\/wp-json\/wp\/v2\/types\/product"}],"replies":[{"embeddable":true,"href":"https:\/\/caringsunshine.com\/es\/wp-json\/wp\/v2\/comments?post=64"}],"version-history":[{"count":1,"href":"https:\/\/caringsunshine.com\/es\/wp-json\/wp\/v2\/product\/64\/revisions"}],"predecessor-version":[{"id":3650633,"href":"https:\/\/caringsunshine.com\/es\/wp-json\/wp\/v2\/product\/64\/revisions\/3650633"}],"wp:featuredmedia":[{"embeddable":true,"href":"https:\/\/caringsunshine.com\/es\/wp-json\/wp\/v2\/media\/2887177"}],"wp:attachment":[{"href":"https:\/\/caringsunshine.com\/es\/wp-json\/wp\/v2\/media?parent=64"}],"wp:term":[{"taxonomy":"product_brand","embeddable":true,"href":"https:\/\/caringsunshine.com\/es\/wp-json\/wp\/v2\/product_brand?post=64"},{"taxonomy":"product_cat","embeddable":true,"href":"https:\/\/caringsunshine.com\/es\/wp-json\/wp\/v2\/product_cat?post=64"},{"taxonomy":"product_tag","embeddable":true,"href":"https:\/\/caringsunshine.com\/es\/wp-json\/wp\/v2\/product_tag?post=64"}],"curies":[{"name":"wp","href":"https:\/\/api.w.org\/{rel}","templated":true}]}}