{"id":603,"date":"1999-12-31T16:00:00","date_gmt":"2000-01-01T00:00:00","guid":{"rendered":"http:\/\/caringsunshine.com\/supplements\/NaturesSunshine\/products\/free-nature-sunshine-membership.aspx"},"modified":"2026-04-17T23:37:29","modified_gmt":"2026-04-18T06:37:29","slug":"free-nature-sunshine-membership","status":"publish","type":"product","link":"https:\/\/caringsunshine.com\/es\/supplements\/NaturesSunshine\/products\/free-nature-sunshine-membership.aspx\/","title":{"rendered":"Membres\u00eda gratuita de Nature Sunshine"},"content":{"rendered":"<p>La afiliaci\u00f3n a Nature's Sunshine te permite comprar productos directamente de Nature's Sunshine. Una vez que te inscribes, obtienes un n\u00famero de socio y puedes llamar a Nature's Sunshine directamente o hacer un pedido en su sitio web. La mayor\u00eda de la gente utiliza la membres\u00eda como una membres\u00eda de Costco. En otras palabras, hacen pedidos para su propia familia y quiz\u00e1s ocasionalmente para un amigo. Sin embargo, su membres\u00eda tambi\u00e9n le permite iniciar un negocio, vender a otras personas y registrarlas debajo de usted para ganar comisiones por sus compras.<\/p>\n<p>La afiliaci\u00f3n es gratuita con cualquier pedido. Si quiere aprovechar esta oferta, s\u00f3lo tiene que a\u00f1adir la afiliaci\u00f3n a su cesta de la compra y pasar por caja. Te enviaremos una identificaci\u00f3n de socio por correo electr\u00f3nico en unos d\u00edas y tambi\u00e9n recibir\u00e1s un kit de bienvenida por correo en dos semanas.<\/p>\n<p><strong>\u00bfQui\u00e9n se beneficia de la afiliaci\u00f3n?<\/strong><br \/>\nDado que nosotros (Caring Sunshine) ya vendemos los productos a precio de socio, tenemos un env\u00edo econ\u00f3mico y no cobramos el impuesto sobre las ventas, mucha gente no se beneficiar\u00eda de tener una membres\u00eda. Deber\u00edan simplemente pedirnos a nosotros. En general, igualamos los precios de los miembros de Nature's Sunshine e incluso sus rebajas. Sin embargo, si usted cumple con los criterios que se mencionan a continuaci\u00f3n, definitivamente debe inscribirse en la membres\u00eda gratuita.<\/p>\n<ul>\n<li>Es probable que pidas m\u00e1s de $500 a la vez. (Nature's Sunshine ofrece descuentos por volumen para compras superiores a $500).<\/li>\n<li>Tienes una tienda y quieres vender productos Nature's Sunshine en ella.<\/li>\n<li>Quieres ganar dinero extra refiriendo clientes a Nature's Sunshine.<\/li>\n<\/ul>\n<p><strong>\u00bfQui\u00e9n NO se beneficiar\u00eda de la afiliaci\u00f3n?<\/strong><br \/>\nSi cumple con los criterios que se indican a continuaci\u00f3n, omita la afiliaci\u00f3n.<\/p>\n<ul>\n<li>Haces pedidos m\u00e1s peque\u00f1os s\u00f3lo para ti.<\/li>\n<li>Vive en un estado en el que normalmente tiene que pagar el impuesto sobre las ventas. (Nosotros nunca cobramos el impuesto sobre las ventas).<\/li>\n<li>No quieres m\u00e1s desorden o complejidad en tu vida.<\/li>\n<\/ul>\n<p>Debemos decir que si solicitas una afiliaci\u00f3n, te daremos de alta con nosotros y ganaremos comisiones por tus compras. Por eso, realmente no tenemos segundas intenciones en empujarle hacia un lado u otro. Si quieres hablar de tu situaci\u00f3n, ponte en contacto con nosotros. Somos expertos en ayudarle a ahorrar dinero. Si usted est\u00e1 interesado en iniciar un negocio de Nature's Sunshine, cont\u00e1ctenos sobre eso tambi\u00e9n.<\/p>","protected":false},"excerpt":{"rendered":"<p>Gratis con cualquier compra<\/p>","protected":false},"featured_media":5390,"comment_status":"open","ping_status":"closed","template":"","meta":{"_acf_changed":false,"footnotes":""},"product_brand":[],"product_cat":[118],"product_tag":[],"class_list":{"0":"post-603","1":"product","2":"type-product","3":"status-publish","4":"has-post-thumbnail","6":"product_cat-uncategorized","8":"first","9":"instock","10":"taxable","11":"shipping-taxable","12":"purchasable","13":"product-type-simple"},"group_of_quantity":0,"min_quantity":0,"max_quantity":12,"exclude_order_quantity_value_rules":"no","exclude_category_quantity_rules":"no","combine_variations":"no","acf":[],"_links":{"self":[{"href":"https:\/\/caringsunshine.com\/es\/wp-json\/wp\/v2\/product\/603","targetHints":{"allow":["GET"]}}],"collection":[{"href":"https:\/\/caringsunshine.com\/es\/wp-json\/wp\/v2\/product"}],"about":[{"href":"https:\/\/caringsunshine.com\/es\/wp-json\/wp\/v2\/types\/product"}],"replies":[{"embeddable":true,"href":"https:\/\/caringsunshine.com\/es\/wp-json\/wp\/v2\/comments?post=603"}],"version-history":[{"count":1,"href":"https:\/\/caringsunshine.com\/es\/wp-json\/wp\/v2\/product\/603\/revisions"}],"predecessor-version":[{"id":2905011,"href":"https:\/\/caringsunshine.com\/es\/wp-json\/wp\/v2\/product\/603\/revisions\/2905011"}],"wp:featuredmedia":[{"embeddable":true,"href":"https:\/\/caringsunshine.com\/es\/wp-json\/wp\/v2\/media\/5390"}],"wp:attachment":[{"href":"https:\/\/caringsunshine.com\/es\/wp-json\/wp\/v2\/media?parent=603"}],"wp:term":[{"taxonomy":"product_brand","embeddable":true,"href":"https:\/\/caringsunshine.com\/es\/wp-json\/wp\/v2\/product_brand?post=603"},{"taxonomy":"product_cat","embeddable":true,"href":"https:\/\/caringsunshine.com\/es\/wp-json\/wp\/v2\/product_cat?post=603"},{"taxonomy":"product_tag","embeddable":true,"href":"https:\/\/caringsunshine.com\/es\/wp-json\/wp\/v2\/product_tag?post=603"}],"curies":[{"name":"wp","href":"https:\/\/api.w.org\/{rel}","templated":true}]}}