{"id":58,"date":"1999-12-31T16:00:00","date_gmt":"2000-01-01T00:00:00","guid":{"rendered":"http:\/\/caringsunshine.com\/supplements\/NaturesSunshine\/products\/olive-leaf-extract.aspx"},"modified":"2026-04-18T00:40:36","modified_gmt":"2026-04-18T07:40:36","slug":"olive-leaf-extract","status":"publish","type":"product","link":"https:\/\/caringsunshine.com\/es\/supplements\/NaturesSunshine\/products\/olive-leaf-extract.aspx\/","title":{"rendered":"Olive Leaf Extract"},"content":{"rendered":"<p>Olive Leaf Extract de Nature's Sunshine, estandarizado a un 12% de oleurope\u00edna, nutre el sistema circulatorio y ayuda al cuerpo a mantener los niveles ya normales de presi\u00f3n arterial. El extracto de hoja de olivo, que puede poseer propiedades antimicrobianas, tambi\u00e9n contribuye a la salud de las arterias protegi\u00e9ndolas contra el colesterol LDL, el colesterol malo. Cada c\u00e1psula contiene 420 mg de extracto de hoja de olivo.<\/p>","protected":false},"excerpt":{"rendered":"<p>60 c\u00e1psulas<\/p>","protected":false},"featured_media":2831156,"comment_status":"open","ping_status":"closed","template":"","meta":{"_acf_changed":false,"footnotes":""},"product_brand":[],"product_cat":[14,2,4,8,15,15342,84],"product_tag":[],"class_list":{"0":"post-58","1":"product","2":"type-product","3":"status-publish","4":"has-post-thumbnail","6":"product_cat-heart-health","7":"product_cat-antioxidants","8":"product_cat-blood-sugar","9":"product_cat-cholesterol","10":"product_cat-herbs","11":"product_cat-ingredient-olive","12":"product_cat-circulatory","14":"first","15":"instock","16":"sale","17":"taxable","18":"shipping-taxable","19":"purchasable","20":"product-type-simple"},"group_of_quantity":0,"min_quantity":0,"max_quantity":12,"exclude_order_quantity_value_rules":"no","exclude_category_quantity_rules":"no","combine_variations":"no","acf":[],"_links":{"self":[{"href":"https:\/\/caringsunshine.com\/es\/wp-json\/wp\/v2\/product\/58","targetHints":{"allow":["GET"]}}],"collection":[{"href":"https:\/\/caringsunshine.com\/es\/wp-json\/wp\/v2\/product"}],"about":[{"href":"https:\/\/caringsunshine.com\/es\/wp-json\/wp\/v2\/types\/product"}],"replies":[{"embeddable":true,"href":"https:\/\/caringsunshine.com\/es\/wp-json\/wp\/v2\/comments?post=58"}],"version-history":[{"count":1,"href":"https:\/\/caringsunshine.com\/es\/wp-json\/wp\/v2\/product\/58\/revisions"}],"predecessor-version":[{"id":3650541,"href":"https:\/\/caringsunshine.com\/es\/wp-json\/wp\/v2\/product\/58\/revisions\/3650541"}],"wp:featuredmedia":[{"embeddable":true,"href":"https:\/\/caringsunshine.com\/es\/wp-json\/wp\/v2\/media\/2831156"}],"wp:attachment":[{"href":"https:\/\/caringsunshine.com\/es\/wp-json\/wp\/v2\/media?parent=58"}],"wp:term":[{"taxonomy":"product_brand","embeddable":true,"href":"https:\/\/caringsunshine.com\/es\/wp-json\/wp\/v2\/product_brand?post=58"},{"taxonomy":"product_cat","embeddable":true,"href":"https:\/\/caringsunshine.com\/es\/wp-json\/wp\/v2\/product_cat?post=58"},{"taxonomy":"product_tag","embeddable":true,"href":"https:\/\/caringsunshine.com\/es\/wp-json\/wp\/v2\/product_tag?post=58"}],"curies":[{"name":"wp","href":"https:\/\/api.w.org\/{rel}","templated":true}]}}