{"id":54,"date":"1999-12-31T16:00:00","date_gmt":"2000-01-01T00:00:00","guid":{"rendered":"http:\/\/caringsunshine.com\/supplements\/NaturesSunshine\/products\/marshmallow.aspx"},"modified":"2026-04-18T00:53:43","modified_gmt":"2026-04-18T07:53:43","slug":"marshmallow","status":"publish","type":"product","link":"https:\/\/caringsunshine.com\/es\/supplements\/NaturesSunshine\/products\/marshmallow.aspx\/","title":{"rendered":"Malvavisco"},"content":{"rendered":"<p>Con un contenido alto de muc\u00edlago, el malvavisco tiene una historia rico como ayuda para el sistema respiratorio. Es conocido por su capacidad para aliviar las membranas mucosas inflamadas. Con un 25% a 30% de polisac\u00e1ridos (muc\u00edlago) y un 25% a 30% de almid\u00f3n, tambi\u00e9n es beneficioso para el tracto digestivo. Cada c\u00e1psula de malvavisco de Nature's Sunshine contiene 450 mg.<\/p>","protected":false},"excerpt":{"rendered":"<p>100 c\u00e1psulas<\/p>","protected":false},"featured_media":2835718,"comment_status":"open","ping_status":"closed","template":"","meta":{"_acf_changed":false,"footnotes":""},"product_brand":[],"product_cat":[15,15145,85,91,93],"product_tag":[3101,3100,148],"class_list":{"0":"post-54","1":"product","2":"type-product","3":"status-publish","4":"has-post-thumbnail","6":"product_cat-herbs","7":"product_cat-ingredient-marshmallow","8":"product_cat-digestive","9":"product_cat-respiratory","10":"product_cat-urinary","11":"product_tag-kosher","12":"product_tag-non-gmo","13":"product_tag-vegan","15":"first","16":"instock","17":"sale","18":"taxable","19":"shipping-taxable","20":"purchasable","21":"product-type-simple"},"group_of_quantity":0,"min_quantity":0,"max_quantity":12,"exclude_order_quantity_value_rules":"no","exclude_category_quantity_rules":"no","combine_variations":"no","acf":[],"_links":{"self":[{"href":"https:\/\/caringsunshine.com\/es\/wp-json\/wp\/v2\/product\/54","targetHints":{"allow":["GET"]}}],"collection":[{"href":"https:\/\/caringsunshine.com\/es\/wp-json\/wp\/v2\/product"}],"about":[{"href":"https:\/\/caringsunshine.com\/es\/wp-json\/wp\/v2\/types\/product"}],"replies":[{"embeddable":true,"href":"https:\/\/caringsunshine.com\/es\/wp-json\/wp\/v2\/comments?post=54"}],"version-history":[{"count":1,"href":"https:\/\/caringsunshine.com\/es\/wp-json\/wp\/v2\/product\/54\/revisions"}],"predecessor-version":[{"id":3643639,"href":"https:\/\/caringsunshine.com\/es\/wp-json\/wp\/v2\/product\/54\/revisions\/3643639"}],"wp:featuredmedia":[{"embeddable":true,"href":"https:\/\/caringsunshine.com\/es\/wp-json\/wp\/v2\/media\/2835718"}],"wp:attachment":[{"href":"https:\/\/caringsunshine.com\/es\/wp-json\/wp\/v2\/media?parent=54"}],"wp:term":[{"taxonomy":"product_brand","embeddable":true,"href":"https:\/\/caringsunshine.com\/es\/wp-json\/wp\/v2\/product_brand?post=54"},{"taxonomy":"product_cat","embeddable":true,"href":"https:\/\/caringsunshine.com\/es\/wp-json\/wp\/v2\/product_cat?post=54"},{"taxonomy":"product_tag","embeddable":true,"href":"https:\/\/caringsunshine.com\/es\/wp-json\/wp\/v2\/product_tag?post=54"}],"curies":[{"name":"wp","href":"https:\/\/api.w.org\/{rel}","templated":true}]}}