{"id":47,"date":"1999-12-31T16:00:00","date_gmt":"2000-01-01T00:00:00","guid":{"rendered":"http:\/\/caringsunshine.com\/supplements\/NaturesSunshine\/products\/hydrangea.aspx"},"modified":"2026-04-18T00:52:56","modified_gmt":"2026-04-18T07:52:56","slug":"hydrangea","status":"publish","type":"product","link":"https:\/\/caringsunshine.com\/es\/supplements\/NaturesSunshine\/products\/hydrangea.aspx\/","title":{"rendered":"Hortensia"},"content":{"rendered":"<p>La hermosa hortensia es buena para algo m\u00e1s que para el espect\u00e1culo. La tribu cherokee la utiliz\u00f3 por primera vez para favorecer la salud de los ri\u00f1ones y la introdujo a los primeros colonos americanos, que la utilizaban con fines similares. Con su sabor amargo y sus propiedades disolventes, la hortensia nutre el sistema urinario y proporciona al cuerpo nutrientes clave como el silicio, los flavonoides, las resinas y las saponinas. Cada c\u00e1psula de Nature's Sunshine contiene 325 mg de ra\u00edz de hortensia.<\/p>","protected":false},"excerpt":{"rendered":"<p>100 c\u00e1psulas<\/p>","protected":false},"featured_media":2885144,"comment_status":"open","ping_status":"closed","template":"","meta":{"_acf_changed":false,"footnotes":""},"product_brand":[],"product_cat":[15,14727,93],"product_tag":[3105,3102,3101,3100,148],"class_list":{"0":"post-47","1":"product","2":"type-product","3":"status-publish","4":"has-post-thumbnail","6":"product_cat-herbs","7":"product_cat-ingredient-hydrangea","8":"product_cat-urinary","9":"product_tag-gluten-free","10":"product_tag-halal","11":"product_tag-kosher","12":"product_tag-non-gmo","13":"product_tag-vegan","15":"first","16":"instock","17":"sale","18":"taxable","19":"shipping-taxable","20":"purchasable","21":"product-type-simple"},"group_of_quantity":0,"min_quantity":0,"max_quantity":12,"exclude_order_quantity_value_rules":"no","exclude_category_quantity_rules":"no","combine_variations":"no","acf":[],"_links":{"self":[{"href":"https:\/\/caringsunshine.com\/es\/wp-json\/wp\/v2\/product\/47","targetHints":{"allow":["GET"]}}],"collection":[{"href":"https:\/\/caringsunshine.com\/es\/wp-json\/wp\/v2\/product"}],"about":[{"href":"https:\/\/caringsunshine.com\/es\/wp-json\/wp\/v2\/types\/product"}],"replies":[{"embeddable":true,"href":"https:\/\/caringsunshine.com\/es\/wp-json\/wp\/v2\/comments?post=47"}],"version-history":[{"count":1,"href":"https:\/\/caringsunshine.com\/es\/wp-json\/wp\/v2\/product\/47\/revisions"}],"predecessor-version":[{"id":3641872,"href":"https:\/\/caringsunshine.com\/es\/wp-json\/wp\/v2\/product\/47\/revisions\/3641872"}],"wp:featuredmedia":[{"embeddable":true,"href":"https:\/\/caringsunshine.com\/es\/wp-json\/wp\/v2\/media\/2885144"}],"wp:attachment":[{"href":"https:\/\/caringsunshine.com\/es\/wp-json\/wp\/v2\/media?parent=47"}],"wp:term":[{"taxonomy":"product_brand","embeddable":true,"href":"https:\/\/caringsunshine.com\/es\/wp-json\/wp\/v2\/product_brand?post=47"},{"taxonomy":"product_cat","embeddable":true,"href":"https:\/\/caringsunshine.com\/es\/wp-json\/wp\/v2\/product_cat?post=47"},{"taxonomy":"product_tag","embeddable":true,"href":"https:\/\/caringsunshine.com\/es\/wp-json\/wp\/v2\/product_tag?post=47"}],"curies":[{"name":"wp","href":"https:\/\/api.w.org\/{rel}","templated":true}]}}