{"id":4682,"date":"2015-04-14T10:25:17","date_gmt":"2015-04-14T17:25:17","guid":{"rendered":"http:\/\/www.caringsunshine.com\/supplements\/NaturesSunshine\/products\/tei-fu-soothing-blend.aspx"},"modified":"2026-04-30T10:05:48","modified_gmt":"2026-04-30T17:05:48","slug":"tei-fu-soothing-blend","status":"publish","type":"product","link":"https:\/\/caringsunshine.com\/es\/supplements\/NaturesSunshine\/products\/tei-fu-soothing-blend.aspx\/","title":{"rendered":"Mezcla calmante Tei-Fu"},"content":{"rendered":"<p>El aceite esencial Tei-Fu\u00ae Soothing Blend de Nature's Sunshine contiene aceites de mentol, alcanfor, gaulteria, eucalipto, lavanda, y clavo. Tei-Fu fomenta la relajaci\u00f3n y ayuda a calmar y refrescar. Diluirlo con el aceite portador o de masaje de Nature's Sunshine, y aplicarlo t\u00f3picamente en los m\u00fasculos despu\u00e9s del ejercicio o cuando sea necesario. Tei-Fu tambi\u00e9n puede combinarse con Nature's Sunshine Golden Salve para hacer un b\u00e1lsamo calmante.<\/p>","protected":false},"excerpt":{"rendered":"<p>15 ml<\/p>","protected":false},"featured_media":3262050,"comment_status":"open","ping_status":"closed","template":"","meta":{"_acf_changed":false,"footnotes":""},"product_brand":[],"product_cat":[12,16,13674,13908,14297,14985,15167,16252,53,118],"product_tag":[],"class_list":{"0":"post-4682","1":"product","2":"type-product","3":"status-publish","4":"has-post-thumbnail","6":"product_cat-essential-oils","7":"product_cat-joints-bones","8":"product_cat-ingredient-camphor-oil","9":"product_cat-ingredient-clove","10":"product_cat-ingredient-eucalyptus","11":"product_cat-ingredient-lavender","12":"product_cat-ingredient-menthol-oil","13":"product_cat-ingredient-wintergreen","14":"product_cat-stress-relaxation","15":"product_cat-uncategorized","17":"first","18":"instock","19":"sale","20":"taxable","21":"shipping-taxable","22":"purchasable","23":"product-type-simple"},"group_of_quantity":0,"min_quantity":0,"max_quantity":12,"exclude_order_quantity_value_rules":"no","exclude_category_quantity_rules":"no","combine_variations":"no","acf":[],"_links":{"self":[{"href":"https:\/\/caringsunshine.com\/es\/wp-json\/wp\/v2\/product\/4682","targetHints":{"allow":["GET"]}}],"collection":[{"href":"https:\/\/caringsunshine.com\/es\/wp-json\/wp\/v2\/product"}],"about":[{"href":"https:\/\/caringsunshine.com\/es\/wp-json\/wp\/v2\/types\/product"}],"replies":[{"embeddable":true,"href":"https:\/\/caringsunshine.com\/es\/wp-json\/wp\/v2\/comments?post=4682"}],"version-history":[{"count":1,"href":"https:\/\/caringsunshine.com\/es\/wp-json\/wp\/v2\/product\/4682\/revisions"}],"predecessor-version":[{"id":3597272,"href":"https:\/\/caringsunshine.com\/es\/wp-json\/wp\/v2\/product\/4682\/revisions\/3597272"}],"wp:featuredmedia":[{"embeddable":true,"href":"https:\/\/caringsunshine.com\/es\/wp-json\/wp\/v2\/media\/3262050"}],"wp:attachment":[{"href":"https:\/\/caringsunshine.com\/es\/wp-json\/wp\/v2\/media?parent=4682"}],"wp:term":[{"taxonomy":"product_brand","embeddable":true,"href":"https:\/\/caringsunshine.com\/es\/wp-json\/wp\/v2\/product_brand?post=4682"},{"taxonomy":"product_cat","embeddable":true,"href":"https:\/\/caringsunshine.com\/es\/wp-json\/wp\/v2\/product_cat?post=4682"},{"taxonomy":"product_tag","embeddable":true,"href":"https:\/\/caringsunshine.com\/es\/wp-json\/wp\/v2\/product_tag?post=4682"}],"curies":[{"name":"wp","href":"https:\/\/api.w.org\/{rel}","templated":true}]}}