{"id":468,"date":"1999-12-31T16:00:00","date_gmt":"2000-01-01T00:00:00","guid":{"rendered":"http:\/\/caringsunshine.com\/supplements\/NaturesSunshine\/products\/tei-fu-essential-oils.aspx"},"modified":"2026-04-07T12:41:33","modified_gmt":"2026-04-07T19:41:33","slug":"tei-fu-essential-oils","status":"publish","type":"product","link":"https:\/\/caringsunshine.com\/es\/supplements\/NaturesSunshine\/products\/tei-fu-essential-oils.aspx\/","title":{"rendered":"Aceites esenciales Tei-Fu"},"content":{"rendered":"<p>El aceite esencial Tei Fu, desarrollado por un herbolario chino de una receta transmitida por generaciones de su familia, promueve el buen humor y estimula el sistema respiratorio. Nature's Sunshine contin\u00faa la antigua tradici\u00f3n familiar china de combinar aceite de c\u00e1rtamo, aceite de gaulter, mentol, alcanfor, clavo, eucalipto, y aceites esenciales de lavanda en este aceite refrescante y vigorizante. Debe evitar el contacto con los ojos, la nariz, u otras zonas sensibles.<\/p>\n<p>N\u00daMERO DE INVENTARIO: 1618-7<\/p>","protected":false},"excerpt":{"rendered":"<p>0.17 fl oz<\/p>","protected":false},"featured_media":3368018,"comment_status":"open","ping_status":"closed","template":"","meta":{"_acf_changed":false,"footnotes":""},"product_brand":[],"product_cat":[12,29,13674,14297,15167,15775,16252,53,73,91],"product_tag":[],"class_list":{"0":"post-468","1":"product","2":"type-product","3":"status-publish","4":"has-post-thumbnail","6":"product_cat-essential-oils","7":"product_cat-colon-cleansing","8":"product_cat-ingredient-camphor-oil","9":"product_cat-ingredient-eucalyptus","10":"product_cat-ingredient-menthol-oil","11":"product_cat-ingredient-safflower-oil","12":"product_cat-ingredient-wintergreen","13":"product_cat-stress-relaxation","14":"product_cat-mood","15":"product_cat-respiratory","17":"first","18":"instock","19":"sale","20":"featured","21":"taxable","22":"shipping-taxable","23":"purchasable","24":"product-type-simple"},"group_of_quantity":0,"min_quantity":0,"max_quantity":12,"exclude_order_quantity_value_rules":"no","exclude_category_quantity_rules":"no","combine_variations":"no","acf":[],"_links":{"self":[{"href":"https:\/\/caringsunshine.com\/es\/wp-json\/wp\/v2\/product\/468","targetHints":{"allow":["GET"]}}],"collection":[{"href":"https:\/\/caringsunshine.com\/es\/wp-json\/wp\/v2\/product"}],"about":[{"href":"https:\/\/caringsunshine.com\/es\/wp-json\/wp\/v2\/types\/product"}],"replies":[{"embeddable":true,"href":"https:\/\/caringsunshine.com\/es\/wp-json\/wp\/v2\/comments?post=468"}],"version-history":[{"count":1,"href":"https:\/\/caringsunshine.com\/es\/wp-json\/wp\/v2\/product\/468\/revisions"}],"predecessor-version":[{"id":3356015,"href":"https:\/\/caringsunshine.com\/es\/wp-json\/wp\/v2\/product\/468\/revisions\/3356015"}],"wp:featuredmedia":[{"embeddable":true,"href":"https:\/\/caringsunshine.com\/es\/wp-json\/wp\/v2\/media\/3368018"}],"wp:attachment":[{"href":"https:\/\/caringsunshine.com\/es\/wp-json\/wp\/v2\/media?parent=468"}],"wp:term":[{"taxonomy":"product_brand","embeddable":true,"href":"https:\/\/caringsunshine.com\/es\/wp-json\/wp\/v2\/product_brand?post=468"},{"taxonomy":"product_cat","embeddable":true,"href":"https:\/\/caringsunshine.com\/es\/wp-json\/wp\/v2\/product_cat?post=468"},{"taxonomy":"product_tag","embeddable":true,"href":"https:\/\/caringsunshine.com\/es\/wp-json\/wp\/v2\/product_tag?post=468"}],"curies":[{"name":"wp","href":"https:\/\/api.w.org\/{rel}","templated":true}]}}