{"id":4632,"date":"2015-04-14T09:05:42","date_gmt":"2015-04-14T16:05:42","guid":{"rendered":"http:\/\/www.caringsunshine.com\/supplements\/NaturesSunshine\/products\/-1.aspx"},"modified":"2026-04-17T09:27:25","modified_gmt":"2026-04-17T16:27:25","slug":"berberine-ir","status":"publish","type":"product","link":"https:\/\/caringsunshine.com\/es\/supplements\/NaturesSunshine\/products\/berberine-ir.aspx\/","title":{"rendered":"Berberine IR"},"content":{"rendered":"<p class=\"catch-phrase ng-star-inserted\">Activa el interruptor para \"amar la vida\". La berberina cambia las c\u00e9lulas de \"inactivas\" a \"activadas\", para que utilicen la glucosa de forma m\u00e1s eficiente y lleven tu bienestar a un nivel completamente nuevo.<\/p>\n<div class=\"ng-star-inserted\">\n<p><em>Apoyo al metabolismo de la glucosa<\/em>\u00a0La berberina contribuye de forma natural a mantener niveles saludables de glucosa en sangre mediante la regulaci\u00f3n de las enzimas que activan el metabolismo de la glucosa en sangre. Utilizando un ingrediente de larga tradici\u00f3n que se encuentra tanto en las f\u00f3rmulas tradicionales chinas como en las ayurv\u00e9dicas, la berberina contribuye al equilibrio del az\u00facar en sangre y al metabolismo de la glucosa mediante una acci\u00f3n celular \u00fanica. La berberina, un componente de ciertas plantas, ayuda a activar una enzima clave que contribuye al metabolismo de la glucosa en sangre, haciendo que las c\u00e9lulas pasen de estar \"inactivas\" a estar \"activas\" y ayud\u00e1ndolas a utilizar la glucosa de forma eficaz. Adem\u00e1s, la berberina favorece el funcionamiento saludable del intestino para ayudar a combatir las endotoxinas. Las dietas altas en carbohidratos cambian la microflora del intestino, aumentando las bacterias que producen endotoxinas. Estas endotoxinas se liberan en el torrente sangu\u00edneo e interfieren en el metabolismo normal de la glucosa. La berberina favorece espec\u00edficamente la salud intestinal al inhibir la capacidad de las endotoxinas para unirse a las c\u00e9lulas musculares, contribuyendo as\u00ed a la correcta funci\u00f3n del metabolismo de la glucosa. Su mecanismo de acci\u00f3n \u00fanico hace de la berberina una excelente opci\u00f3n para quienes desean iniciar o reforzar su r\u00e9gimen de control de la glucosa. Apoye la capacidad de su cuerpo para metabolizar la glucosa en sangre con Berberina.<\/p>\n<\/div>\n<div class=\"ng-star-inserted\">\n<h3>\u00bfPOR QU\u00c9 NUESTRA BERBERINA?<\/h3>\n<p>Las monta\u00f1as del Himalaya ofrecen una rica biodiversidad, con una gran variedad de plantas naturales.\u00a0<em>Berberis<\/em><em>\u00a0aristata<\/em>\u00a0florece en esta regi\u00f3n y en las colinas adyacentes. Se ha descubierto que el contenido y la actividad de la berberina de la ra\u00edz dependen de la altitud a la que crece la planta y del contenido del suelo: prospera en un entorno rico en potasio.<\/p>\n<p>Nuestra relaci\u00f3n con nuestro proveedor de berberina se remonta a m\u00e1s de 15 a\u00f1os. Incluye la participaci\u00f3n activa con la comunidad de agricultores y artesanos silvestres, y una auditor\u00eda personal de sus instalaciones de procesamiento. Nuestra berberina est\u00e1 verificada como no modificada gen\u00e9ticamente y tiene certificaci\u00f3n Kosher y Halal.<\/p>\n<\/div>\n<div class=\"ng-star-inserted\">\n<h3>LA HISTORIA DE LA BERBERINA<\/h3>\n<p>Berberina. Berberis aristata es una planta medicinal india de la familia de las berberid\u00e1ceas. Este arbusto ayurv\u00e9dico fue utilizado antiguamente por muchas culturas. Los egipcios utilizaban el fruto del agracejo como apoyo inmunol\u00f3gico. En la India, utilizaban el fruto del agracejo para ayudar a equilibrar los niveles de l\u00edquido en el intestino. Los rusos utilizaban el agracejo para problemas circulatorios. Y en Ir\u00e1n lo empleaban por su capacidad para asentar y calmar los sistemas circulatorio y nervioso. Otros nombres de esta especie son berberi indio, c\u00farcuma arb\u00f3rea, baya de la ictericia, daruharidra y darvi. Originaria de las monta\u00f1as de la India y Nepal, actualmente crece en climas templados de Europa, Asia y Am\u00e9rica.<\/p>\n<\/div>","protected":false},"excerpt":{"rendered":"<p>90 c\u00e1psulas<\/p>","protected":false},"featured_media":2830813,"comment_status":"open","ping_status":"closed","template":"","meta":{"_acf_changed":false,"footnotes":""},"product_brand":[],"product_cat":[4,13440,26337,84,82],"product_tag":[3102,3101,3100],"class_list":{"0":"post-4632","1":"product","2":"type-product","3":"status-publish","4":"has-post-thumbnail","6":"product_cat-blood-sugar","7":"product_cat-ingredient-berberine","8":"product_cat-ingredient-silicon-dioxide","9":"product_cat-circulatory","10":"product_cat-ayurvedic-herbs","11":"product_tag-halal","12":"product_tag-kosher","13":"product_tag-non-gmo","15":"first","16":"instock","17":"sale","18":"taxable","19":"shipping-taxable","20":"purchasable","21":"product-type-simple"},"group_of_quantity":0,"min_quantity":0,"max_quantity":12,"exclude_order_quantity_value_rules":"no","exclude_category_quantity_rules":"no","combine_variations":"no","acf":[],"_links":{"self":[{"href":"https:\/\/caringsunshine.com\/es\/wp-json\/wp\/v2\/product\/4632","targetHints":{"allow":["GET"]}}],"collection":[{"href":"https:\/\/caringsunshine.com\/es\/wp-json\/wp\/v2\/product"}],"about":[{"href":"https:\/\/caringsunshine.com\/es\/wp-json\/wp\/v2\/types\/product"}],"replies":[{"embeddable":true,"href":"https:\/\/caringsunshine.com\/es\/wp-json\/wp\/v2\/comments?post=4632"}],"version-history":[{"count":2,"href":"https:\/\/caringsunshine.com\/es\/wp-json\/wp\/v2\/product\/4632\/revisions"}],"predecessor-version":[{"id":3328433,"href":"https:\/\/caringsunshine.com\/es\/wp-json\/wp\/v2\/product\/4632\/revisions\/3328433"}],"wp:featuredmedia":[{"embeddable":true,"href":"https:\/\/caringsunshine.com\/es\/wp-json\/wp\/v2\/media\/2830813"}],"wp:attachment":[{"href":"https:\/\/caringsunshine.com\/es\/wp-json\/wp\/v2\/media?parent=4632"}],"wp:term":[{"taxonomy":"product_brand","embeddable":true,"href":"https:\/\/caringsunshine.com\/es\/wp-json\/wp\/v2\/product_brand?post=4632"},{"taxonomy":"product_cat","embeddable":true,"href":"https:\/\/caringsunshine.com\/es\/wp-json\/wp\/v2\/product_cat?post=4632"},{"taxonomy":"product_tag","embeddable":true,"href":"https:\/\/caringsunshine.com\/es\/wp-json\/wp\/v2\/product_tag?post=4632"}],"curies":[{"name":"wp","href":"https:\/\/api.w.org\/{rel}","templated":true}]}}