{"id":4612,"date":"2015-04-07T12:29:52","date_gmt":"2015-04-07T19:29:52","guid":{"rendered":"http:\/\/www.caringsunshine.com\/supplements\/NaturesSunshine\/products\/-1.aspx"},"modified":"2026-04-18T00:33:51","modified_gmt":"2026-04-18T07:33:51","slug":"silver-shield-rescue-gel","status":"publish","type":"product","link":"https:\/\/caringsunshine.com\/es\/supplements\/NaturesSunshine\/products\/silver-shield-rescue-gel.aspx\/","title":{"rendered":"Silver Shield Rescue Gel (DISCONTINUADO)"},"content":{"rendered":"<p>El Gel de Rescate Silver Shield de Nature's Sunshine apoya el cuidado saludable de las heridas. Este hidrogel a base de agua frena el crecimiento de microorganismos y funciona bien como tratamiento t\u00f3pico para cortes menores, abrasiones, laceraciones, irritaciones, y quemaduras de primer o segundo grado. Probado y comprobado para ayudar a reducir los microorganismos y hongos comunes en las heridas, ayuda a inhibir el crecimiento de Staphylococcus aureus, Pseudomonas aeruginosa, Escherichia coli, MRSA, Candida albicans, y Aspergillus niger.<\/p>\n<p>Nature's Sunshine utiliza un proceso patentado para fabricar Silver Shield Rescue Gel utilizando la tecnolog\u00eda Bioavailable Aqua Sol. Este producto contiene 24 ppm de la plata m\u00e1s fina en part\u00edculas.<\/p>","protected":false},"excerpt":{"rendered":"<p>1 onza<\/p>","protected":false},"featured_media":2887493,"comment_status":"open","ping_status":"closed","template":"","meta":{"_acf_changed":false,"footnotes":""},"product_brand":[],"product_cat":[118],"product_tag":[],"class_list":{"0":"post-4612","1":"product","2":"type-product","3":"status-publish","4":"has-post-thumbnail","6":"product_cat-uncategorized","8":"first","9":"outofstock","10":"sale","11":"taxable","12":"shipping-taxable","13":"purchasable","14":"product-type-simple"},"group_of_quantity":0,"min_quantity":0,"max_quantity":12,"exclude_order_quantity_value_rules":"no","exclude_category_quantity_rules":"no","combine_variations":"no","acf":[],"_links":{"self":[{"href":"https:\/\/caringsunshine.com\/es\/wp-json\/wp\/v2\/product\/4612","targetHints":{"allow":["GET"]}}],"collection":[{"href":"https:\/\/caringsunshine.com\/es\/wp-json\/wp\/v2\/product"}],"about":[{"href":"https:\/\/caringsunshine.com\/es\/wp-json\/wp\/v2\/types\/product"}],"replies":[{"embeddable":true,"href":"https:\/\/caringsunshine.com\/es\/wp-json\/wp\/v2\/comments?post=4612"}],"version-history":[{"count":3,"href":"https:\/\/caringsunshine.com\/es\/wp-json\/wp\/v2\/product\/4612\/revisions"}],"predecessor-version":[{"id":3364954,"href":"https:\/\/caringsunshine.com\/es\/wp-json\/wp\/v2\/product\/4612\/revisions\/3364954"}],"wp:featuredmedia":[{"embeddable":true,"href":"https:\/\/caringsunshine.com\/es\/wp-json\/wp\/v2\/media\/2887493"}],"wp:attachment":[{"href":"https:\/\/caringsunshine.com\/es\/wp-json\/wp\/v2\/media?parent=4612"}],"wp:term":[{"taxonomy":"product_brand","embeddable":true,"href":"https:\/\/caringsunshine.com\/es\/wp-json\/wp\/v2\/product_brand?post=4612"},{"taxonomy":"product_cat","embeddable":true,"href":"https:\/\/caringsunshine.com\/es\/wp-json\/wp\/v2\/product_cat?post=4612"},{"taxonomy":"product_tag","embeddable":true,"href":"https:\/\/caringsunshine.com\/es\/wp-json\/wp\/v2\/product_tag?post=4612"}],"curies":[{"name":"wp","href":"https:\/\/api.w.org\/{rel}","templated":true}]}}