{"id":4606,"date":"2015-04-07T12:20:52","date_gmt":"2015-04-07T19:20:52","guid":{"rendered":"http:\/\/www.caringsunshine.com\/supplements\/NaturesSunshine\/products\/-1.aspx"},"modified":"2026-04-21T00:59:34","modified_gmt":"2026-04-21T07:59:34","slug":"silver-shield-aqua-sol","status":"publish","type":"product","link":"https:\/\/caringsunshine.com\/es\/supplements\/NaturesSunshine\/products\/silver-shield-aqua-sol.aspx\/","title":{"rendered":"Escudo de plata (con Aqua Sol)"},"content":{"rendered":"<p>Silver Shield con tecnolog\u00eda Aqua Sol de Nature's Sunshine proporciona los beneficios de apoyo inmunol\u00f3gico de las part\u00edculas de plata pura. La f\u00f3rmula no es t\u00f3xica, y no hay riesgo de contaminaci\u00f3n por las metales al tomar este producto. Silver Shield suspende las part\u00edculas de plata en agua pura mediante procesos patentados que se someten a un control de calidad estricto. Las part\u00edculas de plata de tama\u00f1o nanom\u00e9trico pasan por los ri\u00f1ones y el colon y pueden no afectar a las poblaciones de bacterias beneficiosas del colon. Cada porci\u00f3n de Silver Shield con tecnolog\u00eda Aqua Sol suministra al cuerpo 100 mcg de plata pura.<\/p>","protected":false},"excerpt":{"rendered":"<p>4 onzas<\/p>","protected":false},"featured_media":3650697,"comment_status":"open","ping_status":"closed","template":"","meta":{"_acf_changed":false,"footnotes":""},"product_brand":[],"product_cat":[2,29,15,1,35,27,15649,118,82],"product_tag":[],"class_list":{"0":"post-4606","1":"product","2":"type-product","3":"status-publish","4":"has-post-thumbnail","6":"product_cat-antioxidants","7":"product_cat-colon-cleansing","8":"product_cat-herbs","9":"product_cat-allergy-immune","10":"product_cat-minerals","11":"product_cat-probiotics","12":"product_cat-ingredient-purified-silver","13":"product_cat-uncategorized","14":"product_cat-ayurvedic-herbs","16":"first","17":"instock","18":"sale","19":"taxable","20":"shipping-taxable","21":"purchasable","22":"product-type-simple"},"group_of_quantity":0,"min_quantity":0,"max_quantity":12,"exclude_order_quantity_value_rules":"no","exclude_category_quantity_rules":"no","combine_variations":"no","acf":[],"_links":{"self":[{"href":"https:\/\/caringsunshine.com\/es\/wp-json\/wp\/v2\/product\/4606","targetHints":{"allow":["GET"]}}],"collection":[{"href":"https:\/\/caringsunshine.com\/es\/wp-json\/wp\/v2\/product"}],"about":[{"href":"https:\/\/caringsunshine.com\/es\/wp-json\/wp\/v2\/types\/product"}],"replies":[{"embeddable":true,"href":"https:\/\/caringsunshine.com\/es\/wp-json\/wp\/v2\/comments?post=4606"}],"version-history":[{"count":2,"href":"https:\/\/caringsunshine.com\/es\/wp-json\/wp\/v2\/product\/4606\/revisions"}],"predecessor-version":[{"id":3360792,"href":"https:\/\/caringsunshine.com\/es\/wp-json\/wp\/v2\/product\/4606\/revisions\/3360792"}],"wp:featuredmedia":[{"embeddable":true,"href":"https:\/\/caringsunshine.com\/es\/wp-json\/wp\/v2\/media\/3650697"}],"wp:attachment":[{"href":"https:\/\/caringsunshine.com\/es\/wp-json\/wp\/v2\/media?parent=4606"}],"wp:term":[{"taxonomy":"product_brand","embeddable":true,"href":"https:\/\/caringsunshine.com\/es\/wp-json\/wp\/v2\/product_brand?post=4606"},{"taxonomy":"product_cat","embeddable":true,"href":"https:\/\/caringsunshine.com\/es\/wp-json\/wp\/v2\/product_cat?post=4606"},{"taxonomy":"product_tag","embeddable":true,"href":"https:\/\/caringsunshine.com\/es\/wp-json\/wp\/v2\/product_tag?post=4606"}],"curies":[{"name":"wp","href":"https:\/\/api.w.org\/{rel}","templated":true}]}}