{"id":442,"date":"1999-12-31T16:00:00","date_gmt":"2000-01-01T00:00:00","guid":{"rendered":"http:\/\/caringsunshine.com\/supplements\/NaturesSunshine\/products\/chlorophyll-capsules.aspx"},"modified":"2026-04-24T00:46:05","modified_gmt":"2026-04-24T07:46:05","slug":"chlorophyll-capsules","status":"publish","type":"product","link":"https:\/\/caringsunshine.com\/es\/supplements\/NaturesSunshine\/products\/chlorophyll-capsules.aspx\/","title":{"rendered":"Clorofila"},"content":{"rendered":"<p>La clorofila de Nature's Sunshine refuerza el sistema inmunitario, limpia la sangre, y act\u00faa como desodorante. Esta sustancia qu\u00edmica convierte los rayos del sol en energ\u00eda para las plantas y es qu\u00edmicamente similar a la sangre humana. La clorofila de Nature's Sunshine se extrae de la planta de alfalfa y se presenta en forma l\u00edquido y de c\u00e1psulas.<\/p>\n<p>N\u00daMERO DE INVENTARIO: 1690-7<\/p>","protected":false},"excerpt":{"rendered":"<p>60 c\u00e1psulas<\/p>","protected":false},"featured_media":2879348,"comment_status":"open","ping_status":"closed","template":"","meta":{"_acf_changed":false,"footnotes":""},"product_brand":[],"product_cat":[9,4,29,1,17,13856,85],"product_tag":[],"class_list":{"0":"post-442","1":"product","2":"type-product","3":"status-publish","4":"has-post-thumbnail","6":"product_cat-digestive-health","7":"product_cat-blood-sugar","8":"product_cat-colon-cleansing","9":"product_cat-allergy-immune","10":"product_cat-liquid-products","11":"product_cat-ingredient-choline","12":"product_cat-digestive","14":"first","15":"instock","16":"sale","17":"taxable","18":"shipping-taxable","19":"purchasable","20":"product-type-simple"},"group_of_quantity":0,"min_quantity":0,"max_quantity":12,"exclude_order_quantity_value_rules":"no","exclude_category_quantity_rules":"no","combine_variations":"no","acf":[],"_links":{"self":[{"href":"https:\/\/caringsunshine.com\/es\/wp-json\/wp\/v2\/product\/442","targetHints":{"allow":["GET"]}}],"collection":[{"href":"https:\/\/caringsunshine.com\/es\/wp-json\/wp\/v2\/product"}],"about":[{"href":"https:\/\/caringsunshine.com\/es\/wp-json\/wp\/v2\/types\/product"}],"replies":[{"embeddable":true,"href":"https:\/\/caringsunshine.com\/es\/wp-json\/wp\/v2\/comments?post=442"}],"version-history":[{"count":1,"href":"https:\/\/caringsunshine.com\/es\/wp-json\/wp\/v2\/product\/442\/revisions"}],"predecessor-version":[{"id":3641040,"href":"https:\/\/caringsunshine.com\/es\/wp-json\/wp\/v2\/product\/442\/revisions\/3641040"}],"wp:featuredmedia":[{"embeddable":true,"href":"https:\/\/caringsunshine.com\/es\/wp-json\/wp\/v2\/media\/2879348"}],"wp:attachment":[{"href":"https:\/\/caringsunshine.com\/es\/wp-json\/wp\/v2\/media?parent=442"}],"wp:term":[{"taxonomy":"product_brand","embeddable":true,"href":"https:\/\/caringsunshine.com\/es\/wp-json\/wp\/v2\/product_brand?post=442"},{"taxonomy":"product_cat","embeddable":true,"href":"https:\/\/caringsunshine.com\/es\/wp-json\/wp\/v2\/product_cat?post=442"},{"taxonomy":"product_tag","embeddable":true,"href":"https:\/\/caringsunshine.com\/es\/wp-json\/wp\/v2\/product_tag?post=442"}],"curies":[{"name":"wp","href":"https:\/\/api.w.org\/{rel}","templated":true}]}}