{"id":440,"date":"1999-12-31T16:00:00","date_gmt":"2000-01-01T00:00:00","guid":{"rendered":"http:\/\/caringsunshine.com\/supplements\/NaturesSunshine\/products\/chlorophyll-liquid-16.aspx"},"modified":"2026-04-24T02:36:38","modified_gmt":"2026-04-24T09:36:38","slug":"chlorophyll-liquid-16","status":"publish","type":"product","link":"https:\/\/caringsunshine.com\/es\/supplements\/NaturesSunshine\/products\/chlorophyll-liquid-16.aspx\/","title":{"rendered":"Clorofila l\u00edquida"},"content":{"rendered":"<p>Nature's Sunshine utiliza los poderes de la clorofila en su f\u00f3rmula de clorofila l\u00edquida. La clorofila nutre la vida de las plantas al convertir los rayos del sol en energ\u00eda a trav\u00e9s de la fotos\u00edntesis, pero tambi\u00e9n nutre la vida humana al apoyar los procesos naturales de limpieza de la sangre. Tambi\u00e9n puede fomentar una respuesta saludable del sistema inmunitario, y act\u00faa como desodorante natural.<\/p>\n<p>N\u00daMERO DE INVENTARIO: 1683-7<\/p>","protected":false},"excerpt":{"rendered":"<p>16 onzas<\/p>","protected":false},"featured_media":2885320,"comment_status":"open","ping_status":"closed","template":"","meta":{"_acf_changed":false,"footnotes":""},"product_brand":[],"product_cat":[9,2,3,4,29,10,15,1,17,51,13849,71,85],"product_tag":[],"class_list":{"0":"post-440","1":"product","2":"type-product","3":"status-publish","4":"has-post-thumbnail","6":"product_cat-digestive-health","7":"product_cat-antioxidants","8":"product_cat-beauty-skin-care","9":"product_cat-blood-sugar","10":"product_cat-colon-cleansing","11":"product_cat-energy","12":"product_cat-herbs","13":"product_cat-allergy-immune","14":"product_cat-liquid-products","15":"product_cat-natural-home-cleaners","16":"product_cat-ingredient-chlorophyll","17":"product_cat-cellular","18":"product_cat-digestive","20":"first","21":"instock","22":"sale","23":"featured","24":"taxable","25":"shipping-taxable","26":"purchasable","27":"product-type-simple"},"group_of_quantity":0,"min_quantity":0,"max_quantity":12,"exclude_order_quantity_value_rules":"no","exclude_category_quantity_rules":"no","combine_variations":"no","acf":[],"_links":{"self":[{"href":"https:\/\/caringsunshine.com\/es\/wp-json\/wp\/v2\/product\/440","targetHints":{"allow":["GET"]}}],"collection":[{"href":"https:\/\/caringsunshine.com\/es\/wp-json\/wp\/v2\/product"}],"about":[{"href":"https:\/\/caringsunshine.com\/es\/wp-json\/wp\/v2\/types\/product"}],"replies":[{"embeddable":true,"href":"https:\/\/caringsunshine.com\/es\/wp-json\/wp\/v2\/comments?post=440"}],"version-history":[{"count":2,"href":"https:\/\/caringsunshine.com\/es\/wp-json\/wp\/v2\/product\/440\/revisions"}],"predecessor-version":[{"id":3360815,"href":"https:\/\/caringsunshine.com\/es\/wp-json\/wp\/v2\/product\/440\/revisions\/3360815"}],"wp:featuredmedia":[{"embeddable":true,"href":"https:\/\/caringsunshine.com\/es\/wp-json\/wp\/v2\/media\/2885320"}],"wp:attachment":[{"href":"https:\/\/caringsunshine.com\/es\/wp-json\/wp\/v2\/media?parent=440"}],"wp:term":[{"taxonomy":"product_brand","embeddable":true,"href":"https:\/\/caringsunshine.com\/es\/wp-json\/wp\/v2\/product_brand?post=440"},{"taxonomy":"product_cat","embeddable":true,"href":"https:\/\/caringsunshine.com\/es\/wp-json\/wp\/v2\/product_cat?post=440"},{"taxonomy":"product_tag","embeddable":true,"href":"https:\/\/caringsunshine.com\/es\/wp-json\/wp\/v2\/product_tag?post=440"}],"curies":[{"name":"wp","href":"https:\/\/api.w.org\/{rel}","templated":true}]}}