{"id":438,"date":"1999-12-31T16:00:00","date_gmt":"2000-01-01T00:00:00","guid":{"rendered":"http:\/\/caringsunshine.com\/supplements\/NaturesSunshine\/products\/aloe-vera-whole-leaf.aspx"},"modified":"2026-04-18T01:06:00","modified_gmt":"2026-04-18T08:06:00","slug":"aloe-vera-whole-leaf","status":"publish","type":"product","link":"https:\/\/caringsunshine.com\/es\/supplements\/NaturesSunshine\/products\/aloe-vera-whole-leaf.aspx\/","title":{"rendered":"Jugo de Aloe Vera (hoja entera)"},"content":{"rendered":"<p>El Jugo de Hoja Entera de Aloe Vera de Nature's Sunshine es un tesoro de nutrientes, como las vitaminas B1, B2, B6, C, niacina-mida, colina, y 18 amino\u00e1cidos. Nature's Sunshine procesa la hoja de aloe vera de una manera diferente a las empresas que procesan sus formulas de forma excesiva.  Ellos dicen que su aloe vera tiene un sabor agradable, pero sus f\u00f3rmulas de aloe vera s\u00f3lo contienen entre un 10 y un 15 por ciento de aloe vera. NSP elimina la hoja exterior que contiene el limpiador intenso, la alo\u00edna, y recoge el l\u00edquido 100 por ciento puro que fluye del gel de la hoja interior. Nature's Sunshine elimina s\u00f3lo los componentes de limpieza intensa, dejando un alto nivel de mucopolisac\u00e1ridos (7.000 mg por litro). Whole Leaf Aloe Vera de Nature's Sunshine contiene una peque\u00f1a cantidad de benzoato de sodio, como conservante, para evitar la contaminaci\u00f3n bacteriana. Whole Leaf Aloe Vera puede tomarse internamente con jugo o agua o puede usarse externamente para poder tonificar o hidratar la piel.<\/p>","protected":false},"excerpt":{"rendered":"<p>32 fl oz<\/p>","protected":false},"featured_media":2911227,"comment_status":"open","ping_status":"closed","template":"","meta":{"_acf_changed":false,"footnotes":""},"product_brand":[],"product_cat":[9,17,13188,13889],"product_tag":[3100,146],"class_list":{"0":"post-438","1":"product","2":"type-product","3":"status-publish","4":"has-post-thumbnail","6":"product_cat-digestive-health","7":"product_cat-liquid-products","8":"product_cat-ingredient-aloe-vera","9":"product_cat-ingredient-citric-acid","10":"product_tag-non-gmo","11":"product_tag-organic","13":"first","14":"instock","15":"sale","16":"taxable","17":"shipping-taxable","18":"purchasable","19":"product-type-simple"},"group_of_quantity":0,"min_quantity":0,"max_quantity":12,"exclude_order_quantity_value_rules":"no","exclude_category_quantity_rules":"no","combine_variations":"no","acf":[],"_links":{"self":[{"href":"https:\/\/caringsunshine.com\/es\/wp-json\/wp\/v2\/product\/438","targetHints":{"allow":["GET"]}}],"collection":[{"href":"https:\/\/caringsunshine.com\/es\/wp-json\/wp\/v2\/product"}],"about":[{"href":"https:\/\/caringsunshine.com\/es\/wp-json\/wp\/v2\/types\/product"}],"replies":[{"embeddable":true,"href":"https:\/\/caringsunshine.com\/es\/wp-json\/wp\/v2\/comments?post=438"}],"version-history":[{"count":1,"href":"https:\/\/caringsunshine.com\/es\/wp-json\/wp\/v2\/product\/438\/revisions"}],"predecessor-version":[{"id":3651173,"href":"https:\/\/caringsunshine.com\/es\/wp-json\/wp\/v2\/product\/438\/revisions\/3651173"}],"wp:featuredmedia":[{"embeddable":true,"href":"https:\/\/caringsunshine.com\/es\/wp-json\/wp\/v2\/media\/2911227"}],"wp:attachment":[{"href":"https:\/\/caringsunshine.com\/es\/wp-json\/wp\/v2\/media?parent=438"}],"wp:term":[{"taxonomy":"product_brand","embeddable":true,"href":"https:\/\/caringsunshine.com\/es\/wp-json\/wp\/v2\/product_brand?post=438"},{"taxonomy":"product_cat","embeddable":true,"href":"https:\/\/caringsunshine.com\/es\/wp-json\/wp\/v2\/product_cat?post=438"},{"taxonomy":"product_tag","embeddable":true,"href":"https:\/\/caringsunshine.com\/es\/wp-json\/wp\/v2\/product_tag?post=438"}],"curies":[{"name":"wp","href":"https:\/\/api.w.org\/{rel}","templated":true}]}}