{"id":437,"date":"1999-12-31T16:00:00","date_gmt":"2000-01-01T00:00:00","guid":{"rendered":"http:\/\/caringsunshine.com\/supplements\/NaturesSunshine\/products\/aloe-vera-juice.aspx"},"modified":"2026-04-18T01:11:58","modified_gmt":"2026-04-18T08:11:58","slug":"aloe-vera-juice","status":"publish","type":"product","link":"https:\/\/caringsunshine.com\/es\/supplements\/NaturesSunshine\/products\/aloe-vera-juice.aspx\/","title":{"rendered":"Zumo de Aloe Vera"},"content":{"rendered":"<p>El Jugo de Aloe Vera de Nature's Sunshine est\u00e1 repleto de nutrientes, como las vitaminas B1, B2, B6, C, niacina-mida, colina, y 18 amino\u00e1cidos. Nature's Sunshine procesa la hoja de aloe vera de una manera diferente a las empresas que procesan sus formulas de forma excesiva. Ellos dicen que su aloe vera tiene un sabor agradable, pero sus f\u00f3rmulas de aloe vera s\u00f3lo contienen entre un 10 y un 15 por ciento de aloe vera. NSP recoge el l\u00edquido 100 por ciento puro que fluye del gel que se encuentra en la hoja de aloe vera despu\u00e9s de quitar la parte verde exterior que contiene la alo\u00edna. El jugo de aloe vera de Nature's Sunshine contiene una peque\u00f1a cantidad de benzoato de sodio, como conservante, para evitar la contaminaci\u00f3n bacteriana. Este suplemento puede tomarse internamente con agua o jugo o puede utilizarse externamente para poder tonificar o hidratar la piel.<\/p>","protected":false},"excerpt":{"rendered":"<p>32 fl oz<\/p>","protected":false},"featured_media":2911232,"comment_status":"open","ping_status":"closed","template":"","meta":{"_acf_changed":false,"footnotes":""},"product_brand":[],"product_cat":[15,3,41,9,13188,13889,21,85],"product_tag":[],"class_list":{"0":"post-437","1":"product","2":"type-product","3":"status-publish","4":"has-post-thumbnail","6":"product_cat-herbs","7":"product_cat-beauty-skin-care","8":"product_cat-liquid-herbs","9":"product_cat-digestive-health","10":"product_cat-ingredient-aloe-vera","11":"product_cat-ingredient-citric-acid","12":"product_cat-vitamins-minerals","13":"product_cat-digestive","15":"first","16":"instock","17":"sale","18":"taxable","19":"shipping-taxable","20":"purchasable","21":"product-type-simple"},"group_of_quantity":0,"min_quantity":0,"max_quantity":12,"exclude_order_quantity_value_rules":"no","exclude_category_quantity_rules":"no","combine_variations":"no","acf":[],"_links":{"self":[{"href":"https:\/\/caringsunshine.com\/es\/wp-json\/wp\/v2\/product\/437","targetHints":{"allow":["GET"]}}],"collection":[{"href":"https:\/\/caringsunshine.com\/es\/wp-json\/wp\/v2\/product"}],"about":[{"href":"https:\/\/caringsunshine.com\/es\/wp-json\/wp\/v2\/types\/product"}],"replies":[{"embeddable":true,"href":"https:\/\/caringsunshine.com\/es\/wp-json\/wp\/v2\/comments?post=437"}],"version-history":[{"count":2,"href":"https:\/\/caringsunshine.com\/es\/wp-json\/wp\/v2\/product\/437\/revisions"}],"predecessor-version":[{"id":3366668,"href":"https:\/\/caringsunshine.com\/es\/wp-json\/wp\/v2\/product\/437\/revisions\/3366668"}],"wp:featuredmedia":[{"embeddable":true,"href":"https:\/\/caringsunshine.com\/es\/wp-json\/wp\/v2\/media\/2911232"}],"wp:attachment":[{"href":"https:\/\/caringsunshine.com\/es\/wp-json\/wp\/v2\/media?parent=437"}],"wp:term":[{"taxonomy":"product_brand","embeddable":true,"href":"https:\/\/caringsunshine.com\/es\/wp-json\/wp\/v2\/product_brand?post=437"},{"taxonomy":"product_cat","embeddable":true,"href":"https:\/\/caringsunshine.com\/es\/wp-json\/wp\/v2\/product_cat?post=437"},{"taxonomy":"product_tag","embeddable":true,"href":"https:\/\/caringsunshine.com\/es\/wp-json\/wp\/v2\/product_tag?post=437"}],"curies":[{"name":"wp","href":"https:\/\/api.w.org\/{rel}","templated":true}]}}