{"id":42,"date":"1999-12-31T16:00:00","date_gmt":"2000-01-01T00:00:00","guid":{"rendered":"http:\/\/caringsunshine.com\/supplements\/NaturesSunshine\/products\/green-tea-extract.aspx"},"modified":"2026-05-16T07:37:03","modified_gmt":"2026-05-16T14:37:03","slug":"green-tea-extract","status":"publish","type":"product","link":"https:\/\/caringsunshine.com\/es\/supplements\/NaturesSunshine\/products\/green-tea-extract.aspx\/","title":{"rendered":"T\u00e9 verde (extracto)"},"content":{"rendered":"<p>El extracto de t\u00e9 verde, repleto de antioxidantes 200 veces mejores que la vitamina E para eliminar los radicales libres del organismo, es una poderosa herramienta para proteger los l\u00edpidos del cerebro y los tejidos del cuerpo de posibles agresores. Adem\u00e1s, el t\u00e9 verde nutre otros sistemas corporales como el sistema inmunitario y la funci\u00f3n renal, al tiempo que favorece la capacidad del organismo para coagular la sangre y mantener niveles normales de colesterol. Cada c\u00e1psula de Nature's Sunshine contiene 400 mg de extracto estandarizado de t\u00e9 verde compuesto por 80% polifenoles, 60% catequinas y 30% EGCT.<\/p>","protected":false},"excerpt":{"rendered":"<p>60 c\u00e1psulas<\/p>","protected":false},"featured_media":2911481,"comment_status":"open","ping_status":"closed","template":"","meta":{"_acf_changed":false,"footnotes":""},"product_brand":[],"product_cat":[2,8,84,15,1,14618,26337],"product_tag":[],"class_list":{"0":"post-42","1":"product","2":"type-product","3":"status-publish","4":"has-post-thumbnail","6":"product_cat-antioxidants","7":"product_cat-cholesterol","8":"product_cat-circulatory","9":"product_cat-herbs","10":"product_cat-allergy-immune","11":"product_cat-ingredient-green-tea","12":"product_cat-ingredient-silicon-dioxide","14":"first","15":"instock","16":"sale","17":"taxable","18":"shipping-taxable","19":"purchasable","20":"product-type-simple"},"group_of_quantity":0,"min_quantity":0,"max_quantity":12,"exclude_order_quantity_value_rules":"no","exclude_category_quantity_rules":"no","combine_variations":"no","acf":[],"_links":{"self":[{"href":"https:\/\/caringsunshine.com\/es\/wp-json\/wp\/v2\/product\/42","targetHints":{"allow":["GET"]}}],"collection":[{"href":"https:\/\/caringsunshine.com\/es\/wp-json\/wp\/v2\/product"}],"about":[{"href":"https:\/\/caringsunshine.com\/es\/wp-json\/wp\/v2\/types\/product"}],"replies":[{"embeddable":true,"href":"https:\/\/caringsunshine.com\/es\/wp-json\/wp\/v2\/comments?post=42"}],"version-history":[{"count":1,"href":"https:\/\/caringsunshine.com\/es\/wp-json\/wp\/v2\/product\/42\/revisions"}],"predecessor-version":[{"id":3618670,"href":"https:\/\/caringsunshine.com\/es\/wp-json\/wp\/v2\/product\/42\/revisions\/3618670"}],"wp:featuredmedia":[{"embeddable":true,"href":"https:\/\/caringsunshine.com\/es\/wp-json\/wp\/v2\/media\/2911481"}],"wp:attachment":[{"href":"https:\/\/caringsunshine.com\/es\/wp-json\/wp\/v2\/media?parent=42"}],"wp:term":[{"taxonomy":"product_brand","embeddable":true,"href":"https:\/\/caringsunshine.com\/es\/wp-json\/wp\/v2\/product_brand?post=42"},{"taxonomy":"product_cat","embeddable":true,"href":"https:\/\/caringsunshine.com\/es\/wp-json\/wp\/v2\/product_cat?post=42"},{"taxonomy":"product_tag","embeddable":true,"href":"https:\/\/caringsunshine.com\/es\/wp-json\/wp\/v2\/product_tag?post=42"}],"curies":[{"name":"wp","href":"https:\/\/api.w.org\/{rel}","templated":true}]}}