{"id":390,"date":"1999-12-31T16:00:00","date_gmt":"2000-01-01T00:00:00","guid":{"rendered":"http:\/\/caringsunshine.com\/supplements\/NaturesSunshine\/products\/free-amino-acids.aspx"},"modified":"2026-04-18T00:31:02","modified_gmt":"2026-04-18T07:31:02","slug":"free-amino-acids","status":"publish","type":"product","link":"https:\/\/caringsunshine.com\/es\/supplements\/NaturesSunshine\/products\/free-amino-acids.aspx\/","title":{"rendered":"Amino\u00e1cidos libres"},"content":{"rendered":"<p>Nature's Sunshine Free Amino Acids with Magnesium &amp; l-Carnitine es un suplemento dise\u00f1ado para ayudar a quienes realizan actividades que ponen al l\u00edmite la fuerza y la resistencia del cuerpo. Para que el cuerpo se recupere adecuadamente, el cuerpo necesita veinte tipos de amino\u00e1cidos para producir prote\u00ednas, que ayudan a la reparaci\u00f3n muscular. Nature's Sunshine Free Amino Acids proporciona los ocho amino\u00e1cidos esenciales que el cuerpo no crea y que deben obtenerse a trav\u00e9s de la dieta. Estos ocho amino\u00e1cidos esenciales (EAA) est\u00e1n estructurados para cumplir con la eficiencia del patr\u00f3n establecido por la Organizaci\u00f3n de las Naciones Unidas para la Agricultura y la Alimentaci\u00f3n\/Organizaci\u00f3n Mundial de la Salud (FAO\/OMS). Este suplemento tambi\u00e9n proporciona l-Carnitina, que ayuda a transportar los \u00e1cidos grasos para obtener energ\u00eda, y Magnesio para ayudar a la metabolizaci\u00f3n de los amino\u00e1cidos. Nature's Sunshine Free Amino Acids with Magnesium &amp; l-Carnitine es esencial para apoyar la recuperaci\u00f3n de cualquier tipo de rutina de entrenamiento.<\/p>\n<p>N\u00daMERO DE STOCK: 3664-6<\/p>","protected":false},"excerpt":{"rendered":"<p>60 comprimidos<\/p>","protected":false},"featured_media":2883846,"comment_status":"open","ping_status":"closed","template":"","meta":{"_acf_changed":false,"footnotes":""},"product_brand":[],"product_cat":[10,13341,14893,14897,14900,14903,14904,14905,14906,14907,14908,14909,14911,14912,14913,14916,14917,14918,14919,15101,26337,16237,19],"product_tag":[],"class_list":{"0":"post-390","1":"product","2":"type-product","3":"status-publish","4":"has-post-thumbnail","6":"product_cat-energy","7":"product_cat-ingredient-aspartic-acid","8":"product_cat-ingredient-l-alanine","9":"product_cat-ingredient-l-carnitine","10":"product_cat-ingredient-l-cysteine","11":"product_cat-ingredient-l-glutathione","12":"product_cat-ingredient-l-glycine","13":"product_cat-ingredient-l-histidine","14":"product_cat-ingredient-l-isoleucine","15":"product_cat-ingredient-l-leucine","16":"product_cat-ingredient-l-lysine","17":"product_cat-ingredient-l-methionine","18":"product_cat-ingredient-l-phenylalanine","19":"product_cat-ingredient-l-proline","20":"product_cat-ingredient-l-serine","21":"product_cat-ingredient-l-threonine","22":"product_cat-ingredient-l-tryptophan","23":"product_cat-ingredient-l-tyrosine","24":"product_cat-ingredient-l-valine","25":"product_cat-ingredient-magnesium","26":"product_cat-ingredient-silicon-dioxide","27":"product_cat-ingredient-whey-protein","28":"product_cat-sports-nutrition","30":"first","31":"onbackorder","32":"taxable","33":"shipping-taxable","34":"purchasable","35":"product-type-simple"},"group_of_quantity":0,"min_quantity":0,"max_quantity":12,"exclude_order_quantity_value_rules":"no","exclude_category_quantity_rules":"no","combine_variations":"no","acf":[],"_links":{"self":[{"href":"https:\/\/caringsunshine.com\/es\/wp-json\/wp\/v2\/product\/390","targetHints":{"allow":["GET"]}}],"collection":[{"href":"https:\/\/caringsunshine.com\/es\/wp-json\/wp\/v2\/product"}],"about":[{"href":"https:\/\/caringsunshine.com\/es\/wp-json\/wp\/v2\/types\/product"}],"replies":[{"embeddable":true,"href":"https:\/\/caringsunshine.com\/es\/wp-json\/wp\/v2\/comments?post=390"}],"version-history":[{"count":0,"href":"https:\/\/caringsunshine.com\/es\/wp-json\/wp\/v2\/product\/390\/revisions"}],"wp:featuredmedia":[{"embeddable":true,"href":"https:\/\/caringsunshine.com\/es\/wp-json\/wp\/v2\/media\/2883846"}],"wp:attachment":[{"href":"https:\/\/caringsunshine.com\/es\/wp-json\/wp\/v2\/media?parent=390"}],"wp:term":[{"taxonomy":"product_brand","embeddable":true,"href":"https:\/\/caringsunshine.com\/es\/wp-json\/wp\/v2\/product_brand?post=390"},{"taxonomy":"product_cat","embeddable":true,"href":"https:\/\/caringsunshine.com\/es\/wp-json\/wp\/v2\/product_cat?post=390"},{"taxonomy":"product_tag","embeddable":true,"href":"https:\/\/caringsunshine.com\/es\/wp-json\/wp\/v2\/product_tag?post=390"}],"curies":[{"name":"wp","href":"https:\/\/api.w.org\/{rel}","templated":true}]}}