{"id":389,"date":"1999-12-31T16:00:00","date_gmt":"2000-01-01T00:00:00","guid":{"rendered":"http:\/\/caringsunshine.com\/supplements\/NaturesSunshine\/products\/l-lysine.aspx"},"modified":"2026-04-16T14:41:37","modified_gmt":"2026-04-16T21:41:37","slug":"l-lysine","status":"publish","type":"product","link":"https:\/\/caringsunshine.com\/es\/supplements\/NaturesSunshine\/products\/l-lysine.aspx\/","title":{"rendered":"l-Lisina"},"content":{"rendered":"<p>La l-lisina de Nature's Sunshine ayuda a los sistemas circulatorio e inmunol\u00f3gico del cuerpo. La l-lisina, un amino\u00e1cido esencial, puede ayudar a fortalecer la circulaci\u00f3n sangu\u00ednea, a equilibrar los niveles \u00e1cidos y alcalinos del cuerpo y a ayudar al sistema inmunol\u00f3gico a crear anticuerpos. La l-lisina tambi\u00e9n puede ayudar a la absorci\u00f3n del calcio. La l-lisina de Nature's Sunshine se presenta en c\u00e1psulas de 500 mg.<\/p>\n<p>N\u00daMERO DE INVENTARIO: 1631-4<\/p>","protected":false},"excerpt":{"rendered":"<p>100 c\u00e1psulas<\/p>","protected":false},"featured_media":2885299,"comment_status":"open","ping_status":"closed","template":"","meta":{"_acf_changed":false,"footnotes":""},"product_brand":[],"product_cat":[1,14908,26337,19,21,84],"product_tag":[3102,3101,3100,148,3103],"class_list":{"0":"post-389","1":"product","2":"type-product","3":"status-publish","4":"has-post-thumbnail","6":"product_cat-allergy-immune","7":"product_cat-ingredient-l-lysine","8":"product_cat-ingredient-silicon-dioxide","9":"product_cat-sports-nutrition","10":"product_cat-vitamins-minerals","11":"product_cat-circulatory","12":"product_tag-halal","13":"product_tag-kosher","14":"product_tag-non-gmo","15":"product_tag-vegan","16":"product_tag-vegetarian","18":"first","19":"instock","20":"sale","21":"taxable","22":"shipping-taxable","23":"purchasable","24":"product-type-simple"},"group_of_quantity":0,"min_quantity":0,"max_quantity":12,"exclude_order_quantity_value_rules":"no","exclude_category_quantity_rules":"no","combine_variations":"no","acf":[],"_links":{"self":[{"href":"https:\/\/caringsunshine.com\/es\/wp-json\/wp\/v2\/product\/389","targetHints":{"allow":["GET"]}}],"collection":[{"href":"https:\/\/caringsunshine.com\/es\/wp-json\/wp\/v2\/product"}],"about":[{"href":"https:\/\/caringsunshine.com\/es\/wp-json\/wp\/v2\/types\/product"}],"replies":[{"embeddable":true,"href":"https:\/\/caringsunshine.com\/es\/wp-json\/wp\/v2\/comments?post=389"}],"version-history":[{"count":1,"href":"https:\/\/caringsunshine.com\/es\/wp-json\/wp\/v2\/product\/389\/revisions"}],"predecessor-version":[{"id":3643527,"href":"https:\/\/caringsunshine.com\/es\/wp-json\/wp\/v2\/product\/389\/revisions\/3643527"}],"wp:featuredmedia":[{"embeddable":true,"href":"https:\/\/caringsunshine.com\/es\/wp-json\/wp\/v2\/media\/2885299"}],"wp:attachment":[{"href":"https:\/\/caringsunshine.com\/es\/wp-json\/wp\/v2\/media?parent=389"}],"wp:term":[{"taxonomy":"product_brand","embeddable":true,"href":"https:\/\/caringsunshine.com\/es\/wp-json\/wp\/v2\/product_brand?post=389"},{"taxonomy":"product_cat","embeddable":true,"href":"https:\/\/caringsunshine.com\/es\/wp-json\/wp\/v2\/product_cat?post=389"},{"taxonomy":"product_tag","embeddable":true,"href":"https:\/\/caringsunshine.com\/es\/wp-json\/wp\/v2\/product_tag?post=389"}],"curies":[{"name":"wp","href":"https:\/\/api.w.org\/{rel}","templated":true}]}}