{"id":38826,"date":"2018-02-08T10:41:48","date_gmt":"2018-02-08T15:41:48","guid":{"rendered":"https:\/\/caringsunshine.com\/?post_type=product&#038;p=38826"},"modified":"2024-12-03T06:30:53","modified_gmt":"2024-12-03T14:30:53","slug":"lavender-organic","status":"publish","type":"product","link":"https:\/\/caringsunshine.com\/es\/supplements\/NaturesSunshine\/products\/lavender-organic.aspx\/","title":{"rendered":"Lavanda (ecol\u00f3gica)"},"content":{"rendered":"<h4><strong>Beneficios:<\/strong><\/h4>\n<ul>\n<li>Se utiliza mucho para calmar y relajar<\/li>\n<li>Favorece el sue\u00f1o cuando se difunde en una habitaci\u00f3n<\/li>\n<li>Ayuda a hidratar la piel<\/li>\n<li>Certificado ecol\u00f3gico<\/li>\n<\/ul>\n<h4><strong>C\u00f3mo funciona:<\/strong><\/h4>\n<p>Tranquila y radiante - Considerada por su fragancia relajante y apacible, la lavanda es muy adecuada para muchas aplicaciones cotidianas. Aunque hace tiempo que se valora por sus propiedades calmantes, no subestimes la utilidad de este fen\u00f3meno floral.<\/p>\n<h4><strong>Ingredientes:<\/strong><\/h4>\n<p>100% Aceite puro de flores de Lavandula angustifolia de cultivo ecol\u00f3gico. Certificado ecol\u00f3gico por Ecocert.<\/p>\n<h4><strong>Uso recomendado:<\/strong><\/h4>\n<p>Los aceites esenciales pueden ser usados de forma arom\u00e1tica o t\u00f3pica en una variedad de formas que incluyen difusores, masajes, compresas, ba\u00f1os, exfoliantes, lociones, y sprays. Los aceites esenciales deben diluirse con el aceite de masaje (Massage Oil) o el aceite portador (Carrier Oil) de Nature's Sunshine antes de aplicarlos t\u00f3picamente.<\/p>","protected":false},"excerpt":{"rendered":"<p>5 ml<\/p>","protected":false},"featured_media":38827,"comment_status":"open","ping_status":"closed","template":"","meta":{"_acf_changed":false,"footnotes":""},"product_brand":[],"product_cat":[118],"product_tag":[],"class_list":{"0":"post-38826","1":"product","2":"type-product","3":"status-publish","4":"has-post-thumbnail","6":"product_cat-uncategorized","8":"first","9":"instock","10":"sale","11":"taxable","12":"shipping-taxable","13":"purchasable","14":"product-type-simple"},"group_of_quantity":0,"min_quantity":0,"max_quantity":12,"exclude_order_quantity_value_rules":"no","exclude_category_quantity_rules":"no","combine_variations":"no","acf":[],"_links":{"self":[{"href":"https:\/\/caringsunshine.com\/es\/wp-json\/wp\/v2\/product\/38826","targetHints":{"allow":["GET"]}}],"collection":[{"href":"https:\/\/caringsunshine.com\/es\/wp-json\/wp\/v2\/product"}],"about":[{"href":"https:\/\/caringsunshine.com\/es\/wp-json\/wp\/v2\/types\/product"}],"replies":[{"embeddable":true,"href":"https:\/\/caringsunshine.com\/es\/wp-json\/wp\/v2\/comments?post=38826"}],"version-history":[{"count":0,"href":"https:\/\/caringsunshine.com\/es\/wp-json\/wp\/v2\/product\/38826\/revisions"}],"wp:featuredmedia":[{"embeddable":true,"href":"https:\/\/caringsunshine.com\/es\/wp-json\/wp\/v2\/media\/38827"}],"wp:attachment":[{"href":"https:\/\/caringsunshine.com\/es\/wp-json\/wp\/v2\/media?parent=38826"}],"wp:term":[{"taxonomy":"product_brand","embeddable":true,"href":"https:\/\/caringsunshine.com\/es\/wp-json\/wp\/v2\/product_brand?post=38826"},{"taxonomy":"product_cat","embeddable":true,"href":"https:\/\/caringsunshine.com\/es\/wp-json\/wp\/v2\/product_cat?post=38826"},{"taxonomy":"product_tag","embeddable":true,"href":"https:\/\/caringsunshine.com\/es\/wp-json\/wp\/v2\/product_tag?post=38826"}],"curies":[{"name":"wp","href":"https:\/\/api.w.org\/{rel}","templated":true}]}}